{"id":765798,"date":"2025-08-28T11:51:59","date_gmt":"2025-08-28T08:51:59","guid":{"rendered":"https:\/\/roveyayinevi.com.tr\/index.php\/urun\/inonu-hukumetlerinin-kibris-politikasi\/"},"modified":"2026-04-15T03:31:36","modified_gmt":"2026-04-15T00:31:36","slug":"inonu-hukumetlerinin-kibris-politikasi","status":"publish","type":"product","link":"https:\/\/roveyayinevi.com.tr\/index.php\/urun\/inonu-hukumetlerinin-kibris-politikasi\/","title":{"rendered":"\u0130n\u00f6n\u00fc H\u00fck\u00fcmetlerinin K\u0131br\u0131s Politikas\u0131"},"content":{"rendered":"<p>\u201c\u2026K\u0131br\u0131s\u2019taki bu haks\u0131z durum devam eder, m\u00fcttefiklerimiz bizi yaln\u0131z b\u0131rak\u0131r, NATO yan\u0131m\u0131zda olmaz, anlay\u0131\u015fs\u0131zl\u0131k h\u00fck\u00fcm s\u00fcrer, T\u00fcrk az\u0131nl\u0131\u011f\u0131 ezilir, bu b\u00f6yle devam ederse g\u00fcn\u00fcn birinde Bat\u0131\u2019n\u0131n savunma sistemine inan\u00e7 y\u0131k\u0131l\u0131r. Ve yeni bir d\u00fcnya kurulur ve T\u00fcrkiye de bu d\u00fcnyan\u0131n i\u00e7inde yerini al\u0131r.\u201dBa\u015fbakan \u0130smet \u0130n\u00f6n\u00fc, 15 Nisan 1964 So\u011fuk Sava\u015f d\u00f6neminin \u00f6nemli d\u0131\u015f politika sorunlar\u0131ndan olan K\u0131br\u0131s Sorunu, altm\u0131\u015f y\u0131l \u00f6nce kritik bir s\u00fcre\u00e7ten ge\u00e7iyordu. 1950\u2019lerdeki ac\u0131 g\u00fcnlerin ard\u0131ndan 1960\u2019ta kurulan K\u0131br\u0131s Cumhuriyeti, Rumlar\u0131n T\u00fcrklerin elde etti\u011fi kazan\u0131mlar\u0131 yok sayma gayretleri ve tedhi\u015fe y\u00f6nelmesi sonras\u0131nda ortadan kalkm\u0131\u015ft\u0131. O d\u00f6nemde T\u00fcrkiye\u2019de \u0130smet \u0130n\u00f6n\u00fc\u2019n\u00fcn kurdu\u011fu ve Parlamento\u2019da zay\u0131f deste\u011fe sahip h\u00fck\u00fcmetler, adadaki T\u00fcrklerin uluslararas\u0131 antla\u015fmalarla kazan\u0131lm\u0131\u015f haklar\u0131n\u0131 korumak amac\u0131yla b\u00fcy\u00fck \u00e7aba sarf etti. Makarios\u2019un T\u00fcrkiye ziyareti, Akritas Plan\u0131, Kanl\u0131 Noel olaylar\u0131, BM Bar\u0131\u015f G\u00fcc\u00fc\u2019n\u00fcn kurulu\u015fu, Johnson Mektubu, Erenk\u00f6y ku\u015fatmas\u0131 ve ilk T\u00fcrk m\u00fcdahalesi gibi kritik d\u00f6neme\u00e7lerin ele al\u0131nd\u0131\u011f\u0131 bu \u00e7al\u0131\u015fma, olas\u0131 bir sava\u015f\u0131n dahi g\u00fcndeme geldi\u011fi s\u0131cak g\u00fcnleri bir kere daha an\u0131msat\u0131yor.  <\/p>\n","protected":false},"excerpt":{"rendered":"<p>\u201c\u2026K\u0131br\u0131s\u2019taki bu haks\u0131z durum devam eder, m\u00fcttefiklerimiz bizi yaln\u0131z b\u0131rak\u0131r, NATO yan\u0131m\u0131zda olmaz, anlay\u0131\u015fs\u0131zl\u0131k h\u00fck\u00fcm s\u00fcrer, T\u00fcrk az\u0131nl\u0131\u011f\u0131 ezilir, bu b\u00f6yle devam ederse g\u00fcn\u00fcn birinde Bat\u0131\u2019n\u0131n<span class=\"excerpt-hellip\"> [\u2026]<\/span><\/p>\n","protected":false},"featured_media":0,"template":"","meta":{"_monsterinsights_skip_tracking":false,"_monsterinsights_sitenote_active":false,"_monsterinsights_sitenote_note":"","_monsterinsights_sitenote_category":0},"product_brand":[],"product_cat":[13590,12337],"product_tag":[],"class_list":{"0":"post-765798","1":"product","2":"type-product","3":"status-publish","5":"product_cat-arastirma-inceleme-politika-siyaset","6":"product_cat-politika-siyaset","7":"pa_cilt-ciltsiz","8":"pa_tur-kitap","9":"pa_yayinevi-cumhuriyet-kitaplari","10":"pa_yazar-ahmet-gulen","12":"first","13":"instock","14":"sale","15":"shipping-taxable","16":"purchasable","17":"product-type-simple"},"_links":{"self":[{"href":"https:\/\/roveyayinevi.com.tr\/index.php\/wp-json\/wp\/v2\/product\/765798","targetHints":{"allow":["GET"]}}],"collection":[{"href":"https:\/\/roveyayinevi.com.tr\/index.php\/wp-json\/wp\/v2\/product"}],"about":[{"href":"https:\/\/roveyayinevi.com.tr\/index.php\/wp-json\/wp\/v2\/types\/product"}],"wp:attachment":[{"href":"https:\/\/roveyayinevi.com.tr\/index.php\/wp-json\/wp\/v2\/media?parent=765798"}],"wp:term":[{"taxonomy":"product_brand","embeddable":true,"href":"https:\/\/roveyayinevi.com.tr\/index.php\/wp-json\/wp\/v2\/product_brand?post=765798"},{"taxonomy":"product_cat","embeddable":true,"href":"https:\/\/roveyayinevi.com.tr\/index.php\/wp-json\/wp\/v2\/product_cat?post=765798"},{"taxonomy":"product_tag","embeddable":true,"href":"https:\/\/roveyayinevi.com.tr\/index.php\/wp-json\/wp\/v2\/product_tag?post=765798"}],"curies":[{"name":"wp","href":"https:\/\/api.w.org\/{rel}","templated":true}]}}