{"id":765797,"date":"2025-08-28T11:51:57","date_gmt":"2025-08-28T08:51:57","guid":{"rendered":"https:\/\/roveyayinevi.com.tr\/index.php\/urun\/karsilastirmali-devrimler-tarihi\/"},"modified":"2026-04-15T03:31:36","modified_gmt":"2026-04-15T00:31:36","slug":"karsilastirmali-devrimler-tarihi","status":"publish","type":"product","link":"https:\/\/roveyayinevi.com.tr\/index.php\/urun\/karsilastirmali-devrimler-tarihi\/","title":{"rendered":"Kar\u015f\u0131la\u015ft\u0131rmal\u0131 Devrimler Tarihi"},"content":{"rendered":"<p>Modern \u00e7a\u011f\u0131n \u00f6nde gelen d\u00f6rt siyasal devriminin ele al\u0131nd\u0131\u011f\u0131 Kar\u015f\u0131la\u015ft\u0131rmal\u0131 Devrimler Tarihi, sosyal bilimler literat\u00fcr\u00fcne \u00f6nemli bir katk\u0131 sunuyor. Bu eseri, inceledi\u011fi Amerikan, Frans\u0131z, Sovyet ve T\u00fcrk devrimlerini ayr\u0131nt\u0131l\u0131 bir bi\u00e7imde anlatan \u00e7ok say\u0131daki eserden ay\u0131ran temel \u00f6zelli\u011fi, an\u0131lan devrimleri kar\u015f\u0131la\u015ft\u0131rmal\u0131 olarak incelemesidir. Kar\u015f\u0131la\u015ft\u0131rmal\u0131 Devrimler Tarihi, hem genel okuyucu kitlesi hem de \u00f6zellikle lise ve \u00fcniversite \u00f6\u011frencileri a\u00e7\u0131s\u0131ndan devrimler tarihi alan\u0131nda ba\u015fucu kitab\u0131 niteli\u011finde. Tarihin lokomotifi, ilerlemenin motoru olan devrimler insanl\u0131k tarihi kadar eskidir. B\u00fcy\u00fck siyasal devrimlerin birbirlerini hangi y\u00f6nlerden etkilediklerini ve aralar\u0131ndaki etkile\u015fimi ayr\u0131nt\u0131l\u0131 olarak ara\u015ft\u0131ran Kar\u015f\u0131la\u015ft\u0131rmal\u0131 Devrimler Tarihi kitab\u0131 ise bu etkile\u015fimi b\u00fct\u00fcnl\u00fckl\u00fc bir \u00e7er\u00e7eve i\u00e7inde, somut olaylara ve devrimci s\u00fcre\u00e7lerde yer alan ki\u015filerin an\u0131lar\u0131na dayanarak, \u00fcstelik pop\u00fcler k\u00fclt\u00fcre olan etkilerini de belirterek ortaya koyuyor. Devrimlerin korunmas\u0131 ve ya\u015fat\u0131lmas\u0131 g\u00f6revini \u00fcstlenen Cumhuriyetin ayd\u0131nl\u0131k gen\u00e7lerinin tarihi ger\u00e7ekleri \u00f6\u011frenmeleri a\u00e7\u0131s\u0131ndan \u0131\u015f\u0131k kayna\u011f\u0131 olacak bir \u00e7al\u0131\u015fma\u2026 Do\u00e7, Dr. Emre Demir <\/p>\n","protected":false},"excerpt":{"rendered":"<p>Modern \u00e7a\u011f\u0131n \u00f6nde gelen d\u00f6rt siyasal devriminin ele al\u0131nd\u0131\u011f\u0131 Kar\u015f\u0131la\u015ft\u0131rmal\u0131 Devrimler Tarihi, sosyal bilimler literat\u00fcr\u00fcne \u00f6nemli bir katk\u0131 sunuyor. Bu eseri, inceledi\u011fi Amerikan, Frans\u0131z, Sovyet ve<span class=\"excerpt-hellip\"> [\u2026]<\/span><\/p>\n","protected":false},"featured_media":0,"template":"","meta":{"_monsterinsights_skip_tracking":false,"_monsterinsights_sitenote_active":false,"_monsterinsights_sitenote_note":"","_monsterinsights_sitenote_category":0},"product_brand":[],"product_cat":[12370,12304],"product_tag":[],"class_list":{"0":"post-765797","1":"product","2":"type-product","3":"status-publish","5":"product_cat-arastirma-inceleme","6":"product_cat-tarih","7":"pa_cilt-ciltsiz","8":"pa_tur-kitap","9":"pa_yayinevi-cumhuriyet-kitaplari","10":"pa_yazar-umutcan-polat","12":"first","13":"instock","14":"sale","15":"shipping-taxable","16":"purchasable","17":"product-type-simple"},"_links":{"self":[{"href":"https:\/\/roveyayinevi.com.tr\/index.php\/wp-json\/wp\/v2\/product\/765797","targetHints":{"allow":["GET"]}}],"collection":[{"href":"https:\/\/roveyayinevi.com.tr\/index.php\/wp-json\/wp\/v2\/product"}],"about":[{"href":"https:\/\/roveyayinevi.com.tr\/index.php\/wp-json\/wp\/v2\/types\/product"}],"wp:attachment":[{"href":"https:\/\/roveyayinevi.com.tr\/index.php\/wp-json\/wp\/v2\/media?parent=765797"}],"wp:term":[{"taxonomy":"product_brand","embeddable":true,"href":"https:\/\/roveyayinevi.com.tr\/index.php\/wp-json\/wp\/v2\/product_brand?post=765797"},{"taxonomy":"product_cat","embeddable":true,"href":"https:\/\/roveyayinevi.com.tr\/index.php\/wp-json\/wp\/v2\/product_cat?post=765797"},{"taxonomy":"product_tag","embeddable":true,"href":"https:\/\/roveyayinevi.com.tr\/index.php\/wp-json\/wp\/v2\/product_tag?post=765797"}],"curies":[{"name":"wp","href":"https:\/\/api.w.org\/{rel}","templated":true}]}}