{"id":765796,"date":"2025-08-28T11:51:54","date_gmt":"2025-08-28T08:51:54","guid":{"rendered":"https:\/\/roveyayinevi.com.tr\/index.php\/urun\/insan-ogrenmek-icin-yasar\/"},"modified":"2026-04-15T03:31:36","modified_gmt":"2026-04-15T00:31:36","slug":"insan-ogrenmek-icin-yasar","status":"publish","type":"product","link":"https:\/\/roveyayinevi.com.tr\/index.php\/urun\/insan-ogrenmek-icin-yasar\/","title":{"rendered":"\u0130nsan \u00d6\u011frenmek \u0130\u00e7in Ya\u015far"},"content":{"rendered":"<p>\u201cThomas More, 1534 y\u0131l\u0131n\u0131n mart ay\u0131nda, kapat\u0131ld\u0131\u011f\u0131 Londra Kulesi\u2019nden b\u00fcy\u00fck k\u0131z\u0131 Margaret\u2019e \u015funlar\u0131 yazm\u0131\u015ft\u0131: \u2018Hi\u00e7 kimseye k\u00f6t\u00fcl\u00fck etmiyorum, hi\u00e7 kimse i\u00e7in k\u00f6t\u00fc s\u00f6ylemiyorum, k\u00f6t\u00fc d\u00fc\u015f\u00fcnm\u00fcyorum, herkesin iyili\u011fini istiyorum. Bir insan\u0131n ya\u015fayabilmesi i\u00e7in bu yetmiyorsa, yemin ederim ya\u015famakta g\u00f6z\u00fcm yok&#8230; Onun i\u00e7in Kral, \u015fu benim zavall\u0131 bedenime can\u0131n\u0131n istedi\u011fini yaps\u0131n. Ke\u015fke i\u015fine yarasa benim \u00f6l\u00fcm\u00fcm.\u2019\u201d \u201cCampanella, G\u00fcne\u015f \u00dclkesi\u2019ni hapishanede yazd\u0131. Hint Okyanusu\u2019nda bir ada devleti olan G\u00fcne\u015f \u00dclkesi adaletsizlik, k\u00f6t\u00fc y\u00f6netim ve b\u00fcy\u00fcc\u00fcl\u00fck gibi olumsuzluklardan ka\u00e7an insanlar\u0131n olu\u015fturdu\u011fu ideal bir toplumdur. Bilim ve felsefenin egemen oldu\u011fu \u00fclkede kad\u0131nla erkek aras\u0131nda hi\u00e7bir ayr\u0131m g\u00f6zetilmez, her iki cinse de e\u015fit haklar tan\u0131n\u0131r. K\u00f6lelik ve \u00f6zel m\u00fclkiyet yoktur, her \u015fey herkese aittir.\u201d \u201cAsur krall\u0131\u011f\u0131n\u0131n ba\u015fkenti Ninova\u2019da, M.\u00d6. 668- 626 y\u0131llar\u0131 aras\u0131nda ya\u015fam\u0131\u015f olan Asur Kral\u0131 Asurbanipal\u2019in kitapl\u0131\u011f\u0131nda bulunan bir tablette, S\u00fcmerce \u015funlar yaz\u0131yordu: \u2018Bilge insan karanl\u0131kta \u0131\u015f\u0131k, \u00e7\u0131kmaz sokakta yol buland\u0131r.\u2019\u201d Orhan T\u00fcleylio\u011flu\u2019nun, birbirinden \u00f6nemli yazarlar\u0131n hayatlar\u0131ndan \u00f6nemli kesitlere yer verdi\u011fi, onlar\u0131n i\u00e7 d\u00fcnyalar\u0131n\u0131, m\u00fccadelelerini, kendileriyle olan sava\u015flar\u0131n\u0131, ya\u015fanm\u0131\u015fl\u0131klar\u0131n\u0131, toplumlar \u00fczerindeki etkilerini sayfalar\u0131na ta\u015f\u0131d\u0131\u011f\u0131 bu kitap, \u201c\u00f6\u011frenmek i\u00e7in ya\u015famay\u0131\u201d d\u00fcstur edinenlere bir k\u0131lavuz niteli\u011fi ta\u015f\u0131yor. <\/p>\n","protected":false},"excerpt":{"rendered":"<p>\u201cThomas More, 1534 y\u0131l\u0131n\u0131n mart ay\u0131nda, kapat\u0131ld\u0131\u011f\u0131 Londra Kulesi\u2019nden b\u00fcy\u00fck k\u0131z\u0131 Margaret\u2019e \u015funlar\u0131 yazm\u0131\u015ft\u0131: \u2018Hi\u00e7 kimseye k\u00f6t\u00fcl\u00fck etmiyorum, hi\u00e7 kimse i\u00e7in k\u00f6t\u00fc s\u00f6ylemiyorum, k\u00f6t\u00fc d\u00fc\u015f\u00fcnm\u00fcyorum, herkesin<span class=\"excerpt-hellip\"> [\u2026]<\/span><\/p>\n","protected":false},"featured_media":0,"template":"","meta":{"_monsterinsights_skip_tracking":false,"_monsterinsights_sitenote_active":false,"_monsterinsights_sitenote_note":"","_monsterinsights_sitenote_category":0},"product_brand":[],"product_cat":[12291,12711],"product_tag":[],"class_list":{"0":"post-765796","1":"product","2":"type-product","3":"status-publish","5":"product_cat-edebiyat","6":"product_cat-roman-oyku","7":"pa_cilt-ciltsiz","8":"pa_tur-kitap","9":"pa_yayinevi-kara-karga-yayinlari","10":"pa_yazar-orhan-tuleylioglu","12":"first","13":"instock","14":"sale","15":"shipping-taxable","16":"purchasable","17":"product-type-simple"},"_links":{"self":[{"href":"https:\/\/roveyayinevi.com.tr\/index.php\/wp-json\/wp\/v2\/product\/765796","targetHints":{"allow":["GET"]}}],"collection":[{"href":"https:\/\/roveyayinevi.com.tr\/index.php\/wp-json\/wp\/v2\/product"}],"about":[{"href":"https:\/\/roveyayinevi.com.tr\/index.php\/wp-json\/wp\/v2\/types\/product"}],"wp:attachment":[{"href":"https:\/\/roveyayinevi.com.tr\/index.php\/wp-json\/wp\/v2\/media?parent=765796"}],"wp:term":[{"taxonomy":"product_brand","embeddable":true,"href":"https:\/\/roveyayinevi.com.tr\/index.php\/wp-json\/wp\/v2\/product_brand?post=765796"},{"taxonomy":"product_cat","embeddable":true,"href":"https:\/\/roveyayinevi.com.tr\/index.php\/wp-json\/wp\/v2\/product_cat?post=765796"},{"taxonomy":"product_tag","embeddable":true,"href":"https:\/\/roveyayinevi.com.tr\/index.php\/wp-json\/wp\/v2\/product_tag?post=765796"}],"curies":[{"name":"wp","href":"https:\/\/api.w.org\/{rel}","templated":true}]}}