{"id":765795,"date":"2025-08-28T11:51:53","date_gmt":"2025-08-28T08:51:53","guid":{"rendered":"https:\/\/roveyayinevi.com.tr\/index.php\/urun\/islam-aydinlanma-ve-gelecek\/"},"modified":"2026-04-15T03:31:36","modified_gmt":"2026-04-15T00:31:36","slug":"islam-aydinlanma-ve-gelecek","status":"publish","type":"product","link":"https:\/\/roveyayinevi.com.tr\/index.php\/urun\/islam-aydinlanma-ve-gelecek\/","title":{"rendered":"\u0130slam, Ayd\u0131nlanma ve Gelecek"},"content":{"rendered":"<p>\u0130slam d\u00fcnyas\u0131 ile Bat\u0131 d\u00fc\u015f\u00fcncesinin kesi\u015fme noktas\u0131nda yer alan bu eser ak\u0131l, bilim, inan\u00e7, birey, \u00f6zg\u00fcrl\u00fck, bar\u0131\u015f ve \u015fiddet gibi temel kavramlar\u0131n derinlemesine incelendi\u011fi bir d\u00fc\u015f\u00fcnsel yolculuk sunuyor. Kitap, son iki as\u0131rda bu iki gelene\u011fin kar\u015f\u0131la\u015fmas\u0131yla \u015fekillenen d\u00fcnyaya bir ayna tutarken, bug\u00fcn\u00fc ve gelece\u011fi belirleyen unsurlar\u0131 sorgulayarak yol al\u0131yor. Her bir kavram\u0131n tarihsel k\u00f6klerine inerek bireysel ve toplumsal hayat\u0131m\u0131z\u0131 \u015fekillendiren dinamiklerin izini s\u00fcr\u00fcyor. Eser, yaln\u0131zca bir kavramlar arkeolojisi sunmakla kalm\u0131y\u0131p ayn\u0131 zamanda modern hayat\u0131n y\u00fczeyselli\u011fine, h\u0131z ve t\u00fcketim k\u00fclt\u00fcr\u00fcne kar\u015f\u0131 da bir ele\u015ftiri getirerek modern \u00e7a\u011f\u0131 ve modern insan\u0131 afi\u015fe ediyor. \u00d6zg\u00fcrl\u00fck aray\u0131\u015f\u0131n\u0131n bizi k\u00f6lele\u015ftirebildi\u011fini, h\u0131z\u0131n ve hazza dayal\u0131 bir ya\u015fam\u0131n anlamdan yoksun oldu\u011funu hat\u0131rlat\u0131yor. Ger\u00e7ek \u00f6zg\u00fcrl\u00fc\u011f\u00fcn ve anlam\u0131n, e\u015fyan\u0131n \u00f6z\u00fcndeki akli ilkelerle insan akl\u0131n\u0131n \u00f6rt\u00fc\u015fmesinde yatt\u0131\u011f\u0131n\u0131 savunarak okuyucuyu i\u00e7inde ya\u015fad\u0131\u011f\u0131 \u00e7a\u011f\u0131n dinamikleri hakk\u0131nda d\u00fc\u015f\u00fcnmeye davet ediyor. \u0130slam ve Bat\u0131 aras\u0131ndaki etkile\u015fimin izlerini s\u00fcren bu eser, d\u00fcnyay\u0131 anlamaya \u00e7al\u0131\u015f\u0131rken kendimize bir ayna tutmam\u0131z\u0131 sa\u011fl\u0131yor. Kendi kavramlar\u0131yla d\u00fc\u015f\u00fcnmeyen bir medeniyetin ne kendisine ne de d\u00fcnyaya s\u00f6yleyecek bir s\u00f6z\u00fc olabilece\u011fini vurgulayan kitap, derinlemesine bir d\u00fc\u015f\u00fcnsel ke\u015ffe \u00e7\u0131kmak isteyenler i\u00e7in entelekt\u00fcel bir d\u00fc\u015f\u00fcnme ve sorgulama alan\u0131 sunuyor. Bu kitap, kendini ararken farkl\u0131 d\u00fcnyalar (d\u00fc\u015f\u00fcnce gelenekleri) ke\u015ffetmek isteyen okurlar i\u00e7in g\u00fc\u00e7l\u00fc bir rehber niteli\u011finde.<\/p>\n","protected":false},"excerpt":{"rendered":"<p>\u0130slam d\u00fcnyas\u0131 ile Bat\u0131 d\u00fc\u015f\u00fcncesinin kesi\u015fme noktas\u0131nda yer alan bu eser ak\u0131l, bilim, inan\u00e7, birey, \u00f6zg\u00fcrl\u00fck, bar\u0131\u015f ve \u015fiddet gibi temel kavramlar\u0131n derinlemesine incelendi\u011fi bir d\u00fc\u015f\u00fcnsel<span class=\"excerpt-hellip\"> [\u2026]<\/span><\/p>\n","protected":false},"featured_media":0,"template":"","meta":{"_monsterinsights_skip_tracking":false,"_monsterinsights_sitenote_active":false,"_monsterinsights_sitenote_note":"","_monsterinsights_sitenote_category":0},"product_brand":[],"product_cat":[12718,12719],"product_tag":[],"class_list":{"0":"post-765795","1":"product","2":"type-product","3":"status-publish","5":"product_cat-din","6":"product_cat-islam","7":"pa_cilt-ciltsiz","8":"pa_tur-kitap","9":"pa_yayinevi-insan-yayinlari","10":"pa_yazar-ibrahim-kalin","12":"first","13":"instock","14":"sale","15":"shipping-taxable","16":"purchasable","17":"product-type-simple"},"_links":{"self":[{"href":"https:\/\/roveyayinevi.com.tr\/index.php\/wp-json\/wp\/v2\/product\/765795","targetHints":{"allow":["GET"]}}],"collection":[{"href":"https:\/\/roveyayinevi.com.tr\/index.php\/wp-json\/wp\/v2\/product"}],"about":[{"href":"https:\/\/roveyayinevi.com.tr\/index.php\/wp-json\/wp\/v2\/types\/product"}],"wp:attachment":[{"href":"https:\/\/roveyayinevi.com.tr\/index.php\/wp-json\/wp\/v2\/media?parent=765795"}],"wp:term":[{"taxonomy":"product_brand","embeddable":true,"href":"https:\/\/roveyayinevi.com.tr\/index.php\/wp-json\/wp\/v2\/product_brand?post=765795"},{"taxonomy":"product_cat","embeddable":true,"href":"https:\/\/roveyayinevi.com.tr\/index.php\/wp-json\/wp\/v2\/product_cat?post=765795"},{"taxonomy":"product_tag","embeddable":true,"href":"https:\/\/roveyayinevi.com.tr\/index.php\/wp-json\/wp\/v2\/product_tag?post=765795"}],"curies":[{"name":"wp","href":"https:\/\/api.w.org\/{rel}","templated":true}]}}