{"id":765794,"date":"2025-08-28T11:51:51","date_gmt":"2025-08-28T08:51:51","guid":{"rendered":"https:\/\/roveyayinevi.com.tr\/index.php\/urun\/kacamak\/"},"modified":"2026-04-15T03:31:36","modified_gmt":"2026-04-15T00:31:36","slug":"kacamak","status":"publish","type":"product","link":"https:\/\/roveyayinevi.com.tr\/index.php\/urun\/kacamak\/","title":{"rendered":"Ka\u00e7amak"},"content":{"rendered":"<p>YARI\u015eMA: BALAYIMDA BANA KATILIN   \u0130nsan\u0131n sosyal medyada beraber balay\u0131na gidece\u011fi birini aramas\u0131n\u0131n ola\u011fan bir \u015fey olmad\u0131\u011f\u0131n\u0131n fark\u0131nday\u0131m ama i\u015fte buraday\u0131z. D\u00fc\u011f\u00fcn\u00fcm iptal oldu. Ama l\u00fcks bir tatil k\u00f6y\u00fcnde geri \u00f6demesiz olarak planlanan on bin dolarl\u0131k her \u015fey dahil tatilim iptal olmad\u0131 ve bunun heba olup gitmesine izin vermeye hi\u00e7 niyetim yok. Erkek se\u00e7me konusundaki sicilim pek parlak olmad\u0131\u011f\u0131ndan pi\u015fman olmayaca\u011f\u0131m\u0131 umdu\u011fum bir i\u015fe kalk\u0131\u015ft\u0131m ve savunmas\u0131z bir \u00e2n\u0131mda arkada\u015flar\u0131m\u0131n benimle gelecek ki\u015fiyi se\u00e7mesine izin verdim. \u0130deal aday bek\u00e2r olmal\u0131. U\u00e7akta fazla konu\u015fmamal\u0131 ve onu hemen yurtd\u0131\u015f\u0131na \u00e7\u0131kmaktan al\u0131koyacak bir engeli olmamal\u0131. Ayr\u0131ca ayn\u0131 yata\u011f\u0131 payla\u015facak olmam\u0131z\u0131 sorun etmemeli. Sonu\u00e7ta bir balay\u0131 s\u00fcitinde kalaca\u011f\u0131z. \u015eartlar\u0131 kar\u015f\u0131l\u0131yorsan\u0131z l\u00fctfen hemen yaz\u0131n. U\u00e7ak haftaya kalk\u0131yor! <\/p>\n","protected":false},"excerpt":{"rendered":"<p>YARI\u015eMA: BALAYIMDA BANA KATILIN \u0130nsan\u0131n sosyal medyada beraber balay\u0131na gidece\u011fi birini aramas\u0131n\u0131n ola\u011fan bir \u015fey olmad\u0131\u011f\u0131n\u0131n fark\u0131nday\u0131m ama i\u015fte buraday\u0131z. D\u00fc\u011f\u00fcn\u00fcm iptal oldu. Ama l\u00fcks bir<span class=\"excerpt-hellip\"> [\u2026]<\/span><\/p>\n","protected":false},"featured_media":0,"template":"","meta":{"_monsterinsights_skip_tracking":false,"_monsterinsights_sitenote_active":false,"_monsterinsights_sitenote_note":"","_monsterinsights_sitenote_category":0},"product_brand":[],"product_cat":[12291,12711],"product_tag":[],"class_list":{"0":"post-765794","1":"product","2":"type-product","3":"status-publish","5":"product_cat-edebiyat","6":"product_cat-roman-oyku","7":"pa_cilt-ciltsiz","8":"pa_tur-kitap","9":"pa_yayinevi-nox-yayinlari","10":"pa_yazar-adriana-locke","12":"first","13":"instock","14":"sale","15":"shipping-taxable","16":"purchasable","17":"product-type-simple"},"_links":{"self":[{"href":"https:\/\/roveyayinevi.com.tr\/index.php\/wp-json\/wp\/v2\/product\/765794","targetHints":{"allow":["GET"]}}],"collection":[{"href":"https:\/\/roveyayinevi.com.tr\/index.php\/wp-json\/wp\/v2\/product"}],"about":[{"href":"https:\/\/roveyayinevi.com.tr\/index.php\/wp-json\/wp\/v2\/types\/product"}],"wp:attachment":[{"href":"https:\/\/roveyayinevi.com.tr\/index.php\/wp-json\/wp\/v2\/media?parent=765794"}],"wp:term":[{"taxonomy":"product_brand","embeddable":true,"href":"https:\/\/roveyayinevi.com.tr\/index.php\/wp-json\/wp\/v2\/product_brand?post=765794"},{"taxonomy":"product_cat","embeddable":true,"href":"https:\/\/roveyayinevi.com.tr\/index.php\/wp-json\/wp\/v2\/product_cat?post=765794"},{"taxonomy":"product_tag","embeddable":true,"href":"https:\/\/roveyayinevi.com.tr\/index.php\/wp-json\/wp\/v2\/product_tag?post=765794"}],"curies":[{"name":"wp","href":"https:\/\/api.w.org\/{rel}","templated":true}]}}