{"id":765793,"date":"2025-08-28T11:51:48","date_gmt":"2025-08-28T08:51:48","guid":{"rendered":"https:\/\/roveyayinevi.com.tr\/index.php\/urun\/dunyanin-kaderine-atilan-zar\/"},"modified":"2026-04-13T03:27:09","modified_gmt":"2026-04-13T00:27:09","slug":"dunyanin-kaderine-atilan-zar","status":"publish","type":"product","link":"https:\/\/roveyayinevi.com.tr\/index.php\/urun\/dunyanin-kaderine-atilan-zar\/","title":{"rendered":"D\u00fcnyan\u0131n Kaderine At\u0131lan Zar"},"content":{"rendered":"<p>HERKES ZAR ATAB\u0130L\u0130R AMA S\u00d6Z KONUSU \u0130K\u0130 S\u00dcPER G\u00dcC\u00dcN BA\u015eKANIYSA BU T\u00dcM D\u00dcNYAYI ETK\u0130LER. Tarihteki bir\u00e7ok sava\u015f, ak\u0131l almaz sebeplerle ya da sebepsiz yere ba\u015flam\u0131\u015ft\u0131r. B\u00fcy\u00fck liderlerin bar\u0131\u015f vaatleri, sevgi nidalar\u0131, kahramanl\u0131k g\u00f6sterileri \u00e7o\u011fu zaman ki\u015fisel h\u0131rslar y\u00fcz\u00fcnden yerini b\u00fcy\u00fck \u00e7at\u0131\u015fmalara b\u0131rakm\u0131\u015ft\u0131r. S\u0131radan olaylar\u0131n yol a\u00e7t\u0131\u011f\u0131 bu y\u0131k\u0131mlar, genellikle trajedilerin de ger\u00e7ek kayna\u011f\u0131 olmu\u015ftur. Yazar Erdal Demirk\u0131ran, basit nedenlerle \u00e7\u0131kan zor sava\u015flar\u0131 ge\u00e7mi\u015ften \u00f6rnekler vererek anlat\u0131yor. Sava\u015f\u0131n y\u0131k\u0131c\u0131 etkilerinden ve milyonlarca insan\u0131n hayat\u0131n\u0131 alt\u00fcst eden benmerkezci kararlardan bahsediyor. Bu y\u0131k\u0131c\u0131 m\u00fccadelelerin esasen siyasi g\u00fc\u00e7lerin ve liderlerin kirli birer oyunu oldu\u011funu vurguluyor. Ba\u015frolde bu kez bir nanoteknoloji firmas\u0131 ve bir sanayi devi var. Trajediyi, h\u0131rslar\u0131 ve politik g\u00fcc\u00fcn \u00e7irkin y\u00fcz\u00fcn\u00fc yans\u0131tan bu romanda; k\u00fc\u00e7\u00fck bir ego \u00e7at\u0131\u015fmas\u0131yla ba\u015flayan yok etme yar\u0131\u015f\u0131, iki b\u00fcy\u00fck liderin oynad\u0131\u011f\u0131 sa\u00e7ma sapan bir kumara d\u00f6n\u00fc\u015f\u00fcyor. Bunun \u00dc\u00e7\u00fcnc\u00fc D\u00fcnya Sava\u015f\u0131\u2019n\u0131 ba\u015flatmas\u0131 ak\u0131l k\u00e2r\u0131 g\u00f6z\u00fckm\u00fcyor ama ge\u00e7mi\u015fe bak\u0131l\u0131rsa bu \u015fa\u015f\u0131rt\u0131c\u0131 da gelmiyor. Bakal\u0131m bu kez insanl\u0131k, ge\u00e7mi\u015f ve bug\u00fcn aras\u0131ndaki ba\u011flar\u0131 sorgularken ayn\u0131 hatalar\u0131 yapacak m\u0131? <\/p>\n","protected":false},"excerpt":{"rendered":"<p>HERKES ZAR ATAB\u0130L\u0130R AMA S\u00d6Z KONUSU \u0130K\u0130 S\u00dcPER G\u00dcC\u00dcN BA\u015eKANIYSA BU T\u00dcM D\u00dcNYAYI ETK\u0130LER. Tarihteki bir\u00e7ok sava\u015f, ak\u0131l almaz sebeplerle ya da sebepsiz yere ba\u015flam\u0131\u015ft\u0131r. B\u00fcy\u00fck<span class=\"excerpt-hellip\"> [\u2026]<\/span><\/p>\n","protected":false},"featured_media":0,"template":"","meta":{"_monsterinsights_skip_tracking":false,"_monsterinsights_sitenote_active":false,"_monsterinsights_sitenote_note":"","_monsterinsights_sitenote_category":0},"product_brand":[],"product_cat":[12291,12711],"product_tag":[],"class_list":{"0":"post-765793","1":"product","2":"type-product","3":"status-publish","5":"product_cat-edebiyat","6":"product_cat-roman-oyku","7":"pa_cilt-ciltsiz","8":"pa_tur-kitap","9":"pa_yayinevi-destek-yayinlari","10":"pa_yazar-erdal-demirkiran","12":"first","13":"instock","14":"sale","15":"shipping-taxable","16":"purchasable","17":"product-type-simple"},"_links":{"self":[{"href":"https:\/\/roveyayinevi.com.tr\/index.php\/wp-json\/wp\/v2\/product\/765793","targetHints":{"allow":["GET"]}}],"collection":[{"href":"https:\/\/roveyayinevi.com.tr\/index.php\/wp-json\/wp\/v2\/product"}],"about":[{"href":"https:\/\/roveyayinevi.com.tr\/index.php\/wp-json\/wp\/v2\/types\/product"}],"wp:attachment":[{"href":"https:\/\/roveyayinevi.com.tr\/index.php\/wp-json\/wp\/v2\/media?parent=765793"}],"wp:term":[{"taxonomy":"product_brand","embeddable":true,"href":"https:\/\/roveyayinevi.com.tr\/index.php\/wp-json\/wp\/v2\/product_brand?post=765793"},{"taxonomy":"product_cat","embeddable":true,"href":"https:\/\/roveyayinevi.com.tr\/index.php\/wp-json\/wp\/v2\/product_cat?post=765793"},{"taxonomy":"product_tag","embeddable":true,"href":"https:\/\/roveyayinevi.com.tr\/index.php\/wp-json\/wp\/v2\/product_tag?post=765793"}],"curies":[{"name":"wp","href":"https:\/\/api.w.org\/{rel}","templated":true}]}}