{"id":765792,"date":"2025-08-28T11:51:46","date_gmt":"2025-08-28T08:51:46","guid":{"rendered":"https:\/\/roveyayinevi.com.tr\/index.php\/urun\/daha-da-lanetli-ciltli\/"},"modified":"2026-04-05T03:23:13","modified_gmt":"2026-04-05T00:23:13","slug":"daha-da-lanetli-ciltli","status":"publish","type":"product","link":"https:\/\/roveyayinevi.com.tr\/index.php\/urun\/daha-da-lanetli-ciltli\/","title":{"rendered":"Daha da Lanetli (Ciltli)"},"content":{"rendered":"<p>NE D\u0130LED\u0130\u011e\u0130NE D\u0130KKAT ET   Tu\u0308yler u\u0308rperten bir karnavala u\u011fray\u0131n ve i\u00e7erisindeki s\u0131rlar\u0131 ortaya \u00e7\u0131kar\u0131n, gizemli bir bulmacay\u0131 \u00e7\u00f6zu\u0308p \u00f6du\u0308lu\u0308nu\u0308zu\u0308 bekleyin. Seyyar bir sirke kat\u0131l\u0131n ve \u015fahit olabilece\u011finiz en tuhaf kukla g\u00f6sterisinin bir tan\u0131\u011f\u0131 olun.   \u00c7ok satanlar listelerinde kendine yer edinmi\u015f Lanetli\u2019nin devam\u0131 olan bu kitapta, eski ve yeni lanetleri gu\u0308n \u0131\u015f\u0131\u011f\u0131na \u00e7\u0131karma \u015fans\u0131na sahip olacaks\u0131n\u0131z. Pamuk Prenses\u2019in epeyce farkl\u0131 bir yorumu ve K\u0131rm\u0131z\u0131 Pabu\u00e7lar\u2019\u0131n yeni bir anlat\u0131s\u0131 dahil olmak u\u0308zere fantastik edebiyat\u0131n en iyileri, kollar\u0131n\u0131 s\u0131vay\u0131p sizler i\u00e7in saman\u0131 alt\u0131na \u00e7eviriyor ve sizi bir labirente davet ediyor.   \u00c7\u0131kaca\u011f\u0131n\u0131z bu yolculukta, arkan\u0131za ekmek k\u0131r\u0131nt\u0131lar\u0131ndan bir iz b\u0131rakmay\u0131 unutmay\u0131n yeter.   \u00d6YK\u00dcLER\u0130YLE DAH\u0130L OLAN YAZARLAR : Joanne Harris \u0387 NeIl Gaiman \u0387 Joe Hill Sarah Pinborough \u0387 Angela Slatter \u0387 M.R. Carey Christina Henry \u0387 A.C. Wise \u0387 Laura Purcell Katherine Arden \u0387 Adam L.G. Nevill Mark Chadbourn \u0387 Helen Grant Kelley Armstrong \u0387 A.K. Benedict L.L. McKinney <\/p>\n","protected":false},"excerpt":{"rendered":"<p>NE D\u0130LED\u0130\u011e\u0130NE D\u0130KKAT ET Tu\u0308yler u\u0308rperten bir karnavala u\u011fray\u0131n ve i\u00e7erisindeki s\u0131rlar\u0131 ortaya \u00e7\u0131kar\u0131n, gizemli bir bulmacay\u0131 \u00e7\u00f6zu\u0308p \u00f6du\u0308lu\u0308nu\u0308zu\u0308 bekleyin. Seyyar bir sirke kat\u0131l\u0131n ve \u015fahit<span class=\"excerpt-hellip\"> [\u2026]<\/span><\/p>\n","protected":false},"featured_media":0,"template":"","meta":{"_monsterinsights_skip_tracking":false,"_monsterinsights_sitenote_active":false,"_monsterinsights_sitenote_note":"","_monsterinsights_sitenote_category":0},"product_brand":[],"product_cat":[12291,12711],"product_tag":[],"class_list":{"0":"post-765792","1":"product","2":"type-product","3":"status-publish","5":"product_cat-edebiyat","6":"product_cat-roman-oyku","7":"pa_cilt-ciltli","8":"pa_tur-kitap","9":"pa_yayinevi-athica-yayinlari","10":"pa_yazar-kolektif","12":"first","13":"instock","14":"sale","15":"shipping-taxable","16":"purchasable","17":"product-type-simple"},"_links":{"self":[{"href":"https:\/\/roveyayinevi.com.tr\/index.php\/wp-json\/wp\/v2\/product\/765792","targetHints":{"allow":["GET"]}}],"collection":[{"href":"https:\/\/roveyayinevi.com.tr\/index.php\/wp-json\/wp\/v2\/product"}],"about":[{"href":"https:\/\/roveyayinevi.com.tr\/index.php\/wp-json\/wp\/v2\/types\/product"}],"wp:attachment":[{"href":"https:\/\/roveyayinevi.com.tr\/index.php\/wp-json\/wp\/v2\/media?parent=765792"}],"wp:term":[{"taxonomy":"product_brand","embeddable":true,"href":"https:\/\/roveyayinevi.com.tr\/index.php\/wp-json\/wp\/v2\/product_brand?post=765792"},{"taxonomy":"product_cat","embeddable":true,"href":"https:\/\/roveyayinevi.com.tr\/index.php\/wp-json\/wp\/v2\/product_cat?post=765792"},{"taxonomy":"product_tag","embeddable":true,"href":"https:\/\/roveyayinevi.com.tr\/index.php\/wp-json\/wp\/v2\/product_tag?post=765792"}],"curies":[{"name":"wp","href":"https:\/\/api.w.org\/{rel}","templated":true}]}}