{"id":765791,"date":"2025-08-28T11:51:43","date_gmt":"2025-08-28T08:51:43","guid":{"rendered":"https:\/\/roveyayinevi.com.tr\/index.php\/urun\/berserk-6\/"},"modified":"2026-04-15T03:31:35","modified_gmt":"2026-04-15T00:31:35","slug":"berserk-6","status":"publish","type":"product","link":"https:\/\/roveyayinevi.com.tr\/index.php\/urun\/berserk-6\/","title":{"rendered":"Berserk 6"},"content":{"rendered":"<p>Yu\u0308z y\u0131l boyunca su\u0308ren sava\u015f\u0131n kaosunu bitirmek isteyen \u015fanl\u0131 Midland\u2019de, Griffith\u2019in \u00f6ncu\u0308lu\u0308\u011fu\u0308ndeki \u015eahin Ekibi, dikkate de\u011fer ba\u015far\u0131lara imza atar. Griffith zafer elde ettik\u00e7e soylular\u0131n entrikalar\u0131na \u00e7ekilir! Daha da yu\u0308kse\u011fe \u00e7\u0131kmay\u0131 arzulayan Griffith\u2019in hayallerinin \u00f6nu\u0308nde, meydanlarda k\u0131l\u0131c\u0131n\u0131 savurmak d\u0131\u015f\u0131nda bir \u015fey bilmeyen Guts afallar. Ve Casca&#8230; Ad\u0131na \u201cgen\u00e7lik\u201d denen par\u0131lt\u0131l\u0131 Alt\u0131n \u00c7a\u011f kar\u015f\u0131n\u0131zda! <\/p>\n","protected":false},"excerpt":{"rendered":"<p>Yu\u0308z y\u0131l boyunca su\u0308ren sava\u015f\u0131n kaosunu bitirmek isteyen \u015fanl\u0131 Midland\u2019de, Griffith\u2019in \u00f6ncu\u0308lu\u0308\u011fu\u0308ndeki \u015eahin Ekibi, dikkate de\u011fer ba\u015far\u0131lara imza atar. Griffith zafer elde ettik\u00e7e soylular\u0131n entrikalar\u0131na \u00e7ekilir!<span class=\"excerpt-hellip\"> [\u2026]<\/span><\/p>\n","protected":false},"featured_media":0,"template":"","meta":{"_monsterinsights_skip_tracking":false,"_monsterinsights_sitenote_active":false,"_monsterinsights_sitenote_note":"","_monsterinsights_sitenote_category":0},"product_brand":[],"product_cat":[12416,12291],"product_tag":[],"class_list":{"0":"post-765791","1":"product","2":"type-product","3":"status-publish","5":"product_cat-cizgi-roman","6":"product_cat-edebiyat","7":"pa_cilt-ciltsiz","8":"pa_tur-kitap","9":"pa_yayinevi-athica-yayinlari","10":"pa_yazar-kentaro-miura","12":"first","13":"instock","14":"sale","15":"shipping-taxable","16":"purchasable","17":"product-type-simple"},"_links":{"self":[{"href":"https:\/\/roveyayinevi.com.tr\/index.php\/wp-json\/wp\/v2\/product\/765791","targetHints":{"allow":["GET"]}}],"collection":[{"href":"https:\/\/roveyayinevi.com.tr\/index.php\/wp-json\/wp\/v2\/product"}],"about":[{"href":"https:\/\/roveyayinevi.com.tr\/index.php\/wp-json\/wp\/v2\/types\/product"}],"wp:attachment":[{"href":"https:\/\/roveyayinevi.com.tr\/index.php\/wp-json\/wp\/v2\/media?parent=765791"}],"wp:term":[{"taxonomy":"product_brand","embeddable":true,"href":"https:\/\/roveyayinevi.com.tr\/index.php\/wp-json\/wp\/v2\/product_brand?post=765791"},{"taxonomy":"product_cat","embeddable":true,"href":"https:\/\/roveyayinevi.com.tr\/index.php\/wp-json\/wp\/v2\/product_cat?post=765791"},{"taxonomy":"product_tag","embeddable":true,"href":"https:\/\/roveyayinevi.com.tr\/index.php\/wp-json\/wp\/v2\/product_tag?post=765791"}],"curies":[{"name":"wp","href":"https:\/\/api.w.org\/{rel}","templated":true}]}}