{"id":765790,"date":"2025-08-28T11:51:40","date_gmt":"2025-08-28T08:51:40","guid":{"rendered":"https:\/\/roveyayinevi.com.tr\/index.php\/urun\/berserk-4\/"},"modified":"2026-04-15T03:31:35","modified_gmt":"2026-04-15T00:31:35","slug":"berserk-4","status":"publish","type":"product","link":"https:\/\/roveyayinevi.com.tr\/index.php\/urun\/berserk-4\/","title":{"rendered":"Berserk 4"},"content":{"rendered":"<p>Sava\u015f meydan\u0131nda do\u011fan ve paral\u0131 asker birli\u011finin komutan\u0131 Gambino taraf\u0131ndan bu\u0308yu\u0308tu\u0308len gen\u00e7 Guts. Onu yeti\u015ftiren babas\u0131 taraf\u0131ndan zorbal\u0131\u011fa u\u011frayan ve kanla y\u0131kanm\u0131\u015f sava\u015f meydanlar\u0131nda bu\u0308yu\u0308yu\u0308p serpilen Guts, yaln\u0131z bir sava\u015f\u00e7\u0131 oldu. Art\u0131k Griffith, Casca ve \u015eahin Ekibi\u2019yle kar\u015f\u0131la\u015f\u0131yor. Kara sava\u015f\u00e7\u0131 Guts\u2019\u0131n gen\u00e7lik d\u00f6nemi, \u015fimdi ayd\u0131nl\u0131\u011fa kavu\u015fuyor! Sava\u015f meydan\u0131nda arkada\u015fl\u0131k ve gen\u00e7lik \u00e7i\u00e7ekleri a\u00e7\u0131yor. Alt\u0131n \u00c7a\u011f\u2019\u0131n perdeleri aralan\u0131yor! <\/p>\n","protected":false},"excerpt":{"rendered":"<p>Sava\u015f meydan\u0131nda do\u011fan ve paral\u0131 asker birli\u011finin komutan\u0131 Gambino taraf\u0131ndan bu\u0308yu\u0308tu\u0308len gen\u00e7 Guts. Onu yeti\u015ftiren babas\u0131 taraf\u0131ndan zorbal\u0131\u011fa u\u011frayan ve kanla y\u0131kanm\u0131\u015f sava\u015f meydanlar\u0131nda bu\u0308yu\u0308yu\u0308p serpilen<span class=\"excerpt-hellip\"> [\u2026]<\/span><\/p>\n","protected":false},"featured_media":0,"template":"","meta":{"_monsterinsights_skip_tracking":false,"_monsterinsights_sitenote_active":false,"_monsterinsights_sitenote_note":"","_monsterinsights_sitenote_category":0},"product_brand":[],"product_cat":[12416,12291],"product_tag":[],"class_list":{"0":"post-765790","1":"product","2":"type-product","3":"status-publish","5":"product_cat-cizgi-roman","6":"product_cat-edebiyat","7":"pa_cilt-ciltsiz","8":"pa_tur-kitap","9":"pa_yayinevi-athica-yayinlari","10":"pa_yazar-kentaro-miura","12":"first","13":"instock","14":"sale","15":"shipping-taxable","16":"purchasable","17":"product-type-simple"},"_links":{"self":[{"href":"https:\/\/roveyayinevi.com.tr\/index.php\/wp-json\/wp\/v2\/product\/765790","targetHints":{"allow":["GET"]}}],"collection":[{"href":"https:\/\/roveyayinevi.com.tr\/index.php\/wp-json\/wp\/v2\/product"}],"about":[{"href":"https:\/\/roveyayinevi.com.tr\/index.php\/wp-json\/wp\/v2\/types\/product"}],"wp:attachment":[{"href":"https:\/\/roveyayinevi.com.tr\/index.php\/wp-json\/wp\/v2\/media?parent=765790"}],"wp:term":[{"taxonomy":"product_brand","embeddable":true,"href":"https:\/\/roveyayinevi.com.tr\/index.php\/wp-json\/wp\/v2\/product_brand?post=765790"},{"taxonomy":"product_cat","embeddable":true,"href":"https:\/\/roveyayinevi.com.tr\/index.php\/wp-json\/wp\/v2\/product_cat?post=765790"},{"taxonomy":"product_tag","embeddable":true,"href":"https:\/\/roveyayinevi.com.tr\/index.php\/wp-json\/wp\/v2\/product_tag?post=765790"}],"curies":[{"name":"wp","href":"https:\/\/api.w.org\/{rel}","templated":true}]}}