{"id":765789,"date":"2025-08-28T11:51:38","date_gmt":"2025-08-28T08:51:38","guid":{"rendered":"https:\/\/roveyayinevi.com.tr\/index.php\/urun\/imparatorun-kizi-5\/"},"modified":"2026-04-15T03:31:35","modified_gmt":"2026-04-15T00:31:35","slug":"imparatorun-kizi-5","status":"publish","type":"product","link":"https:\/\/roveyayinevi.com.tr\/index.php\/urun\/imparatorun-kizi-5\/","title":{"rendered":"\u0130mparatorun K\u0131z\u0131 5"},"content":{"rendered":"<p>\u201cASS\u0130S\u0130, SANA YATA\u011eIMI \u00d6D\u00dcN\u00c7 VERECE\u011e\u0130M. HAD\u0130 UZAN!\u201d   B\u0130R PRENSES\u0130N MUTLU B\u0130R HAYATI OLACA\u011eINI K\u0130M S\u00d6YLED\u0130? MUTLUYUM AMA ARTIK KORUYUCU \u015e\u00d6VALYEME BAKMAM GEREK\u0130YOR&#8230; BU B\u0130R PRENSES\u0130N HAYATI OLAMAZ!   \u0130K\u0130 YILDIR ODAMIN \u00d6N\u00dcNDE N\u00d6BET TUTAN \u015e\u00d6VALYEM\u0130 BU \u015eEK\u0130LDE BIRAKAMAM DE\u011e\u0130L M\u0130?   PEK\u0130 AMA SEN NEDEN BU KADAR ALINGANSIN BABA? YOKSA SIRF \u015e\u00d6VALYEM\u0130 \u00d6NEMS\u0130YORUM D\u0130YE M\u0130 BANA K\u00dcST\u00dcN?   GER\u00c7EKTEN AMA\u2026 \u00c7OCUK OLAN BEN\u0130M. NEDEN BEN\u0130M \u00dc\u00c7 O\u011eLAN \u00c7OCU\u011eUNA BAKMAM GEREK\u0130YOR! HAYATIM B\u00d6YLE B\u0130TMEYECEK, DE\u011e\u0130L M\u0130?   ROMANDA \u00c7\u00d6Z\u00dcLEMEYEN H\u0130K\u00c2YE \u015e\u0130MD\u0130 BURADA \u00c7\u00d6Z\u00dcL\u00dcYOR! <\/p>\n","protected":false},"excerpt":{"rendered":"<p>\u201cASS\u0130S\u0130, SANA YATA\u011eIMI \u00d6D\u00dcN\u00c7 VERECE\u011e\u0130M. HAD\u0130 UZAN!\u201d B\u0130R PRENSES\u0130N MUTLU B\u0130R HAYATI OLACA\u011eINI K\u0130M S\u00d6YLED\u0130? MUTLUYUM AMA ARTIK KORUYUCU \u015e\u00d6VALYEME BAKMAM GEREK\u0130YOR&#8230; BU B\u0130R PRENSES\u0130N HAYATI<span class=\"excerpt-hellip\"> [\u2026]<\/span><\/p>\n","protected":false},"featured_media":0,"template":"","meta":{"_monsterinsights_skip_tracking":false,"_monsterinsights_sitenote_active":false,"_monsterinsights_sitenote_note":"","_monsterinsights_sitenote_category":0},"product_brand":[],"product_cat":[12416,12291],"product_tag":[],"class_list":{"0":"post-765789","1":"product","2":"type-product","3":"status-publish","5":"product_cat-cizgi-roman","6":"product_cat-edebiyat","7":"pa_cilt-ciltsiz","8":"pa_tur-kitap","9":"pa_yayinevi-athica-yayinlari","10":"pa_yazar-rino","12":"first","13":"instock","14":"sale","15":"shipping-taxable","16":"purchasable","17":"product-type-simple"},"_links":{"self":[{"href":"https:\/\/roveyayinevi.com.tr\/index.php\/wp-json\/wp\/v2\/product\/765789","targetHints":{"allow":["GET"]}}],"collection":[{"href":"https:\/\/roveyayinevi.com.tr\/index.php\/wp-json\/wp\/v2\/product"}],"about":[{"href":"https:\/\/roveyayinevi.com.tr\/index.php\/wp-json\/wp\/v2\/types\/product"}],"wp:attachment":[{"href":"https:\/\/roveyayinevi.com.tr\/index.php\/wp-json\/wp\/v2\/media?parent=765789"}],"wp:term":[{"taxonomy":"product_brand","embeddable":true,"href":"https:\/\/roveyayinevi.com.tr\/index.php\/wp-json\/wp\/v2\/product_brand?post=765789"},{"taxonomy":"product_cat","embeddable":true,"href":"https:\/\/roveyayinevi.com.tr\/index.php\/wp-json\/wp\/v2\/product_cat?post=765789"},{"taxonomy":"product_tag","embeddable":true,"href":"https:\/\/roveyayinevi.com.tr\/index.php\/wp-json\/wp\/v2\/product_tag?post=765789"}],"curies":[{"name":"wp","href":"https:\/\/api.w.org\/{rel}","templated":true}]}}