{"id":765788,"date":"2025-08-28T11:51:35","date_gmt":"2025-08-28T08:51:35","guid":{"rendered":"https:\/\/roveyayinevi.com.tr\/index.php\/urun\/altin-bulmadan-zengin-olunmaz\/"},"modified":"2026-04-15T03:31:35","modified_gmt":"2026-04-15T00:31:35","slug":"altin-bulmadan-zengin-olunmaz","status":"publish","type":"product","link":"https:\/\/roveyayinevi.com.tr\/index.php\/urun\/altin-bulmadan-zengin-olunmaz\/","title":{"rendered":"Alt\u0131n Bulmadan Zengin Olunmaz"},"content":{"rendered":"<p>Ger\u00e7ek hazine emektir! Her ba\u015far\u0131n\u0131n temelinde \u00e7al\u0131\u015fma ve \u00f6zveri vard\u0131r. Azimli olanlar, \u00e7a\u011f\u0131n gerekliliklerini takip edenler bunun kar\u015f\u0131l\u0131\u011f\u0131n\u0131 er ge\u00e7 maddi ve manevi olarak al\u0131rlar. Kolay pes edenler ya da sab\u0131rs\u0131z olanlar ise ba\u015far\u0131l\u0131 insanlar\u0131 g\u00f6rd\u00fcklerinde bunun ilahi bir el, kayna\u011f\u0131 belirsiz bir destekle ger\u00e7ekle\u015fti\u011fine inan\u0131r. K\u00fc\u00e7\u00fck \u015fehirlerde, kasabalarda bu inan\u00e7 efsanele\u015fip yay\u0131l\u0131r. Bu kitap Do\u011fan Ailesi\u2019nin \u00c7anakkale\u2019nin Biga il\u00e7esinde, verdikleri emek yok say\u0131larak, alt\u0131n bulduklar\u0131 iddias\u0131yla ba\u015flayan ba\u015far\u0131 yolculu\u011funu anlat\u0131yor. Babas\u0131n\u0131n \u00f6nderli\u011finde, karde\u015fleriyle Do\u011fta\u015f Mobilya\u2019y\u0131 kurup geli\u015ftiren Davut Do\u011fan, giri\u015fimcilik \u00f6yk\u00fcs\u00fcn\u00fc, alt\u0131n de\u011ferindeki prensiplerine de yer vererek okurlar\u0131na sunuyor. \u201cAlt\u0131n bulmadan zengin olunmaz!\u201d diyenlere, 35 metrekarelik bir d\u00fckk\u00e2ndaba\u015flay\u0131p mobilyadan in\u015faata, enerjiden tar\u0131ma k\u00fcresel projelere imza atan Do\u011fan Ailesi\u2019nin ba\u015far\u0131s\u0131n\u0131n s\u0131rlar\u0131n\u0131 veriyor. <\/p>\n","protected":false},"excerpt":{"rendered":"<p>Ger\u00e7ek hazine emektir! Her ba\u015far\u0131n\u0131n temelinde \u00e7al\u0131\u015fma ve \u00f6zveri vard\u0131r. Azimli olanlar, \u00e7a\u011f\u0131n gerekliliklerini takip edenler bunun kar\u015f\u0131l\u0131\u011f\u0131n\u0131 er ge\u00e7 maddi ve manevi olarak al\u0131rlar. Kolay<span class=\"excerpt-hellip\"> [\u2026]<\/span><\/p>\n","protected":false},"featured_media":0,"template":"","meta":{"_monsterinsights_skip_tracking":false,"_monsterinsights_sitenote_active":false,"_monsterinsights_sitenote_note":"","_monsterinsights_sitenote_category":0},"product_brand":[],"product_cat":[18545,12291],"product_tag":[],"class_list":{"0":"post-765788","1":"product","2":"type-product","3":"status-publish","5":"product_cat-anlati","6":"product_cat-edebiyat","7":"pa_cilt-ciltsiz","8":"pa_tur-kitap","9":"pa_yayinevi-destek-yayinlari","10":"pa_yazar-davut-dogan","12":"first","13":"instock","14":"sale","15":"shipping-taxable","16":"purchasable","17":"product-type-simple"},"_links":{"self":[{"href":"https:\/\/roveyayinevi.com.tr\/index.php\/wp-json\/wp\/v2\/product\/765788","targetHints":{"allow":["GET"]}}],"collection":[{"href":"https:\/\/roveyayinevi.com.tr\/index.php\/wp-json\/wp\/v2\/product"}],"about":[{"href":"https:\/\/roveyayinevi.com.tr\/index.php\/wp-json\/wp\/v2\/types\/product"}],"wp:attachment":[{"href":"https:\/\/roveyayinevi.com.tr\/index.php\/wp-json\/wp\/v2\/media?parent=765788"}],"wp:term":[{"taxonomy":"product_brand","embeddable":true,"href":"https:\/\/roveyayinevi.com.tr\/index.php\/wp-json\/wp\/v2\/product_brand?post=765788"},{"taxonomy":"product_cat","embeddable":true,"href":"https:\/\/roveyayinevi.com.tr\/index.php\/wp-json\/wp\/v2\/product_cat?post=765788"},{"taxonomy":"product_tag","embeddable":true,"href":"https:\/\/roveyayinevi.com.tr\/index.php\/wp-json\/wp\/v2\/product_tag?post=765788"}],"curies":[{"name":"wp","href":"https:\/\/api.w.org\/{rel}","templated":true}]}}