{"id":765787,"date":"2025-08-28T11:51:34","date_gmt":"2025-08-28T08:51:34","guid":{"rendered":"https:\/\/roveyayinevi.com.tr\/index.php\/urun\/ataturkun-yani-basindan-daragacina\/"},"modified":"2026-04-15T03:31:35","modified_gmt":"2026-04-15T00:31:35","slug":"ataturkun-yani-basindan-daragacina","status":"publish","type":"product","link":"https:\/\/roveyayinevi.com.tr\/index.php\/urun\/ataturkun-yani-basindan-daragacina\/","title":{"rendered":"Atat\u00fcrk\u2019\u00fcn Yan\u0131 Ba\u015f\u0131ndan Dara\u011fac\u0131na"},"content":{"rendered":"<p>\u201cKURTLUKTA D\u00dc\u015eEN\u0130 YEMEK KANUNDUR!\u201d\u2013 KEMAL TAH\u0130R, KURT KANUNU Milli M\u00fccadele s\u00fcrecinin sonuna do\u011fru Halide Edip\u2019in Mustafa Kemal Pa\u015fa\u2019ya \u201c\u0130zmir\u2019i ald\u0131ktan sonra art\u0131k biraz dinlenirsiniz pa\u015fam, \u00e7ok yoruldunuz&#8230;\u201d demesi \u00fczerine Gazi\u2019nin cevab\u0131 adeta olacaklar\u0131n habercisi gibidir: \u201cDinlenmek mi? Yunanl\u0131lardan sonra birbirimizle kavga edece\u011fiz, birbirimizi yiyece\u011fiz!\u201d Ay\u0131c\u0131 Arif, Mustafa Kemal Atat\u00fcrk\u2019\u00fcn en yak\u0131n arkada\u015flar\u0131ndan biriydi. Harbiye\u2019deki dostluklar\u0131 \u0130stanbul\u2019daki e\u011flencelerden \u00c7anakkale ve t\u00fcm Kurtulu\u015f Sava\u015f\u0131 y\u0131llar\u0131nda ya\u015fanan cephe m\u00fccadelelerine de\u011fin s\u00fcrm\u00fc\u015ft\u00fc. Ta ki Ay\u0131c\u0131 Arif\u2019in T\u00fcrkiye\u2019nin kurucu \u00f6nderine y\u00f6nelik suikast\u0131na kadar. Okuyacaklar\u0131n\u0131z bir dostlu\u011fun nas\u0131l hainli\u011fe d\u00f6n\u00fc\u015ft\u00fc\u011f\u00fcn\u00fcn ve dara\u011fac\u0131nda son bulu\u015funun hik\u00e2yesidir&#8230; <\/p>\n","protected":false},"excerpt":{"rendered":"<p>\u201cKURTLUKTA D\u00dc\u015eEN\u0130 YEMEK KANUNDUR!\u201d\u2013 KEMAL TAH\u0130R, KURT KANUNU Milli M\u00fccadele s\u00fcrecinin sonuna do\u011fru Halide Edip\u2019in Mustafa Kemal Pa\u015fa\u2019ya \u201c\u0130zmir\u2019i ald\u0131ktan sonra art\u0131k biraz dinlenirsiniz pa\u015fam, \u00e7ok<span class=\"excerpt-hellip\"> [\u2026]<\/span><\/p>\n","protected":false},"featured_media":0,"template":"","meta":{"_monsterinsights_skip_tracking":false,"_monsterinsights_sitenote_active":false,"_monsterinsights_sitenote_note":"","_monsterinsights_sitenote_category":0},"product_brand":[],"product_cat":[12304,13650],"product_tag":[],"class_list":{"0":"post-765787","1":"product","2":"type-product","3":"status-publish","5":"product_cat-tarih","6":"product_cat-turk-tarihi-arastirmalari","7":"pa_cilt-ciltsiz","8":"pa_tur-kitap","9":"pa_yayinevi-destek-yayinlari","10":"pa_yazar-yasar-gursoy","12":"first","13":"instock","14":"sale","15":"shipping-taxable","16":"purchasable","17":"product-type-simple"},"_links":{"self":[{"href":"https:\/\/roveyayinevi.com.tr\/index.php\/wp-json\/wp\/v2\/product\/765787","targetHints":{"allow":["GET"]}}],"collection":[{"href":"https:\/\/roveyayinevi.com.tr\/index.php\/wp-json\/wp\/v2\/product"}],"about":[{"href":"https:\/\/roveyayinevi.com.tr\/index.php\/wp-json\/wp\/v2\/types\/product"}],"wp:attachment":[{"href":"https:\/\/roveyayinevi.com.tr\/index.php\/wp-json\/wp\/v2\/media?parent=765787"}],"wp:term":[{"taxonomy":"product_brand","embeddable":true,"href":"https:\/\/roveyayinevi.com.tr\/index.php\/wp-json\/wp\/v2\/product_brand?post=765787"},{"taxonomy":"product_cat","embeddable":true,"href":"https:\/\/roveyayinevi.com.tr\/index.php\/wp-json\/wp\/v2\/product_cat?post=765787"},{"taxonomy":"product_tag","embeddable":true,"href":"https:\/\/roveyayinevi.com.tr\/index.php\/wp-json\/wp\/v2\/product_tag?post=765787"}],"curies":[{"name":"wp","href":"https:\/\/api.w.org\/{rel}","templated":true}]}}