{"id":765786,"date":"2025-08-28T11:51:33","date_gmt":"2025-08-28T08:51:33","guid":{"rendered":"https:\/\/roveyayinevi.com.tr\/index.php\/urun\/alternatif-iktisat\/"},"modified":"2026-04-15T03:31:35","modified_gmt":"2026-04-15T00:31:35","slug":"alternatif-iktisat","status":"publish","type":"product","link":"https:\/\/roveyayinevi.com.tr\/index.php\/urun\/alternatif-iktisat\/","title":{"rendered":"Alternatif \u0130ktisat"},"content":{"rendered":"<p>Alternatif varsa umut var! Bu kitab\u0131 yazarken ekonomiyle ilgili olumlu bir yorum yazamad\u0131\u011f\u0131m\u0131 fark ettim ve kendimi \u00e7ok sorgulad\u0131m. Y\u0131llar \u00f6nceki yaz\u0131lar\u0131m\u0131 inceledi\u011fimde \u00f6zellikle son yedi y\u0131lda sadece ekonomide de\u011fil, bir\u00e7ok konuda bozulman\u0131n h\u0131zland\u0131\u011f\u0131n\u0131 g\u00f6rd\u00fcm. Bazen ayn\u0131 bozulmalar\u0131n Bat\u0131\u2019da da g\u00f6r\u00fcld\u00fc\u011f\u00fcne dair yorumlar duyuyorum. Halbuki yedi cihana meydan okuyup e\u015fine az rastlanan bir ba\u015far\u0131yla kurdu\u011fumuz Cumhuriyet, bir zamanlar mazlumlar\u0131n umudu olmu\u015ftu. Elinizde tuttu\u011funuz \u00e7al\u0131\u015fmay\u0131 tahamm\u00fcl seviyemin zorland\u0131\u011f\u0131 bir s\u00fcre\u00e7te haz\u0131rlad\u0131m. Yine de bilimden ve pratikten kopmamak ad\u0131na kabul edilebilir bir seviyede kalmay\u0131 ba\u015fard\u0131m. Hatta \u00f6nce \u201cbiz\u201di sonra da yap\u0131lan yanl\u0131\u015flar\u0131 ve bunlar\u0131 d\u00fczeltme yollar\u0131n\u0131 tarif ettim. Hemfikir olmam\u0131za gerek yok. Yeter ki farkl\u0131 \u00e7\u00f6z\u00fcm ve bak\u0131\u015f a\u00e7\u0131lar\u0131 sunarak alternatif yollar araman\u0131z i\u00e7in size ilham versin. <\/p>\n","protected":false},"excerpt":{"rendered":"<p>Alternatif varsa umut var! Bu kitab\u0131 yazarken ekonomiyle ilgili olumlu bir yorum yazamad\u0131\u011f\u0131m\u0131 fark ettim ve kendimi \u00e7ok sorgulad\u0131m. Y\u0131llar \u00f6nceki yaz\u0131lar\u0131m\u0131 inceledi\u011fimde \u00f6zellikle son yedi<span class=\"excerpt-hellip\"> [\u2026]<\/span><\/p>\n","protected":false},"featured_media":0,"template":"","meta":{"_monsterinsights_skip_tracking":false,"_monsterinsights_sitenote_active":false,"_monsterinsights_sitenote_note":"","_monsterinsights_sitenote_category":0},"product_brand":[],"product_cat":[14841,13043],"product_tag":[],"class_list":{"0":"post-765786","1":"product","2":"type-product","3":"status-publish","5":"product_cat-arastirma-inceleme-kuram","6":"product_cat-ekonomi","7":"pa_cilt-ciltsiz","8":"pa_tur-kitap","9":"pa_yayinevi-destek-yayinlari","10":"pa_yazar-emre-alkin","12":"first","13":"instock","14":"sale","15":"shipping-taxable","16":"purchasable","17":"product-type-simple"},"_links":{"self":[{"href":"https:\/\/roveyayinevi.com.tr\/index.php\/wp-json\/wp\/v2\/product\/765786","targetHints":{"allow":["GET"]}}],"collection":[{"href":"https:\/\/roveyayinevi.com.tr\/index.php\/wp-json\/wp\/v2\/product"}],"about":[{"href":"https:\/\/roveyayinevi.com.tr\/index.php\/wp-json\/wp\/v2\/types\/product"}],"wp:attachment":[{"href":"https:\/\/roveyayinevi.com.tr\/index.php\/wp-json\/wp\/v2\/media?parent=765786"}],"wp:term":[{"taxonomy":"product_brand","embeddable":true,"href":"https:\/\/roveyayinevi.com.tr\/index.php\/wp-json\/wp\/v2\/product_brand?post=765786"},{"taxonomy":"product_cat","embeddable":true,"href":"https:\/\/roveyayinevi.com.tr\/index.php\/wp-json\/wp\/v2\/product_cat?post=765786"},{"taxonomy":"product_tag","embeddable":true,"href":"https:\/\/roveyayinevi.com.tr\/index.php\/wp-json\/wp\/v2\/product_tag?post=765786"}],"curies":[{"name":"wp","href":"https:\/\/api.w.org\/{rel}","templated":true}]}}