{"id":765785,"date":"2025-08-28T11:51:30","date_gmt":"2025-08-28T08:51:30","guid":{"rendered":"https:\/\/roveyayinevi.com.tr\/index.php\/urun\/duvarlarin-ardinda\/"},"modified":"2025-11-12T10:57:48","modified_gmt":"2025-11-12T07:57:48","slug":"duvarlarin-ardinda","status":"publish","type":"product","link":"https:\/\/roveyayinevi.com.tr\/index.php\/urun\/duvarlarin-ardinda\/","title":{"rendered":"Duvarlar\u0131n Ard\u0131nda"},"content":{"rendered":"<p>HAYAT, EN G\u00dcZEL \u015eEYLER\u0130 G\u00d6STERMEK \u0130\u00c7\u0130N \u0130NSANI BAZEN EN KORKUN\u00c7 YERLERE \u00c7A\u011eIRIR. G\u00fcvercin ve annesi Peri, \u0130stanbul\u2019un ac\u0131mas\u0131z \u015fartlar\u0131yla sava\u015f\u0131yor, kurulan tuzaklardan ka\u00e7\u0131yor, ayakta kalmaya \u00e7al\u0131\u015f\u0131yordu. Peri, imkans\u0131zl\u0131klar\u0131n, yoksullu\u011fun ve dul olmas\u0131n\u0131n y\u00fck\u00fcn\u00fc tek ba\u015f\u0131na s\u0131rtlamak istese de bunu ba\u015faram\u0131yor, babas\u0131z b\u00fcy\u00fcyen o\u011fullar\u0131n\u0131n a\u00e7t\u0131\u011f\u0131 zarar ziyan\u0131n t\u00fcm faturas\u0131n\u0131n G\u00fcvercin\u2019e kesilmesine engel olam\u0131yordu. B\u00fcy\u00fck \u015fehirde ayakta kalmak ve kimseye muhta\u00e7 olmamak ad\u0131na g\u00fcnah yollardan para kazanma yolunu deneyen Peri\u2019nin, yapt\u0131\u011f\u0131 bu son derece tehlikeli i\u015fin kendisine sonradan a\u011f\u0131r bedeller \u00f6detece\u011finden hi\u00e7 haberi yoktu. Ya\u015far, muhitinde sevilen yak\u0131\u015f\u0131kl\u0131 bir gen\u00e7ti ama kaderi y\u00fcz\u00fc kadar g\u00fczel de\u011fildi. Babas\u0131 \u015eehmuz ile y\u0131ld\u0131zlar\u0131 bir t\u00fcrl\u00fc bar\u0131\u015fmayan Ya\u015far, \u015fiddet g\u00f6ren annesini yaln\u0131z b\u0131rakmamak ad\u0131na bir yandan babas\u0131n\u0131n t\u00fcrl\u00fc hakaretleriyle bo\u011fu\u015fuyor bir yandan da \u015fehrin k\u00f6t\u00fcl\u00fckleriyle ba\u015fa \u00e7\u0131kmaya \u00e7al\u0131\u015f\u0131yordu. E\u015finin \u00f6l\u00fcm\u00fcnden sonra zar zor toparlan\u0131p \u015firketinin ba\u015f\u0131na ge\u00e7en Dervi\u015f, tekrar mutlu olmay\u0131 denemek ad\u0131na, i\u015fe al\u0131nd\u0131ktan k\u0131sa s\u00fcre sonra azmi ve gayretiyle g\u00f6ze batan Jale ile hayat\u0131n\u0131 birle\u015ftirerek tekrar d\u00fcnya evine girmi\u015fti. D\u00fcnyalar iyisi bir insan olan Dervi\u015f, nas\u0131l bir yanl\u0131\u015f yapt\u0131\u011f\u0131n\u0131n fark\u0131nda de\u011fildi. <\/p>\n","protected":false},"excerpt":{"rendered":"<p>HAYAT, EN G\u00dcZEL \u015eEYLER\u0130 G\u00d6STERMEK \u0130\u00c7\u0130N \u0130NSANI BAZEN EN KORKUN\u00c7 YERLERE \u00c7A\u011eIRIR. G\u00fcvercin ve annesi Peri, \u0130stanbul\u2019un ac\u0131mas\u0131z \u015fartlar\u0131yla sava\u015f\u0131yor, kurulan tuzaklardan ka\u00e7\u0131yor, ayakta kalmaya \u00e7al\u0131\u015f\u0131yordu.<span class=\"excerpt-hellip\"> [\u2026]<\/span><\/p>\n","protected":false},"featured_media":0,"template":"","meta":{"_monsterinsights_skip_tracking":false,"_monsterinsights_sitenote_active":false,"_monsterinsights_sitenote_note":"","_monsterinsights_sitenote_category":0},"product_brand":[],"product_cat":[12291,12711],"product_tag":[],"class_list":{"0":"post-765785","1":"product","2":"type-product","3":"status-publish","5":"product_cat-edebiyat","6":"product_cat-roman-oyku","7":"pa_cilt-ciltsiz","8":"pa_tur-kitap","9":"pa_yayinevi-destek-yayinlari","10":"pa_yazar-mehmet-aygun","12":"first","13":"instock","14":"sale","15":"shipping-taxable","16":"purchasable","17":"product-type-simple"},"_links":{"self":[{"href":"https:\/\/roveyayinevi.com.tr\/index.php\/wp-json\/wp\/v2\/product\/765785","targetHints":{"allow":["GET"]}}],"collection":[{"href":"https:\/\/roveyayinevi.com.tr\/index.php\/wp-json\/wp\/v2\/product"}],"about":[{"href":"https:\/\/roveyayinevi.com.tr\/index.php\/wp-json\/wp\/v2\/types\/product"}],"wp:attachment":[{"href":"https:\/\/roveyayinevi.com.tr\/index.php\/wp-json\/wp\/v2\/media?parent=765785"}],"wp:term":[{"taxonomy":"product_brand","embeddable":true,"href":"https:\/\/roveyayinevi.com.tr\/index.php\/wp-json\/wp\/v2\/product_brand?post=765785"},{"taxonomy":"product_cat","embeddable":true,"href":"https:\/\/roveyayinevi.com.tr\/index.php\/wp-json\/wp\/v2\/product_cat?post=765785"},{"taxonomy":"product_tag","embeddable":true,"href":"https:\/\/roveyayinevi.com.tr\/index.php\/wp-json\/wp\/v2\/product_tag?post=765785"}],"curies":[{"name":"wp","href":"https:\/\/api.w.org\/{rel}","templated":true}]}}