{"id":765783,"date":"2025-08-28T11:51:26","date_gmt":"2025-08-28T08:51:26","guid":{"rendered":"https:\/\/roveyayinevi.com.tr\/index.php\/urun\/kaybolmayan-cocuklar\/"},"modified":"2026-04-15T03:31:35","modified_gmt":"2026-04-15T00:31:35","slug":"kaybolmayan-cocuklar","status":"publish","type":"product","link":"https:\/\/roveyayinevi.com.tr\/index.php\/urun\/kaybolmayan-cocuklar\/","title":{"rendered":"Kaybolmayan \u00c7ocuklar"},"content":{"rendered":"<p>A\u011flamaktan konu\u015famayan iki karde\u015fin arkas\u0131ndan yakla\u015fan Hrant Dink, kollar\u0131ndan tutarak ikisini de aya\u011fa kald\u0131rd\u0131. Hrant da a\u011flam\u0131\u015f, g\u00f6zleri k\u0131zarm\u0131\u015ft\u0131.   \u201cYeter art\u0131k a\u011flamay\u0131n. Bak birbirinizi buldunuz. Bir daha da kaybolmay\u0131n \u00e7ocuklar,\u201d dedikten sonra ikisini de tulumban\u0131n ba\u015f\u0131na g\u00f6t\u00fcr\u00fcp su \u00e7ekti. \u0130ki karde\u015f ellerini y\u00fczlerini y\u0131kad\u0131lar. Hep birlikte \u00f6\u011fle yeme\u011fine gittiler.   Yemek s\u0131ras\u0131nda iki karde\u015f yan yana oturdu. Yemekhanedeki herkes iki karde\u015fe bak\u0131yordu. Garo ve Filomen i\u00e7in ise birbirlerinden ba\u015fka kimse yok gibiydi. Yemekten sonra bah\u00e7eye \u00e7\u0131kt\u0131lar. Kamp\u0131n \u00e7ocuklar\u0131 etraflar\u0131n\u0131 sarm\u0131\u015ft\u0131. Fransa\u2019dan gelen d\u00f6rt gazeteci de bah\u00e7edeydi. Gazeteciler kampta kal\u0131yor ve gazeteleri i\u00e7in bir yaz\u0131 dizisi haz\u0131rl\u0131yorlard\u0131. Kamp\u0131n \u00e7ocuklar\u0131 ard\u0131 ard\u0131na sorular soruyordu. Kimi de hi\u00e7 karde\u015fi olmad\u0131\u011f\u0131 i\u00e7in k\u0131skand\u0131\u011f\u0131n\u0131 s\u00f6yl\u00fcyordu. Garo en sevdi\u011fi yerde en \u00e7ok arad\u0131\u011f\u0131 ki\u015fiyle olmaktan mutluydu. \u0130ki karde\u015fin bulu\u015fmas\u0131 herkesi \u00f6nce a\u011flatm\u0131\u015f sonra da \u00e7ok mutlu etmi\u015fti. Kampta bir bayram havas\u0131 m\u0131 vard\u0131 yoksa Garo\u2019ya m\u0131 \u00f6yle geliyordu? Ku\u015flar bile bir ba\u015fka \u00f6t\u00fcyordu bug\u00fcn. Bu gece karde\u015fiyle kalmas\u0131na izin vermeleri de ayr\u0131 bir mutluluktu. <\/p>\n","protected":false},"excerpt":{"rendered":"<p>A\u011flamaktan konu\u015famayan iki karde\u015fin arkas\u0131ndan yakla\u015fan Hrant Dink, kollar\u0131ndan tutarak ikisini de aya\u011fa kald\u0131rd\u0131. Hrant da a\u011flam\u0131\u015f, g\u00f6zleri k\u0131zarm\u0131\u015ft\u0131. \u201cYeter art\u0131k a\u011flamay\u0131n. Bak birbirinizi buldunuz. Bir<span class=\"excerpt-hellip\"> [\u2026]<\/span><\/p>\n","protected":false},"featured_media":0,"template":"","meta":{"_monsterinsights_skip_tracking":false,"_monsterinsights_sitenote_active":false,"_monsterinsights_sitenote_note":"","_monsterinsights_sitenote_category":0},"product_brand":[],"product_cat":[14009,12291],"product_tag":[],"class_list":{"0":"post-765783","1":"product","2":"type-product","3":"status-publish","5":"product_cat-biyografi-otobiyografi-edebiyat","6":"product_cat-edebiyat","7":"pa_cilt-ciltsiz","8":"pa_tur-kitap","9":"pa_yayinevi-la-kitap-yayinlari","10":"pa_yazar-aysel-kilic","12":"first","13":"instock","14":"sale","15":"shipping-taxable","16":"purchasable","17":"product-type-simple"},"_links":{"self":[{"href":"https:\/\/roveyayinevi.com.tr\/index.php\/wp-json\/wp\/v2\/product\/765783","targetHints":{"allow":["GET"]}}],"collection":[{"href":"https:\/\/roveyayinevi.com.tr\/index.php\/wp-json\/wp\/v2\/product"}],"about":[{"href":"https:\/\/roveyayinevi.com.tr\/index.php\/wp-json\/wp\/v2\/types\/product"}],"wp:attachment":[{"href":"https:\/\/roveyayinevi.com.tr\/index.php\/wp-json\/wp\/v2\/media?parent=765783"}],"wp:term":[{"taxonomy":"product_brand","embeddable":true,"href":"https:\/\/roveyayinevi.com.tr\/index.php\/wp-json\/wp\/v2\/product_brand?post=765783"},{"taxonomy":"product_cat","embeddable":true,"href":"https:\/\/roveyayinevi.com.tr\/index.php\/wp-json\/wp\/v2\/product_cat?post=765783"},{"taxonomy":"product_tag","embeddable":true,"href":"https:\/\/roveyayinevi.com.tr\/index.php\/wp-json\/wp\/v2\/product_tag?post=765783"}],"curies":[{"name":"wp","href":"https:\/\/api.w.org\/{rel}","templated":true}]}}