{"id":765778,"date":"2025-08-28T11:51:18","date_gmt":"2025-08-28T08:51:18","guid":{"rendered":"https:\/\/roveyayinevi.com.tr\/index.php\/urun\/cocuklar-icin-psikoloji-fleksi-kapak\/"},"modified":"2026-04-15T03:31:35","modified_gmt":"2026-04-15T00:31:35","slug":"cocuklar-icin-psikoloji-fleksi-kapak","status":"publish","type":"product","link":"https:\/\/roveyayinevi.com.tr\/index.php\/urun\/cocuklar-icin-psikoloji-fleksi-kapak\/","title":{"rendered":"\u00c7ocuklar \u0130\u00e7in Psikoloji (Fleksi Kapak)"},"content":{"rendered":"<p>Psikolojinin b\u00fcy\u00fcl\u00fc d\u00fcnyas\u0131n\u0131 ke\u015ffetmek isteyen \u00e7ocuklar i\u00e7in bilimsel bir rehber!  \u00c7ocuklar\u0131 psikoloji bilimiyle tan\u0131\u015ft\u0131rmay\u0131 ama\u00e7layan  bu heyecan verici kitap; beyin, ki\u015filik, zeka, duygular ve sosyal ili\u015fkiler ba\u015fta olmak \u00fczere insan\u0131n i\u00e7 d\u00fcnyas\u0131na dair \u00e7ok \u00e7e\u015fitli kavramlar\u0131 ke\u015ffetmeye do\u011fru okuyucular\u0131 bir yolculu\u011fa \u00e7\u0131kart\u0131yor. Ayn\u0131 zamanda  kendimiz, di\u011ferleri ve \u00e7evremizle ilgili \u00f6nemli sorular\u0131n cevaplar\u0131n\u0131 ara\u015ft\u0131rmak i\u00e7in ise capcanl\u0131 ill\u00fcstrasyonlarla bezenmi\u015f bir d\u00fc\u015f\u00fcnme alan\u0131 sunuyor. Ba\u015fta\u201cNeden uyuruz? Duygular ve d\u00fc\u015f\u00fcnceler nas\u0131l ortaya \u00e7\u0131kar? \u0130nsan nas\u0131l karar al\u0131r? Zeki olmak nedir? Arkada\u015fl\u0131k ili\u015fkileri nas\u0131l kurulur? Kendimizi nas\u0131l motive edebiliriz?\u201d olmak \u00fczere bu sorular\u0131 ve daha nicesini  bilimsel veriler e\u015fli\u011finde ve birbirinden detayl\u0131 i\u015flenmi\u015f b\u00f6l\u00fcmlerinde ele alan \u00c7ocuklar i\u00e7in Psikoloji kitab\u0131, zihnin b\u00fcy\u00fcleyici d\u00fcnyas\u0131na \u0131\u015f\u0131k tutuyor ve psikoloji bilimiyle \u00e7ocuklar\u0131 daha \u00e7ok erken ya\u015flarda e\u011flenceli bir yolla bulu\u015fturuyor. Alan\u0131nda uzman psikologlar taraf\u0131ndan yaz\u0131lm\u0131\u015f bu kitap; s\u0131rad\u0131\u015f\u0131 yan bilgiler ve kolay okumay\u0131 m\u00fcmk\u00fcn k\u0131lan renkli kutucuklarla okuma deneyimini ilgi \u00e7ekici hale getiriyor. G\u00fcncel \u00f6rneklerle desteklenen zamans\u0131z bilgiler de Amerikan Psikoloji Derne\u011fi (APA) g\u00fcvencesiyle desteklenerek, bir bilim kitab\u0131 olarak raflarda yerini almaya haz\u0131rlan\u0131yor.  Bu \u00e7ocuk dostu psikolojiye giri\u015f kitab\u0131, psikoloji bilimini, psikologlar\u0131n  \u00e7al\u0131\u015fma alanlar\u0131n\u0131 tan\u0131tmay\u0131 ama\u00e7l\u0131yor. Kitab\u0131n klinik psikolog olan yazarlar\u0131 her b\u00f6l\u00fcmde olduk\u00e7a detayl\u0131 bir yakla\u015f\u0131mla beyin, bili\u015f, cinsiyet, kimlik, \u00f6\u011frenme, geli\u015fim, ki\u015filik, zeka, duygular, stres y\u00f6netimi ve ili\u015fkiler gibi insan\u0131n i\u00e7 d\u00fcnyas\u0131na ait \u00f6nemli kavramlar\u0131 ele al\u0131yor.  K\u0131sa,  rahat okunabilir, bolca metin kutucuklar\u0131yla s\u00fcslenmi\u015f ve renkli ill\u00fcstrasyonlarla bezeli b\u00f6l\u00fcmlerde \u00f6ncelikle kavramlar\u0131 ve sorunlar\u0131 a\u00e7\u0131kl\u0131yor. Bunlara ek olarak ara\u015ft\u0131rma \u00f6rnekleri sunuyor ve okuyucular\u0131n kendi incelemelerini yapmalar\u0131 i\u00e7in \u00f6nerilerde bulunuyor. Zihin ve davran\u0131\u015f bilimine dair bak\u0131\u015f a\u00e7\u0131s\u0131 kazand\u0131ran faydal\u0131 ve ilgi \u00e7ekici bir kaynak.\u2014Kirkus Review    Temalar: bilim, psikoloji, duygular, geli\u015fim, insan ve do\u011fa, sosyal ili\u015fkiler. MEB M\u00fcfredat\u0131na g\u00f6re temalar: \u00e7ocuk d\u00fcnyas\u0131, bilim, do\u011fa, evimizde-okulumuzda-sa\u011fl\u0131kl\u0131- g\u00fcvenli hayat, be\u015f duyumuz, birey ve toplum, d\u00fcnya ailesi, insan ve \u00e7evre. <\/p>\n","protected":false},"excerpt":{"rendered":"<p>Psikolojinin b\u00fcy\u00fcl\u00fc d\u00fcnyas\u0131n\u0131 ke\u015ffetmek isteyen \u00e7ocuklar i\u00e7in bilimsel bir rehber! \u00c7ocuklar\u0131 psikoloji bilimiyle tan\u0131\u015ft\u0131rmay\u0131 ama\u00e7layan bu heyecan verici kitap; beyin, ki\u015filik, zeka, duygular ve sosyal ili\u015fkiler<span class=\"excerpt-hellip\"> [\u2026]<\/span><\/p>\n","protected":false},"featured_media":0,"template":"","meta":{"_monsterinsights_skip_tracking":false,"_monsterinsights_sitenote_active":false,"_monsterinsights_sitenote_note":"","_monsterinsights_sitenote_category":0},"product_brand":[],"product_cat":[12679,12357],"product_tag":[],"class_list":{"0":"post-765778","1":"product","2":"type-product","3":"status-publish","5":"product_cat-cocuk-psikolojisi","6":"product_cat-psikoloji","7":"pa_cilt-ciltsiz","8":"pa_tur-kitap","9":"pa_yayinevi-okuyan-us-yayin","10":"pa_yazar-jacqueline-b-toner-claire-a-b-freeland","12":"first","13":"instock","14":"sale","15":"shipping-taxable","16":"purchasable","17":"product-type-simple"},"_links":{"self":[{"href":"https:\/\/roveyayinevi.com.tr\/index.php\/wp-json\/wp\/v2\/product\/765778","targetHints":{"allow":["GET"]}}],"collection":[{"href":"https:\/\/roveyayinevi.com.tr\/index.php\/wp-json\/wp\/v2\/product"}],"about":[{"href":"https:\/\/roveyayinevi.com.tr\/index.php\/wp-json\/wp\/v2\/types\/product"}],"wp:attachment":[{"href":"https:\/\/roveyayinevi.com.tr\/index.php\/wp-json\/wp\/v2\/media?parent=765778"}],"wp:term":[{"taxonomy":"product_brand","embeddable":true,"href":"https:\/\/roveyayinevi.com.tr\/index.php\/wp-json\/wp\/v2\/product_brand?post=765778"},{"taxonomy":"product_cat","embeddable":true,"href":"https:\/\/roveyayinevi.com.tr\/index.php\/wp-json\/wp\/v2\/product_cat?post=765778"},{"taxonomy":"product_tag","embeddable":true,"href":"https:\/\/roveyayinevi.com.tr\/index.php\/wp-json\/wp\/v2\/product_tag?post=765778"}],"curies":[{"name":"wp","href":"https:\/\/api.w.org\/{rel}","templated":true}]}}