{"id":765777,"date":"2025-08-28T11:51:17","date_gmt":"2025-08-28T08:51:17","guid":{"rendered":"https:\/\/roveyayinevi.com.tr\/index.php\/urun\/deli-dunya\/"},"modified":"2026-04-15T03:31:35","modified_gmt":"2026-04-15T00:31:35","slug":"deli-dunya","status":"publish","type":"product","link":"https:\/\/roveyayinevi.com.tr\/index.php\/urun\/deli-dunya\/","title":{"rendered":"Deli D\u00fcnya"},"content":{"rendered":"<p>\u017di\u017eek\u2019in bahsetti\u011fi \u201cDeli D\u00fcnya\u201d psikiyatrik bir delilikten ziyade, toplumlar\u0131n k\u00fcresel kapitalist sistemdeki koordinatlar\u0131n\u0131 ve y\u00f6n\u00fcn\u00fc te\u015fhis etme kabiliyetini yitirdi\u011fi bir delilikle malul. Sa\u011f ve sol ayr\u0131m\u0131n\u0131n siyasal yap\u0131lardaki belirleyici niteli\u011fini kaybetti\u011fi bir zamanda \u00fczerimize \u00e7ullanm\u0131\u015f onca kriz ve beladan nas\u0131l sa\u011f \u00e7\u0131kabiliriz sorusu ise, bu koleksiyonun tematik \u00e7at\u0131s\u0131n\u0131 olu\u015fturuyor. Son birka\u00e7 senede \u00e7e\u015fitli yay\u0131nlarda yer bulmu\u015f bu yaz\u0131lar, onun teorik sat\u0131rlar\u0131ndaki opakl\u0131ktan \u00e7ekinenler i\u00e7in de isabetli bir ba\u015flang\u0131\u00e7 noktas\u0131 niteli\u011finde.  <\/p>\n","protected":false},"excerpt":{"rendered":"<p>\u017di\u017eek\u2019in bahsetti\u011fi \u201cDeli D\u00fcnya\u201d psikiyatrik bir delilikten ziyade, toplumlar\u0131n k\u00fcresel kapitalist sistemdeki koordinatlar\u0131n\u0131 ve y\u00f6n\u00fcn\u00fc te\u015fhis etme kabiliyetini yitirdi\u011fi bir delilikle malul. Sa\u011f ve sol ayr\u0131m\u0131n\u0131n<span class=\"excerpt-hellip\"> [\u2026]<\/span><\/p>\n","protected":false},"featured_media":0,"template":"","meta":{"_monsterinsights_skip_tracking":false,"_monsterinsights_sitenote_active":false,"_monsterinsights_sitenote_note":"","_monsterinsights_sitenote_category":0},"product_brand":[],"product_cat":[31194,12337],"product_tag":[],"class_list":{"0":"post-765777","1":"product","2":"type-product","3":"status-publish","5":"product_cat-guncel-siyaset","6":"product_cat-politika-siyaset","7":"pa_cilt-ciltsiz","8":"pa_tur-kitap","9":"pa_yayinevi-okuyan-us-yayin","10":"pa_yazar-slavoj-zizek","12":"first","13":"instock","14":"sale","15":"shipping-taxable","16":"purchasable","17":"product-type-simple"},"_links":{"self":[{"href":"https:\/\/roveyayinevi.com.tr\/index.php\/wp-json\/wp\/v2\/product\/765777","targetHints":{"allow":["GET"]}}],"collection":[{"href":"https:\/\/roveyayinevi.com.tr\/index.php\/wp-json\/wp\/v2\/product"}],"about":[{"href":"https:\/\/roveyayinevi.com.tr\/index.php\/wp-json\/wp\/v2\/types\/product"}],"wp:attachment":[{"href":"https:\/\/roveyayinevi.com.tr\/index.php\/wp-json\/wp\/v2\/media?parent=765777"}],"wp:term":[{"taxonomy":"product_brand","embeddable":true,"href":"https:\/\/roveyayinevi.com.tr\/index.php\/wp-json\/wp\/v2\/product_brand?post=765777"},{"taxonomy":"product_cat","embeddable":true,"href":"https:\/\/roveyayinevi.com.tr\/index.php\/wp-json\/wp\/v2\/product_cat?post=765777"},{"taxonomy":"product_tag","embeddable":true,"href":"https:\/\/roveyayinevi.com.tr\/index.php\/wp-json\/wp\/v2\/product_tag?post=765777"}],"curies":[{"name":"wp","href":"https:\/\/api.w.org\/{rel}","templated":true}]}}