{"id":765773,"date":"2025-08-28T11:51:09","date_gmt":"2025-08-28T08:51:09","guid":{"rendered":"https:\/\/roveyayinevi.com.tr\/index.php\/urun\/goklerde-olay-var-olay-1\/"},"modified":"2026-04-15T03:31:35","modified_gmt":"2026-04-15T00:31:35","slug":"goklerde-olay-var-olay-1","status":"publish","type":"product","link":"https:\/\/roveyayinevi.com.tr\/index.php\/urun\/goklerde-olay-var-olay-1\/","title":{"rendered":"G\u00f6klerde Olay Var Olay-1"},"content":{"rendered":"<p>\u201cG\u00f6klerde Olay Var\u201d, Arkeolog Veysel Da\u011f\u2019\u0131n Antik \u00c7a\u011f mitolojisinden esinlenerek uyarlad\u0131\u011f\u0131 tiyatro oyunlar\u0131 dizisidir. Bu tiyatro oyunlar\u0131 dizisi kapsam\u0131nda; G\u00f6klerde Olay Var-1: Bahar Getiren (Denizk\u0131z\u0131 Yay\u0131nlar\u0131-2024) ve G\u00f6klerde Olay Var-2: Ba\u015f\u0131mda Ta\u00e7 (Denizk\u0131z\u0131 yay\u0131nlar\u0131-2024) adl\u0131 iki tiyatro oyunu yay\u0131mlanm\u0131\u015ft\u0131r. Bahar Getiren; Pesephone\u2019nin Yeralt\u0131 Tanr\u0131s\u0131 Hades taraf\u0131ndan ka\u00e7\u0131r\u0131lmas\u0131 sonras\u0131nda, Persephone\u2019nin annesi, Bolluk ve Bereket Tanr\u0131\u00e7as\u0131 Demeter\u2019in hayata k\u00fcsmesi sonras\u0131nda ya\u015fanan olaylar\u0131 komedi bi\u00e7iminde ele alan bir eserdir. <\/p>\n","protected":false},"excerpt":{"rendered":"<p>\u201cG\u00f6klerde Olay Var\u201d, Arkeolog Veysel Da\u011f\u2019\u0131n Antik \u00c7a\u011f mitolojisinden esinlenerek uyarlad\u0131\u011f\u0131 tiyatro oyunlar\u0131 dizisidir. Bu tiyatro oyunlar\u0131 dizisi kapsam\u0131nda; G\u00f6klerde Olay Var-1: Bahar Getiren (Denizk\u0131z\u0131 Yay\u0131nlar\u0131-2024)<span class=\"excerpt-hellip\"> [\u2026]<\/span><\/p>\n","protected":false},"featured_media":0,"template":"","meta":{"_monsterinsights_skip_tracking":false,"_monsterinsights_sitenote_active":false,"_monsterinsights_sitenote_note":"","_monsterinsights_sitenote_category":0},"product_brand":[],"product_cat":[12291,14272],"product_tag":[],"class_list":{"0":"post-765773","1":"product","2":"type-product","3":"status-publish","5":"product_cat-edebiyat","6":"product_cat-tiyatro","7":"pa_cilt-ciltsiz","8":"pa_tur-kitap","9":"pa_yayinevi-denizkizi-yayinlari","10":"pa_yazar-veysel-dag","12":"first","13":"instock","14":"sale","15":"shipping-taxable","16":"purchasable","17":"product-type-simple"},"_links":{"self":[{"href":"https:\/\/roveyayinevi.com.tr\/index.php\/wp-json\/wp\/v2\/product\/765773","targetHints":{"allow":["GET"]}}],"collection":[{"href":"https:\/\/roveyayinevi.com.tr\/index.php\/wp-json\/wp\/v2\/product"}],"about":[{"href":"https:\/\/roveyayinevi.com.tr\/index.php\/wp-json\/wp\/v2\/types\/product"}],"wp:attachment":[{"href":"https:\/\/roveyayinevi.com.tr\/index.php\/wp-json\/wp\/v2\/media?parent=765773"}],"wp:term":[{"taxonomy":"product_brand","embeddable":true,"href":"https:\/\/roveyayinevi.com.tr\/index.php\/wp-json\/wp\/v2\/product_brand?post=765773"},{"taxonomy":"product_cat","embeddable":true,"href":"https:\/\/roveyayinevi.com.tr\/index.php\/wp-json\/wp\/v2\/product_cat?post=765773"},{"taxonomy":"product_tag","embeddable":true,"href":"https:\/\/roveyayinevi.com.tr\/index.php\/wp-json\/wp\/v2\/product_tag?post=765773"}],"curies":[{"name":"wp","href":"https:\/\/api.w.org\/{rel}","templated":true}]}}