{"id":765772,"date":"2025-08-28T11:51:08","date_gmt":"2025-08-28T08:51:08","guid":{"rendered":"https:\/\/roveyayinevi.com.tr\/index.php\/urun\/arkadasim-sansli\/"},"modified":"2026-04-15T03:31:35","modified_gmt":"2026-04-15T00:31:35","slug":"arkadasim-sansli","status":"publish","type":"product","link":"https:\/\/roveyayinevi.com.tr\/index.php\/urun\/arkadasim-sansli\/","title":{"rendered":"Arkada\u015f\u0131m \u015eansl\u0131"},"content":{"rendered":"<p>Tarih ara\u015ft\u0131rmalar\u0131 ve romanlar\u0131yla tan\u0131d\u0131\u011f\u0131m\u0131z Ara\u015ft\u0131rmac\u0131 Yazar Cafer \u00d6z, bu sefer bir \u00e7ocuk kitab\u0131 ile \u00e7\u0131k\u0131yor kar\u015f\u0131m\u0131za. Hayvan sevgisini ve de\u011ferini en ince ayr\u0131nt\u0131s\u0131na kadar i\u015fledi\u011fi \u201cArkada\u015f\u0131m \u015eansl\u0131\u201d adl\u0131 bu kitab\u0131 zevkle okuyaca\u011f\u0131n\u0131z\u0131 umuyoruz. Efe \u00f6n ayaklar\u0131n\u0131 tellere dayam\u0131\u015f olan \u015eansl\u0131\u2019yla ayaklar\u0131na dokunarak vedala\u015ft\u0131. \u201cGelece\u011fim tamam m\u0131? Sen burada daha mutlu olacaks\u0131n. \u015eansl\u0131 ho\u015f\u00e7a kal.\u201d dedi. \u0130\u00e7inde bir sevin\u00e7 vard\u0131. \u00c7ay i\u00e7mekte olan dedesine gelip sar\u0131ld\u0131. \u201c\u00c7ok te\u015fekk\u00fcr ederim dede. \u015eansl\u0131 burada daha mutlu olacak. Ben de onu hafta sonlar\u0131 g\u00f6rebilece\u011fim.\u2019\u2019 dedi. Birlikte arabalar\u0131na binip el sallayarak mutlu bir \u015fekilde oradan uzakla\u015ft\u0131lar. <\/p>\n","protected":false},"excerpt":{"rendered":"<p>Tarih ara\u015ft\u0131rmalar\u0131 ve romanlar\u0131yla tan\u0131d\u0131\u011f\u0131m\u0131z Ara\u015ft\u0131rmac\u0131 Yazar Cafer \u00d6z, bu sefer bir \u00e7ocuk kitab\u0131 ile \u00e7\u0131k\u0131yor kar\u015f\u0131m\u0131za. Hayvan sevgisini ve de\u011ferini en ince ayr\u0131nt\u0131s\u0131na kadar i\u015fledi\u011fi<span class=\"excerpt-hellip\"> [\u2026]<\/span><\/p>\n","protected":false},"featured_media":0,"template":"","meta":{"_monsterinsights_skip_tracking":false,"_monsterinsights_sitenote_active":false,"_monsterinsights_sitenote_note":"","_monsterinsights_sitenote_category":0},"product_brand":[],"product_cat":[12274],"product_tag":[],"class_list":{"0":"post-765772","1":"product","2":"type-product","3":"status-publish","5":"product_cat-cocuk-ve-genclik-kitaplari","6":"pa_cilt-ciltsiz","7":"pa_tur-kitap","8":"pa_yayinevi-denizkizi-yayinlari","9":"pa_yazar-cafer-oz","11":"first","12":"instock","13":"sale","14":"shipping-taxable","15":"purchasable","16":"product-type-simple"},"_links":{"self":[{"href":"https:\/\/roveyayinevi.com.tr\/index.php\/wp-json\/wp\/v2\/product\/765772","targetHints":{"allow":["GET"]}}],"collection":[{"href":"https:\/\/roveyayinevi.com.tr\/index.php\/wp-json\/wp\/v2\/product"}],"about":[{"href":"https:\/\/roveyayinevi.com.tr\/index.php\/wp-json\/wp\/v2\/types\/product"}],"wp:attachment":[{"href":"https:\/\/roveyayinevi.com.tr\/index.php\/wp-json\/wp\/v2\/media?parent=765772"}],"wp:term":[{"taxonomy":"product_brand","embeddable":true,"href":"https:\/\/roveyayinevi.com.tr\/index.php\/wp-json\/wp\/v2\/product_brand?post=765772"},{"taxonomy":"product_cat","embeddable":true,"href":"https:\/\/roveyayinevi.com.tr\/index.php\/wp-json\/wp\/v2\/product_cat?post=765772"},{"taxonomy":"product_tag","embeddable":true,"href":"https:\/\/roveyayinevi.com.tr\/index.php\/wp-json\/wp\/v2\/product_tag?post=765772"}],"curies":[{"name":"wp","href":"https:\/\/api.w.org\/{rel}","templated":true}]}}