{"id":765771,"date":"2025-08-28T11:51:06","date_gmt":"2025-08-28T08:51:06","guid":{"rendered":"https:\/\/roveyayinevi.com.tr\/index.php\/urun\/pastutmaz-ailesi-shiny\/"},"modified":"2026-04-15T03:31:35","modified_gmt":"2026-04-15T00:31:35","slug":"pastutmaz-ailesi-shiny","status":"publish","type":"product","link":"https:\/\/roveyayinevi.com.tr\/index.php\/urun\/pastutmaz-ailesi-shiny\/","title":{"rendered":"Pastutmaz Ailesi &#8211; Shiny"},"content":{"rendered":"<p>Eskimi\u015f, y\u0131pranm\u0131\u015f her \u015feyi yeniye d\u00f6n\u00fc\u015ft\u00fcren, s\u0131n\u0131rs\u0131z hayal g\u00fc\u00e7leriyle do\u011fu\u015ftan orijinal bir aile, Pastutmazlar! Her biri yetenekli ellere ve iyilik dolu, s\u0131cac\u0131k bir kalbe sahip. Yarat\u0131c\u0131 olduklar\u0131 kadar cesur, cesur olduklar\u0131 kadar da maceraperest!   Kay\u0131p Da\u011f&#8217;\u0131n gizemli tepesine fantastik bir yolculuk&#8230; Esrarengiz bulutlar, demirden bedenleriyle g\u0131c\u0131rdayan bufalolar, lanetli k\u0131ska\u00e7lar\u0131yla ac\u0131mas\u0131z Barbar Furax. Ve t\u00fcm bunlar\u0131n ortas\u0131nda Furax&#8217;a ba\u015fkald\u0131ran cesur Shiny&#8230;   Pastutmaz Ailesi, Shiny&#8217;i kurtarabilecek mi? Barbar Furax&#8217;\u0131n lanetini durdurabilecek mi?   Serinin ilk maceras\u0131nda, Shiny&#8217;nin pe\u015finde Pastutmaz Ailesi ile tan\u0131\u015fmaya haz\u0131r m\u0131s\u0131n? <\/p>\n","protected":false},"excerpt":{"rendered":"<p>Eskimi\u015f, y\u0131pranm\u0131\u015f her \u015feyi yeniye d\u00f6n\u00fc\u015ft\u00fcren, s\u0131n\u0131rs\u0131z hayal g\u00fc\u00e7leriyle do\u011fu\u015ftan orijinal bir aile, Pastutmazlar! Her biri yetenekli ellere ve iyilik dolu, s\u0131cac\u0131k bir kalbe sahip. Yarat\u0131c\u0131<span class=\"excerpt-hellip\"> [\u2026]<\/span><\/p>\n","protected":false},"featured_media":0,"template":"","meta":{"_monsterinsights_skip_tracking":false,"_monsterinsights_sitenote_active":false,"_monsterinsights_sitenote_note":"","_monsterinsights_sitenote_category":0},"product_brand":[],"product_cat":[12689,12274],"product_tag":[],"class_list":{"0":"post-765771","1":"product","2":"type-product","3":"status-publish","5":"product_cat-cizgi-roman-cocuk-ve-genclik-kitaplari","6":"product_cat-cocuk-ve-genclik-kitaplari","7":"pa_cilt-ciltsiz","8":"pa_tur-kitap","9":"pa_yayinevi-eksik-parca-yayinlari","10":"pa_yazar-esra-apaydin","12":"first","13":"instock","14":"sale","15":"shipping-taxable","16":"purchasable","17":"product-type-simple"},"_links":{"self":[{"href":"https:\/\/roveyayinevi.com.tr\/index.php\/wp-json\/wp\/v2\/product\/765771","targetHints":{"allow":["GET"]}}],"collection":[{"href":"https:\/\/roveyayinevi.com.tr\/index.php\/wp-json\/wp\/v2\/product"}],"about":[{"href":"https:\/\/roveyayinevi.com.tr\/index.php\/wp-json\/wp\/v2\/types\/product"}],"wp:attachment":[{"href":"https:\/\/roveyayinevi.com.tr\/index.php\/wp-json\/wp\/v2\/media?parent=765771"}],"wp:term":[{"taxonomy":"product_brand","embeddable":true,"href":"https:\/\/roveyayinevi.com.tr\/index.php\/wp-json\/wp\/v2\/product_brand?post=765771"},{"taxonomy":"product_cat","embeddable":true,"href":"https:\/\/roveyayinevi.com.tr\/index.php\/wp-json\/wp\/v2\/product_cat?post=765771"},{"taxonomy":"product_tag","embeddable":true,"href":"https:\/\/roveyayinevi.com.tr\/index.php\/wp-json\/wp\/v2\/product_tag?post=765771"}],"curies":[{"name":"wp","href":"https:\/\/api.w.org\/{rel}","templated":true}]}}