{"id":765769,"date":"2025-08-28T11:51:02","date_gmt":"2025-08-28T08:51:02","guid":{"rendered":"https:\/\/roveyayinevi.com.tr\/index.php\/urun\/degisken-kainat-teorisi-2\/"},"modified":"2026-04-15T03:31:35","modified_gmt":"2026-04-15T00:31:35","slug":"degisken-kainat-teorisi-2","status":"publish","type":"product","link":"https:\/\/roveyayinevi.com.tr\/index.php\/urun\/degisken-kainat-teorisi-2\/","title":{"rendered":"De\u011fi\u015fken Kainat Teorisi"},"content":{"rendered":"<p>Bilimkurgu edebiyat\u0131n\u0131n, okurlara yeni ufuklar a\u00e7ma misyonu \u00e7er\u00e7evesinde ilerlemesinin \u00f6nemi tart\u0131\u015fmas\u0131z ortadad\u0131r. Hele g\u00fcn\u00fcm\u00fczdeki gibi bilimkurgu atmosferlerini bizzat ya\u015famaya ba\u015flad\u0131\u011f\u0131m\u0131z bir d\u00fcnyada bu ka- \u00e7\u0131n\u0131lmaz\u2026 Polat Onat, \u00f6yk\u00fcleriyle, hayal ile hakikat aras\u0131ndaki farkl\u0131 pencerelerden, de\u011fi\u015fik bak\u0131\u015f a\u00e7\u0131lar\u0131yla, ger\u00e7eklikleri ve kadim kavramlar\u0131 sorguluyor. Bilimkurgu alan\u0131nda mevcut yaz\u0131lanlar\u0131 \u00e7o\u011faltan kolayc\u0131 anlay\u0131\u015fa kar\u015f\u0131 \u00e2deta bayrak a\u00e7arak yepyeni bir soluk getiriyor. T\u00fcm m\u00fcmk\u00fcnlerin ayn\u0131 anda ger\u00e7ekle\u015fti\u011fi de\u011fi\u015fken bir k\u00e2inata ad\u0131m atmaya haz\u0131r m\u0131s\u0131n\u0131z? Haz\u0131r de\u011filseniz bile endi\u015felenmeyin. Hangimiz yeterince haz\u0131r\u0131z ki! <\/p>\n","protected":false},"excerpt":{"rendered":"<p>Bilimkurgu edebiyat\u0131n\u0131n, okurlara yeni ufuklar a\u00e7ma misyonu \u00e7er\u00e7evesinde ilerlemesinin \u00f6nemi tart\u0131\u015fmas\u0131z ortadad\u0131r. Hele g\u00fcn\u00fcm\u00fczdeki gibi bilimkurgu atmosferlerini bizzat ya\u015famaya ba\u015flad\u0131\u011f\u0131m\u0131z bir d\u00fcnyada bu ka- \u00e7\u0131n\u0131lmaz\u2026 Polat<span class=\"excerpt-hellip\"> [\u2026]<\/span><\/p>\n","protected":false},"featured_media":0,"template":"","meta":{"_monsterinsights_skip_tracking":false,"_monsterinsights_sitenote_active":false,"_monsterinsights_sitenote_note":"","_monsterinsights_sitenote_category":0},"product_brand":[],"product_cat":[12291,18202],"product_tag":[],"class_list":{"0":"post-765769","1":"product","2":"type-product","3":"status-publish","5":"product_cat-edebiyat","6":"product_cat-hikaye","7":"pa_cilt-ciltsiz","8":"pa_tur-kitap","9":"pa_yayinevi-alden-yayinlari","10":"pa_yazar-polat-onat","12":"first","13":"instock","14":"sale","15":"shipping-taxable","16":"purchasable","17":"product-type-simple"},"_links":{"self":[{"href":"https:\/\/roveyayinevi.com.tr\/index.php\/wp-json\/wp\/v2\/product\/765769","targetHints":{"allow":["GET"]}}],"collection":[{"href":"https:\/\/roveyayinevi.com.tr\/index.php\/wp-json\/wp\/v2\/product"}],"about":[{"href":"https:\/\/roveyayinevi.com.tr\/index.php\/wp-json\/wp\/v2\/types\/product"}],"wp:attachment":[{"href":"https:\/\/roveyayinevi.com.tr\/index.php\/wp-json\/wp\/v2\/media?parent=765769"}],"wp:term":[{"taxonomy":"product_brand","embeddable":true,"href":"https:\/\/roveyayinevi.com.tr\/index.php\/wp-json\/wp\/v2\/product_brand?post=765769"},{"taxonomy":"product_cat","embeddable":true,"href":"https:\/\/roveyayinevi.com.tr\/index.php\/wp-json\/wp\/v2\/product_cat?post=765769"},{"taxonomy":"product_tag","embeddable":true,"href":"https:\/\/roveyayinevi.com.tr\/index.php\/wp-json\/wp\/v2\/product_tag?post=765769"}],"curies":[{"name":"wp","href":"https:\/\/api.w.org\/{rel}","templated":true}]}}