{"id":765768,"date":"2025-08-28T11:51:00","date_gmt":"2025-08-28T08:51:00","guid":{"rendered":"https:\/\/roveyayinevi.com.tr\/index.php\/urun\/2079da-karsilacacagimiz-9-olay\/"},"modified":"2026-04-15T03:31:35","modified_gmt":"2026-04-15T00:31:35","slug":"2079da-karsilacacagimiz-9-olay","status":"publish","type":"product","link":"https:\/\/roveyayinevi.com.tr\/index.php\/urun\/2079da-karsilacacagimiz-9-olay\/","title":{"rendered":"2079\u2019da Kar\u015f\u0131la\u00e7aca\u011f\u0131m\u0131z 9 Olay"},"content":{"rendered":"<p>2079 y\u0131l\u0131na konforlu bir seyahate ne dersiniz? Ya\u015fan\u0131p ya\u015fanmayaca\u011f\u0131 belirsiz bir zamana do\u011fru bu yolculukta hem parlak \u00fctopyalara hem de karanl\u0131k dis- topyalara ayn\u0131 anda kap\u0131 aralan\u0131yor. Yazd\u0131klar\u0131yla okurlar\u0131n\u0131 her zaman \u015fa\u015f\u0131rtmay\u0131 ba\u015faran Polat Onat, bu kez bir\u00e7ok ihtimali ayn\u0131 anda kurcalayan bir gelecek projeksiyonu kaleme alm\u0131\u015f. \u00c2deta &#8220;2079 Y\u0131l\u0131 \u0130\u00e7in Almanak&#8221; haz\u0131rlam\u0131\u015f. Ayn\u0131 anda hem inan\u0131lmaz ya\u015fam formlar\u0131na tan\u0131kl\u0131k edeceksiniz hem de hayallerin \u00f6tesindeki tuhaf deneyimlerin fark\u0131na varacaks\u0131n\u0131z. Bu kitap ya\u015fad\u0131\u011f\u0131n\u0131z hayat\u0131n anlam\u0131n\u0131 sorgulaman\u0131za kap\u0131 aralayacak\u2026 \u00c7ok mu iddial\u0131 oldu? Evet ama iddial\u0131 olunmadan modern edebiyatta bir \u00e7\u0131\u011f\u0131r a\u00e7\u0131ld\u0131\u011f\u0131 vurgulanamaz ki! <\/p>\n","protected":false},"excerpt":{"rendered":"<p>2079 y\u0131l\u0131na konforlu bir seyahate ne dersiniz? Ya\u015fan\u0131p ya\u015fanmayaca\u011f\u0131 belirsiz bir zamana do\u011fru bu yolculukta hem parlak \u00fctopyalara hem de karanl\u0131k dis- topyalara ayn\u0131 anda kap\u0131<span class=\"excerpt-hellip\"> [\u2026]<\/span><\/p>\n","protected":false},"featured_media":0,"template":"","meta":{"_monsterinsights_skip_tracking":false,"_monsterinsights_sitenote_active":false,"_monsterinsights_sitenote_note":"","_monsterinsights_sitenote_category":0},"product_brand":[],"product_cat":[12291,18202],"product_tag":[],"class_list":{"0":"post-765768","1":"product","2":"type-product","3":"status-publish","5":"product_cat-edebiyat","6":"product_cat-hikaye","7":"pa_cilt-ciltsiz","8":"pa_tur-kitap","9":"pa_yayinevi-alden-yayinlari","10":"pa_yazar-polat-onat","12":"first","13":"instock","14":"sale","15":"shipping-taxable","16":"purchasable","17":"product-type-simple"},"_links":{"self":[{"href":"https:\/\/roveyayinevi.com.tr\/index.php\/wp-json\/wp\/v2\/product\/765768","targetHints":{"allow":["GET"]}}],"collection":[{"href":"https:\/\/roveyayinevi.com.tr\/index.php\/wp-json\/wp\/v2\/product"}],"about":[{"href":"https:\/\/roveyayinevi.com.tr\/index.php\/wp-json\/wp\/v2\/types\/product"}],"wp:attachment":[{"href":"https:\/\/roveyayinevi.com.tr\/index.php\/wp-json\/wp\/v2\/media?parent=765768"}],"wp:term":[{"taxonomy":"product_brand","embeddable":true,"href":"https:\/\/roveyayinevi.com.tr\/index.php\/wp-json\/wp\/v2\/product_brand?post=765768"},{"taxonomy":"product_cat","embeddable":true,"href":"https:\/\/roveyayinevi.com.tr\/index.php\/wp-json\/wp\/v2\/product_cat?post=765768"},{"taxonomy":"product_tag","embeddable":true,"href":"https:\/\/roveyayinevi.com.tr\/index.php\/wp-json\/wp\/v2\/product_tag?post=765768"}],"curies":[{"name":"wp","href":"https:\/\/api.w.org\/{rel}","templated":true}]}}