{"id":765766,"date":"2025-08-28T11:50:57","date_gmt":"2025-08-28T08:50:57","guid":{"rendered":"https:\/\/roveyayinevi.com.tr\/index.php\/urun\/ciz-sil-aktivite-kitabi-guclu-tasitlar\/"},"modified":"2026-04-15T03:31:35","modified_gmt":"2026-04-15T00:31:35","slug":"ciz-sil-aktivite-kitabi-guclu-tasitlar","status":"publish","type":"product","link":"https:\/\/roveyayinevi.com.tr\/index.php\/urun\/ciz-sil-aktivite-kitabi-guclu-tasitlar\/","title":{"rendered":"\u00c7iz \u2013 Sil Aktivite Kitab\u0131  G\u00fc\u00e7l\u00fc Ta\u015f\u0131tlar"},"content":{"rendered":"<p>Bu oyun kitab\u0131nda g\u00fc\u00e7l\u00fc ta\u015f\u0131tlarla birlikte \u00e7ok e\u011fleneceksin. Kalem kontrol ve problem \u00e7\u00f6zme becerileri kazanacak,  \u00e7izecek, silecek, bir daha \u00e7izebileceksin.  \u015eimdi G\u00dc\u00c7L\u00dc TA\u015eITLAR\u2019DA oyun zaman!   \u00c7iz-Sil kalemi ve silinebilir sayfalarla bu e\u011flenceli aktiviteleri  bir daha, bir daha yapabilirsin!   Problem \u00e7\u00f6zme becerisi Konsantrasyon becerisi Kalem kontrol\u00fc \u00f6\u011frenme  <\/p>\n","protected":false},"excerpt":{"rendered":"<p>Bu oyun kitab\u0131nda g\u00fc\u00e7l\u00fc ta\u015f\u0131tlarla birlikte \u00e7ok e\u011fleneceksin. Kalem kontrol ve problem \u00e7\u00f6zme becerileri kazanacak, \u00e7izecek, silecek, bir daha \u00e7izebileceksin. \u015eimdi G\u00dc\u00c7L\u00dc TA\u015eITLAR\u2019DA oyun zaman! \u00c7iz-Sil<span class=\"excerpt-hellip\"> [\u2026]<\/span><\/p>\n","protected":false},"featured_media":0,"template":"","meta":{"_monsterinsights_skip_tracking":false,"_monsterinsights_sitenote_active":false,"_monsterinsights_sitenote_note":"","_monsterinsights_sitenote_category":0},"product_brand":[],"product_cat":[12274,12518],"product_tag":[],"class_list":{"0":"post-765766","1":"product","2":"type-product","3":"status-publish","5":"product_cat-cocuk-ve-genclik-kitaplari","6":"product_cat-okul-oncesi-kitaplar","7":"pa_cilt-ciltsiz","8":"pa_tur-kitap","9":"pa_yayinevi-indigo-cocuk","10":"pa_yazar-kolektif","12":"first","13":"instock","14":"sale","15":"shipping-taxable","16":"purchasable","17":"product-type-simple"},"_links":{"self":[{"href":"https:\/\/roveyayinevi.com.tr\/index.php\/wp-json\/wp\/v2\/product\/765766","targetHints":{"allow":["GET"]}}],"collection":[{"href":"https:\/\/roveyayinevi.com.tr\/index.php\/wp-json\/wp\/v2\/product"}],"about":[{"href":"https:\/\/roveyayinevi.com.tr\/index.php\/wp-json\/wp\/v2\/types\/product"}],"wp:attachment":[{"href":"https:\/\/roveyayinevi.com.tr\/index.php\/wp-json\/wp\/v2\/media?parent=765766"}],"wp:term":[{"taxonomy":"product_brand","embeddable":true,"href":"https:\/\/roveyayinevi.com.tr\/index.php\/wp-json\/wp\/v2\/product_brand?post=765766"},{"taxonomy":"product_cat","embeddable":true,"href":"https:\/\/roveyayinevi.com.tr\/index.php\/wp-json\/wp\/v2\/product_cat?post=765766"},{"taxonomy":"product_tag","embeddable":true,"href":"https:\/\/roveyayinevi.com.tr\/index.php\/wp-json\/wp\/v2\/product_tag?post=765766"}],"curies":[{"name":"wp","href":"https:\/\/api.w.org\/{rel}","templated":true}]}}