{"id":765764,"date":"2025-08-28T11:50:54","date_gmt":"2025-08-28T08:50:54","guid":{"rendered":"https:\/\/roveyayinevi.com.tr\/index.php\/urun\/ispanya-tarihi\/"},"modified":"2026-04-15T03:31:35","modified_gmt":"2026-04-15T00:31:35","slug":"ispanya-tarihi","status":"publish","type":"product","link":"https:\/\/roveyayinevi.com.tr\/index.php\/urun\/ispanya-tarihi\/","title":{"rendered":"\u0130spanya Tarihi"},"content":{"rendered":"<p>\u0130spanya tarihi hi\u00e7 ku\u015fkusuz klasik Avrupa tarihyaz\u0131m gelene\u011finde istisnai bir yerde durmaktad\u0131r. Dili, k\u00fclt\u00fcr\u00fc, sanat\u0131 ve edebiyat\u0131yla \u0130spanya hemen her zaman ilgi ve merak konusu olmu\u015f, temsil etti\u011fi Akdeniz k\u00fclt\u00fcr\u00fcyle sempati toplam\u0131\u015f, kimi y\u00f6nleri ile Avrupa tarihiyle ortak ancak bir\u00e7ok \u00f6zelli\u011fiyle ba\u015fka hi\u00e7bir yerde g\u00f6r\u00fclmeyen bir d\u00fc\u015f\u00fcnce ve medeniyetin temsilcisi olmu\u015ftur.   Bu \u00e7al\u0131\u015fma \u0130ber yar\u0131madas\u0131ndaki ilk yerle\u015fim yerlerinden ba\u015flay\u0131p g\u00fcn\u00fcm\u00fcze kadar geliyor. Kronolojik olarak d\u00f6n\u00fcm noktalar\u0131na yer veriliyor: \u0130spanya\u2019daki ilk medeniyetlerden sonra Vizigotlar d\u00f6nemi, End\u00fcl\u00fcs, H\u0131ristiyan Krall\u0131klar d\u00f6nemi, G\u0131rnata Sultanl\u0131\u011f\u0131, R\u00f6nesans ve Katolik H\u00fck\u00fcmdarlar d\u00f6nemi, Amerika\u2019n\u0131n Ke\u015ffi, II. Felipe ve II. Isabel\u2019in alt\u0131n \u00e7a\u011flar\u0131\u2026 Bunun yan\u0131s\u0131ra Franco d\u00f6nemine ve bug\u00fcnk\u00fc \u0130spanya\u2019ya da de\u011finilmi\u015ftir. Kitapta tek ba\u015f\u0131na tarih\u00ee olaylar anlat\u0131ld\u0131\u011f\u0131 gibi co\u011frafya, demografi, ekonomi, d\u00fc\u015f\u00fcnce, toplum, e\u011fitim, dil ve k\u00fclt\u00fcr konular\u0131 b\u00fct\u00fcnl\u00fckl\u00fc bir bi\u00e7imde ele al\u0131nmaktad\u0131r. Burada sadece bir \u00fclke tarihi s\u00f6z konusu de\u011fil, ayn\u0131 zamanda \u015fehir tarih\u00e7ili\u011fi a\u00e7\u0131s\u0131ndan Bat\u0131 uygarl\u0131\u011f\u0131n\u0131n \u00f6nemli ve g\u00f6zde \u015fehirleri Madrid, Barcelona, Valencia, Sevilla, Zaragoza vb. bir\u00e7ok \u0130spanyol \u015fehrinin do\u011fu\u015fu ve geli\u015fimi de tasvir edilmektedir. Ku\u015fkusuz End\u00fcl\u00fcs\u2019te (C\u00f3rdoba) somutla\u015fan k\u00fclt\u00fcrel ve entelekt\u00fcel zarafet bunun en g\u00fczel yans\u0131malar\u0131ndan biridir.   \u0130lk defa T\u00fcrk\u00e7ede yay\u0131mlanan bu \u00e7al\u0131\u015fma en ba\u015fta \u0130spanyolca kaynaklar\u0131n kullan\u0131m\u0131 konusunda literat\u00fcre ciddi bir katk\u0131 sa\u011flamaktad\u0131r. Mar\u00eda Jes\u00fas Horta \u0130spanya tarihi ile ilgili bir\u00e7ok yanl\u0131\u015f\u0131 d\u00fczeltirken bu sahada okurlara yetkin bir \u00e7al\u0131\u015fma sunuyor. <\/p>\n","protected":false},"excerpt":{"rendered":"<p>\u0130spanya tarihi hi\u00e7 ku\u015fkusuz klasik Avrupa tarihyaz\u0131m gelene\u011finde istisnai bir yerde durmaktad\u0131r. Dili, k\u00fclt\u00fcr\u00fc, sanat\u0131 ve edebiyat\u0131yla \u0130spanya hemen her zaman ilgi ve merak konusu olmu\u015f,<span class=\"excerpt-hellip\"> [\u2026]<\/span><\/p>\n","protected":false},"featured_media":0,"template":"","meta":{"_monsterinsights_skip_tracking":false,"_monsterinsights_sitenote_active":false,"_monsterinsights_sitenote_note":"","_monsterinsights_sitenote_category":0},"product_brand":[],"product_cat":[12305,12304],"product_tag":[],"class_list":{"0":"post-765764","1":"product","2":"type-product","3":"status-publish","5":"product_cat-dunya-tarihi","6":"product_cat-tarih","7":"pa_cilt-ciltsiz","8":"pa_tur-kitap","9":"pa_yayinevi-dogu-bati-yayinlari","10":"pa_yazar-maria-jesus-horta","12":"first","13":"instock","14":"sale","15":"shipping-taxable","16":"purchasable","17":"product-type-simple"},"_links":{"self":[{"href":"https:\/\/roveyayinevi.com.tr\/index.php\/wp-json\/wp\/v2\/product\/765764","targetHints":{"allow":["GET"]}}],"collection":[{"href":"https:\/\/roveyayinevi.com.tr\/index.php\/wp-json\/wp\/v2\/product"}],"about":[{"href":"https:\/\/roveyayinevi.com.tr\/index.php\/wp-json\/wp\/v2\/types\/product"}],"wp:attachment":[{"href":"https:\/\/roveyayinevi.com.tr\/index.php\/wp-json\/wp\/v2\/media?parent=765764"}],"wp:term":[{"taxonomy":"product_brand","embeddable":true,"href":"https:\/\/roveyayinevi.com.tr\/index.php\/wp-json\/wp\/v2\/product_brand?post=765764"},{"taxonomy":"product_cat","embeddable":true,"href":"https:\/\/roveyayinevi.com.tr\/index.php\/wp-json\/wp\/v2\/product_cat?post=765764"},{"taxonomy":"product_tag","embeddable":true,"href":"https:\/\/roveyayinevi.com.tr\/index.php\/wp-json\/wp\/v2\/product_tag?post=765764"}],"curies":[{"name":"wp","href":"https:\/\/api.w.org\/{rel}","templated":true}]}}