{"id":765761,"date":"2025-08-28T11:50:49","date_gmt":"2025-08-28T08:50:49","guid":{"rendered":"https:\/\/roveyayinevi.com.tr\/index.php\/urun\/sihirli-hap\/"},"modified":"2026-04-15T03:31:35","modified_gmt":"2026-04-15T00:31:35","slug":"sihirli-hap","status":"publish","type":"product","link":"https:\/\/roveyayinevi.com.tr\/index.php\/urun\/sihirli-hap\/","title":{"rendered":"Sihirli Hap"},"content":{"rendered":"<p>Son y\u0131llarda fazla kilo ve obeziteye ba\u011fl\u0131 hastal\u0131klarda b\u00fcy\u00fck bir art\u0131\u015f oldu\u011funu g\u00f6r\u00fcyoruz. Bir yandan her yerde \u00e7e\u015fit \u00e7e\u015fit diyet ve egzersizler \u00f6nerilirken, di\u011fer yandan ara\u015ft\u0131rmalar bu y\u00f6ntemlerle kilo veren ki\u015filerin ezici bir \u00e7o\u011funlu\u011funun bir s\u00fcre sonra bu kilolar\u0131 fazlas\u0131yla geri ald\u0131\u011f\u0131n\u0131 g\u00f6steriyor. Toplumun \u00f6nemsizle\u015ftirilip bireyin \u00f6ne \u00e7\u0131kar\u0131ld\u0131\u011f\u0131 \u00e7a\u011f\u0131m\u0131zda, \u015fi\u015fmanl\u0131k da ki\u015fisel bir ba\u015far\u0131s\u0131zl\u0131k olarak tan\u0131mlan\u0131yor. Gazeteci-yazar Johann Hari bu kitapta, obezite salg\u0131n\u0131na son vermeyi vaat eden yeni nesil zay\u0131flama ila\u00e7lar\u0131n\u0131 masaya yat\u0131r\u0131yor. Bunlardan biri olan Ozempic\u2019i kullanan ve zahmetsizce kilo verme s\u00fcrecini bizzat tecr\u00fcbe eden Hari, bu ila\u00e7lar\u0131n bizim i\u00e7in ne anlama geldi\u011fini irdeliyor. Yeni zay\u0131flama ila\u00e7lar\u0131n\u0131n geli\u015ftirilmesinde rol alan bilim insanlar\u0131n\u0131n yan\u0131 s\u0131ra onlara ele\u015ftirel bakanlarla, beslenme uzmanlar\u0131yla, beden olumlama hareketini destekleyen ki\u015filerle, \u0130zlanda\u2019dan Japonya\u2019ya d\u00fcnyan\u0131n farkl\u0131 yerlerinde sa\u011fl\u0131kl\u0131 ya\u015fam\u0131 te\u015fvik etmek i\u00e7in ilgin\u00e7 y\u00f6ntemler uygulayan e\u011fitimciler ve hatta i\u015f insanlar\u0131yla konu\u015fan Hari, bu uzun yolculuk s\u0131ras\u0131nda \u00f6\u011frendiklerini tarafs\u0131z bir g\u00f6zle aktar\u0131yor.  <\/p>\n","protected":false},"excerpt":{"rendered":"<p>Son y\u0131llarda fazla kilo ve obeziteye ba\u011fl\u0131 hastal\u0131klarda b\u00fcy\u00fck bir art\u0131\u015f oldu\u011funu g\u00f6r\u00fcyoruz. Bir yandan her yerde \u00e7e\u015fit \u00e7e\u015fit diyet ve egzersizler \u00f6nerilirken, di\u011fer yandan ara\u015ft\u0131rmalar<span class=\"excerpt-hellip\"> [\u2026]<\/span><\/p>\n","protected":false},"featured_media":0,"template":"","meta":{"_monsterinsights_skip_tracking":false,"_monsterinsights_sitenote_active":false,"_monsterinsights_sitenote_note":"","_monsterinsights_sitenote_category":0},"product_brand":[],"product_cat":[16965,13365],"product_tag":[],"class_list":{"0":"post-765761","1":"product","2":"type-product","3":"status-publish","5":"product_cat-genel-saglik-kitaplari","6":"product_cat-saglik","7":"pa_cilt-ciltsiz","8":"pa_tur-kitap","9":"pa_yayinevi-metis-yayinlari","10":"pa_yazar-johann-hari","12":"first","13":"instock","14":"sale","15":"shipping-taxable","16":"purchasable","17":"product-type-simple"},"_links":{"self":[{"href":"https:\/\/roveyayinevi.com.tr\/index.php\/wp-json\/wp\/v2\/product\/765761","targetHints":{"allow":["GET"]}}],"collection":[{"href":"https:\/\/roveyayinevi.com.tr\/index.php\/wp-json\/wp\/v2\/product"}],"about":[{"href":"https:\/\/roveyayinevi.com.tr\/index.php\/wp-json\/wp\/v2\/types\/product"}],"wp:attachment":[{"href":"https:\/\/roveyayinevi.com.tr\/index.php\/wp-json\/wp\/v2\/media?parent=765761"}],"wp:term":[{"taxonomy":"product_brand","embeddable":true,"href":"https:\/\/roveyayinevi.com.tr\/index.php\/wp-json\/wp\/v2\/product_brand?post=765761"},{"taxonomy":"product_cat","embeddable":true,"href":"https:\/\/roveyayinevi.com.tr\/index.php\/wp-json\/wp\/v2\/product_cat?post=765761"},{"taxonomy":"product_tag","embeddable":true,"href":"https:\/\/roveyayinevi.com.tr\/index.php\/wp-json\/wp\/v2\/product_tag?post=765761"}],"curies":[{"name":"wp","href":"https:\/\/api.w.org\/{rel}","templated":true}]}}