{"id":765760,"date":"2025-08-28T11:50:47","date_gmt":"2025-08-28T08:50:47","guid":{"rendered":"https:\/\/roveyayinevi.com.tr\/index.php\/urun\/siirin-esya-deposu\/"},"modified":"2026-04-15T03:31:35","modified_gmt":"2026-04-15T00:31:35","slug":"siirin-esya-deposu","status":"publish","type":"product","link":"https:\/\/roveyayinevi.com.tr\/index.php\/urun\/siirin-esya-deposu\/","title":{"rendered":"\u015eiirin E\u015fya Deposu"},"content":{"rendered":"<p>\u201cSay\u0131s\u0131z \u015fiirde adlar\u0131 herhangi bir nedenle an\u0131lan say\u0131s\u0131z e\u015fya yer al\u0131r. Bunlar bazen \u015fiirin temas\u0131n\u0131, \u00f6ne \u00e7\u0131kar\u0131lmak istenen anlam\u0131 vurgulamak amac\u0131yla, bazen de yerine g\u00f6re d\u00f6nemi, dekoru, atmosferi g\u00fc\u00e7lendirmeye hizmet etmesi niyetiyle an\u0131l\u0131rlar. \u201cBu se\u00e7ki \u00e7ekirde\u011finde a\u00e7\u0131k ya da \u00f6rt\u00fck \u00f6yk\u00fc ta\u015f\u0131yan, dolay\u0131s\u0131yla da \u2018e\u015fyan\u0131n tabiat\u0131\u2019 gere\u011fi anlat\u0131mc\u0131, izlenimci \u015fiirler i\u00e7eriyor. Farkl\u0131 ku\u015faktan \u015fairlerin \u015fiirlerine yer vererek \u015fiir tarihimiz i\u00e7in bir perspektif olu\u015fturmay\u0131 ama\u00e7lad\u0131\u011f\u0131m\u0131 s\u00f6ylemeliyim.  \u201cElbette \u015fiir tarihimizin yapraklar\u0131n\u0131 kar\u0131\u015ft\u0131rd\u0131k\u00e7a bu ve benzeri pek \u00e7ok e\u015fyal\u0131 \u015fiir \u00f6rne\u011fine rastlayabilirsiniz. Ben bu e\u015fya deposunun a\u011fz\u0131nda durup size yaln\u0131zca yol g\u00f6stermi\u015f olay\u0131m.\u201d \u2014 Murathan Mungan   Kitaptaki \u015fairler: Cahit S\u0131tk\u0131 Taranc\u0131, Beh\u00e7et Necatigil, Hulki Aktun\u00e7, Melih Cevdet Anday, Haydar Erg\u00fclen, Orhon Murat Ar\u0131burnu, \u00d6zdemir Asaf, Necati Cumal\u0131, Sabahattin Kudret Aksal, Oktay Rifat, Nevzat \u00dcst\u00fcn, Halil \u0130brahim Bahar, Ey\u00fcp Ya\u015far, Turgay Fi\u015fek\u00e7i, k\u00fc\u00e7\u00fck \u0130skender, Sedat Umran, Roni Margulies, Arif Damar, Can Y\u00fccel, A. M. Arolat, Tu\u011frul Tanyol, Ergin G\u00fcn\u00e7e, \u00d6mer \u015ei\u015fman, Faz\u0131l H\u00fcsn\u00fc Da\u011flarca, Y\u0131ld\u0131r\u0131m T\u00fcrker, Sami Baydar, Emre Var\u0131\u015fl\u0131, Onur Caymaz, Egemen Berk\u00f6z, Mehmet Ya\u015f\u0131n, \u00dclk\u00fc Tamer, Bar\u0131\u015f Pirhasan, Enis Batur, \u015eavkar Alt\u0131nel, Deniz Durukan, Seyhan Er\u00f6z\u00e7elik, S\u00fcreyya Berfe, \u00dcmit Ya\u015far O\u011fuzcan, Sina Akyol, \u0130sahag Uygar Eskiciyan, Ahmet Oktay, Cem Uzung\u00fcne\u015f, \u015eeref Bilsel, Tozan Alkan, Seyyidhan K\u00f6m\u00fcrc\u00fc, Ahmet G\u00fcntan, Liman Mehmetcihat, Fahri Erdin\u00e7, Necip Faz\u0131l K\u0131sak\u00fcrek. <\/p>\n","protected":false},"excerpt":{"rendered":"<p>\u201cSay\u0131s\u0131z \u015fiirde adlar\u0131 herhangi bir nedenle an\u0131lan say\u0131s\u0131z e\u015fya yer al\u0131r. Bunlar bazen \u015fiirin temas\u0131n\u0131, \u00f6ne \u00e7\u0131kar\u0131lmak istenen anlam\u0131 vurgulamak amac\u0131yla, bazen de yerine g\u00f6re d\u00f6nemi,<span class=\"excerpt-hellip\"> [\u2026]<\/span><\/p>\n","protected":false},"featured_media":0,"template":"","meta":{"_monsterinsights_skip_tracking":false,"_monsterinsights_sitenote_active":false,"_monsterinsights_sitenote_note":"","_monsterinsights_sitenote_category":0},"product_brand":[],"product_cat":[12291,12509],"product_tag":[],"class_list":{"0":"post-765760","1":"product","2":"type-product","3":"status-publish","5":"product_cat-edebiyat","6":"product_cat-siir","7":"pa_cilt-ciltsiz","8":"pa_tur-kitap","9":"pa_yayinevi-metis-yayinlari","10":"pa_yazar-kolektif","12":"first","13":"instock","14":"sale","15":"shipping-taxable","16":"purchasable","17":"product-type-simple"},"_links":{"self":[{"href":"https:\/\/roveyayinevi.com.tr\/index.php\/wp-json\/wp\/v2\/product\/765760","targetHints":{"allow":["GET"]}}],"collection":[{"href":"https:\/\/roveyayinevi.com.tr\/index.php\/wp-json\/wp\/v2\/product"}],"about":[{"href":"https:\/\/roveyayinevi.com.tr\/index.php\/wp-json\/wp\/v2\/types\/product"}],"wp:attachment":[{"href":"https:\/\/roveyayinevi.com.tr\/index.php\/wp-json\/wp\/v2\/media?parent=765760"}],"wp:term":[{"taxonomy":"product_brand","embeddable":true,"href":"https:\/\/roveyayinevi.com.tr\/index.php\/wp-json\/wp\/v2\/product_brand?post=765760"},{"taxonomy":"product_cat","embeddable":true,"href":"https:\/\/roveyayinevi.com.tr\/index.php\/wp-json\/wp\/v2\/product_cat?post=765760"},{"taxonomy":"product_tag","embeddable":true,"href":"https:\/\/roveyayinevi.com.tr\/index.php\/wp-json\/wp\/v2\/product_tag?post=765760"}],"curies":[{"name":"wp","href":"https:\/\/api.w.org\/{rel}","templated":true}]}}