{"id":765759,"date":"2025-08-28T11:50:46","date_gmt":"2025-08-28T08:50:46","guid":{"rendered":"https:\/\/roveyayinevi.com.tr\/index.php\/urun\/fizik-ciltli\/"},"modified":"2026-03-25T20:53:46","modified_gmt":"2026-03-25T17:53:46","slug":"fizik-ciltli","status":"publish","type":"product","link":"https:\/\/roveyayinevi.com.tr\/index.php\/urun\/fizik-ciltli\/","title":{"rendered":"Fizik (Ciltli)"},"content":{"rendered":"<p>Fizik: Kuarklardan Kuasarlara Isaac McPhee taraf\u0131ndan fizik bilimi hakk\u0131nda ba\u015flang\u0131\u00e7 seviyesinde bilgi almak isteyen her ya\u015ftan fizik merakl\u0131lar\u0131 i\u00e7in yaz\u0131ld\u0131 ve fizik d\u00fcnyas\u0131na e\u011flenceli, heyecan verici bir giri\u015f sunuyor. Antik\u00e7a\u011fdan modern fizi\u011fe, fizi\u011fin tarihsel geli\u015fimini ve evrimini de sunan kitap, atom, optik, astronomi, hareket, h\u0131z, k\u00fctle\u00e7ekim, termodinamik, \u0131\u015f\u0131k, radyoaktivite, g\u00f6relilik ve kuantum mekani\u011fi gibi \u00e7a\u011flar boyunca bilim insanlar\u0131n\u0131 me\u015fgul eden konular\u0131 ele alarak bu konular\u0131 a\u00e7\u0131k ve eri\u015filebilir bir yolla aktar\u0131yor. Zengin g\u00f6rsellere sahip ve kolay bir dille yaz\u0131lm\u0131\u015f olan Fizik: Kuarklardan Kuasarlara konu hakk\u0131nda bilgi sahibi olmay\u0131 gerektirmiyor. \u0130lerlemeniz boyunca bilginizi test edebilece\u011finiz zorlay\u0131c\u0131 problemler ve e\u011flenceli egzersizler de sunarken fizik biliminin en \u00f6nemli isimlerini de tan\u0131tarak fizi\u011fin farkl\u0131 \u00e7al\u0131\u015fma alanlar\u0131 hakk\u0131nda bilgilerini art\u0131rmak isteyen okurlara ilham veriyor. \u0130\u00e7indekiler Fizik Nedir? Antik Fizik R\u00f6nesans Ba\u015fl\u0131yor Modern Fizi\u011fin Do\u011fu\u015fu 1800\u2019lerde Fizik Yeni Bir Fizi\u011fin Do\u011fu\u015fu Kuantum Mekani\u011fi Modern Fizik Dizin<\/p>\n","protected":false},"excerpt":{"rendered":"<p>Fizik: Kuarklardan Kuasarlara Isaac McPhee taraf\u0131ndan fizik bilimi hakk\u0131nda ba\u015flang\u0131\u00e7 seviyesinde bilgi almak isteyen her ya\u015ftan fizik merakl\u0131lar\u0131 i\u00e7in yaz\u0131ld\u0131 ve fizik d\u00fcnyas\u0131na e\u011flenceli, heyecan verici<span class=\"excerpt-hellip\"> [\u2026]<\/span><\/p>\n","protected":false},"featured_media":0,"template":"","meta":{"_monsterinsights_skip_tracking":false,"_monsterinsights_sitenote_active":false,"_monsterinsights_sitenote_note":"","_monsterinsights_sitenote_category":0},"product_brand":[],"product_cat":[13005,13006],"product_tag":[],"class_list":{"0":"post-765759","1":"product","2":"type-product","3":"status-publish","5":"product_cat-bilim-muhendislik","6":"product_cat-populer-bilim","7":"pa_cilt-ciltli","8":"pa_tur-kitap","9":"pa_yayinevi-literatur-yayinevi","10":"pa_yazar-isaac-mcphee","12":"first","13":"instock","14":"sale","15":"shipping-taxable","16":"purchasable","17":"product-type-simple"},"_links":{"self":[{"href":"https:\/\/roveyayinevi.com.tr\/index.php\/wp-json\/wp\/v2\/product\/765759","targetHints":{"allow":["GET"]}}],"collection":[{"href":"https:\/\/roveyayinevi.com.tr\/index.php\/wp-json\/wp\/v2\/product"}],"about":[{"href":"https:\/\/roveyayinevi.com.tr\/index.php\/wp-json\/wp\/v2\/types\/product"}],"wp:attachment":[{"href":"https:\/\/roveyayinevi.com.tr\/index.php\/wp-json\/wp\/v2\/media?parent=765759"}],"wp:term":[{"taxonomy":"product_brand","embeddable":true,"href":"https:\/\/roveyayinevi.com.tr\/index.php\/wp-json\/wp\/v2\/product_brand?post=765759"},{"taxonomy":"product_cat","embeddable":true,"href":"https:\/\/roveyayinevi.com.tr\/index.php\/wp-json\/wp\/v2\/product_cat?post=765759"},{"taxonomy":"product_tag","embeddable":true,"href":"https:\/\/roveyayinevi.com.tr\/index.php\/wp-json\/wp\/v2\/product_tag?post=765759"}],"curies":[{"name":"wp","href":"https:\/\/api.w.org\/{rel}","templated":true}]}}