{"id":765758,"date":"2025-08-28T11:50:45","date_gmt":"2025-08-28T08:50:45","guid":{"rendered":"https:\/\/roveyayinevi.com.tr\/index.php\/urun\/stranger-things-ikarusun-ucusu\/"},"modified":"2026-04-15T03:31:35","modified_gmt":"2026-04-15T00:31:35","slug":"stranger-things-ikarusun-ucusu","status":"publish","type":"product","link":"https:\/\/roveyayinevi.com.tr\/index.php\/urun\/stranger-things-ikarusun-ucusu\/","title":{"rendered":"Stranger Things : \u0130karus\u2019un U\u00e7u\u015fu"},"content":{"rendered":"<p>Stranger Things ba\u015flamadan iki y\u0131l \u00f6nce: Eddie Munson, Hellfire Kul\u00fcb\u00fc lideri, metalci ve Hawkins\u2019ind\u0131\u015flanm\u0131\u015f\u0131, b\u00fcy\u00fck i\u015fler ba\u015farmak i\u00e7in tek bir \u015fansa sahiptir. Hawkins, Indiana: \u00c7o\u011fu ki\u015fi i\u00e7in buras\u0131 cennet gibi, huzurlu birAmerikan kasabas\u0131d\u0131r. Ama Eddie Munson i\u00e7in s\u00fcrekli bir korkumezar\u0131nda ya\u015famak gibidir. Neyse ki Hawkins Lisesi\u2019nde hayattakalmak i\u00e7in sadece birka\u00e7 ay\u0131 kalm\u0131\u015ft\u0131r. Son s\u0131n\u0131f, Hellfire Kul\u00fcb\u00fcile Zindan&amp;Ejderha seanslar\u0131 ve grubu Pasl\u0131 Tabut\u2019un konserleriaras\u0131nda zaman \u00f6ld\u00fcrmekten ba\u015fka nedir ki? Eddie, kasaban\u0131n en k\u00f6t\u00fc bar\u0131nda Paige ile tan\u0131\u015f\u0131r. Paige birmucize yaratm\u0131\u015ft\u0131r. Hawkins\u2019ten ka\u00e7m\u0131\u015f ve Los Angeles\u2019tabir plak yap\u0131mc\u0131s\u0131 i\u00e7in \u00e7al\u0131\u015farak kendine fena h\u00e2lde haval\u0131 birhayat kurmu\u015ftur. Eddie\u2019ye kendini kan\u0131tlamas\u0131 i\u00e7in bir \u015fansverir; Eddie\u2019nin tek yapmas\u0131 gereken ona Pasl\u0131 Tabut\u2019un en iyi\u015fark\u0131lar\u0131ndan olu\u015fan bir demo kaset g\u00f6t\u00fcrmektir. Sadece bir sorun var: Kay\u0131t i\u00e7in para gereklidir. Eddie\u2019nin sahipolmad\u0131\u011f\u0131 bir para. Ama ne gerekiyorsa yapmaya haz\u0131rd\u0131r, bubabas\u0131na g\u00fcvenmek anlam\u0131na gelse bile. Al Munson, Eddie\u2019ninhayat\u0131na yeni bir \u015f\u00fcpheli planla girmi\u015ftir ve Eddie, yeterli zamandayeterli paray\u0131 kazanmak i\u00e7in tek se\u00e7ene\u011finin bu oldu\u011funu bilir.Bu bir risk ama i\u015fe yararsa sonunda Hawkins\u2019ten tek y\u00f6nl\u00fc bir\u00e7\u0131k\u0131\u015f biletine sahip olacak. Eddie bunu hissedebiliyor: 1984 onun y\u0131l\u0131 olacak.<\/p>\n","protected":false},"excerpt":{"rendered":"<p>Stranger Things ba\u015flamadan iki y\u0131l \u00f6nce: Eddie Munson, Hellfire Kul\u00fcb\u00fc lideri, metalci ve Hawkins\u2019ind\u0131\u015flanm\u0131\u015f\u0131, b\u00fcy\u00fck i\u015fler ba\u015farmak i\u00e7in tek bir \u015fansa sahiptir. Hawkins, Indiana: \u00c7o\u011fu ki\u015fi<span class=\"excerpt-hellip\"> [\u2026]<\/span><\/p>\n","protected":false},"featured_media":0,"template":"","meta":{"_monsterinsights_skip_tracking":false,"_monsterinsights_sitenote_active":false,"_monsterinsights_sitenote_note":"","_monsterinsights_sitenote_category":0},"product_brand":[],"product_cat":[12291,50487],"product_tag":[],"class_list":{"0":"post-765758","1":"product","2":"type-product","3":"status-publish","5":"product_cat-edebiyat","6":"product_cat-kurgu","7":"pa_cilt-ciltsiz","8":"pa_tur-kitap","9":"pa_yayinevi-epsilon-yayinlari","10":"pa_yazar-caitlin-schneiderhan","12":"first","13":"instock","14":"sale","15":"shipping-taxable","16":"purchasable","17":"product-type-simple"},"_links":{"self":[{"href":"https:\/\/roveyayinevi.com.tr\/index.php\/wp-json\/wp\/v2\/product\/765758","targetHints":{"allow":["GET"]}}],"collection":[{"href":"https:\/\/roveyayinevi.com.tr\/index.php\/wp-json\/wp\/v2\/product"}],"about":[{"href":"https:\/\/roveyayinevi.com.tr\/index.php\/wp-json\/wp\/v2\/types\/product"}],"wp:attachment":[{"href":"https:\/\/roveyayinevi.com.tr\/index.php\/wp-json\/wp\/v2\/media?parent=765758"}],"wp:term":[{"taxonomy":"product_brand","embeddable":true,"href":"https:\/\/roveyayinevi.com.tr\/index.php\/wp-json\/wp\/v2\/product_brand?post=765758"},{"taxonomy":"product_cat","embeddable":true,"href":"https:\/\/roveyayinevi.com.tr\/index.php\/wp-json\/wp\/v2\/product_cat?post=765758"},{"taxonomy":"product_tag","embeddable":true,"href":"https:\/\/roveyayinevi.com.tr\/index.php\/wp-json\/wp\/v2\/product_tag?post=765758"}],"curies":[{"name":"wp","href":"https:\/\/api.w.org\/{rel}","templated":true}]}}