{"id":765757,"date":"2025-08-28T11:50:43","date_gmt":"2025-08-28T08:50:43","guid":{"rendered":"https:\/\/roveyayinevi.com.tr\/index.php\/urun\/birlikte-sayalim-mini-delikli-kitaplar-ciltli\/"},"modified":"2026-04-15T03:31:35","modified_gmt":"2026-04-15T00:31:35","slug":"birlikte-sayalim-mini-delikli-kitaplar-ciltli","status":"publish","type":"product","link":"https:\/\/roveyayinevi.com.tr\/index.php\/urun\/birlikte-sayalim-mini-delikli-kitaplar-ciltli\/","title":{"rendered":"Birlikte Sayal\u0131m Mini Delikli Kitaplar (Ciltli)"},"content":{"rendered":"<p>Bir delik, bir kurba\u011fa\u2026 \u0130ki delik, iki tukan\u2026 \u00dc\u00e7 delik \u00fc\u00e7 denizanas\u0131\u2026 Say\u0131lar\u0131 bu renkli hayvanlarla ve delikli sayfalarla \u00f6\u011frenin. \u00d6\u011frenirken de e\u011flenin!   Mini Delikli Kitaplar, y\u0131llard\u0131r \u00e7ok sevilen Delikli Kitaplar serimizin minik okurlar\u0131n ellerine uygun boyuta getirilmi\u015f k\u00fc\u00e7\u00fck boyuttaki versiyonudur. <\/p>\n","protected":false},"excerpt":{"rendered":"<p>Bir delik, bir kurba\u011fa\u2026 \u0130ki delik, iki tukan\u2026 \u00dc\u00e7 delik \u00fc\u00e7 denizanas\u0131\u2026 Say\u0131lar\u0131 bu renkli hayvanlarla ve delikli sayfalarla \u00f6\u011frenin. \u00d6\u011frenirken de e\u011flenin! Mini Delikli Kitaplar,<span class=\"excerpt-hellip\"> [\u2026]<\/span><\/p>\n","protected":false},"featured_media":0,"template":"","meta":{"_monsterinsights_skip_tracking":false,"_monsterinsights_sitenote_active":false,"_monsterinsights_sitenote_note":"","_monsterinsights_sitenote_category":0},"product_brand":[],"product_cat":[15192,12274],"product_tag":[],"class_list":{"0":"post-765757","1":"product","2":"type-product","3":"status-publish","5":"product_cat-1-3-yas-kitaplari","6":"product_cat-cocuk-ve-genclik-kitaplari","7":"pa_cilt-ciltli","8":"pa_tur-kitap","9":"pa_yayinevi-potikare-yayincilik","10":"pa_yazar-giovanna-mantegazza","12":"first","13":"instock","14":"sale","15":"shipping-taxable","16":"purchasable","17":"product-type-simple"},"_links":{"self":[{"href":"https:\/\/roveyayinevi.com.tr\/index.php\/wp-json\/wp\/v2\/product\/765757","targetHints":{"allow":["GET"]}}],"collection":[{"href":"https:\/\/roveyayinevi.com.tr\/index.php\/wp-json\/wp\/v2\/product"}],"about":[{"href":"https:\/\/roveyayinevi.com.tr\/index.php\/wp-json\/wp\/v2\/types\/product"}],"wp:attachment":[{"href":"https:\/\/roveyayinevi.com.tr\/index.php\/wp-json\/wp\/v2\/media?parent=765757"}],"wp:term":[{"taxonomy":"product_brand","embeddable":true,"href":"https:\/\/roveyayinevi.com.tr\/index.php\/wp-json\/wp\/v2\/product_brand?post=765757"},{"taxonomy":"product_cat","embeddable":true,"href":"https:\/\/roveyayinevi.com.tr\/index.php\/wp-json\/wp\/v2\/product_cat?post=765757"},{"taxonomy":"product_tag","embeddable":true,"href":"https:\/\/roveyayinevi.com.tr\/index.php\/wp-json\/wp\/v2\/product_tag?post=765757"}],"curies":[{"name":"wp","href":"https:\/\/api.w.org\/{rel}","templated":true}]}}