{"id":765756,"date":"2025-08-28T11:50:42","date_gmt":"2025-08-28T08:50:42","guid":{"rendered":"https:\/\/roveyayinevi.com.tr\/index.php\/urun\/senin-sesin-hangisi-mini-delikli-kitaplar-ciltli\/"},"modified":"2026-04-15T03:31:35","modified_gmt":"2026-04-15T00:31:35","slug":"senin-sesin-hangisi-mini-delikli-kitaplar-ciltli","status":"publish","type":"product","link":"https:\/\/roveyayinevi.com.tr\/index.php\/urun\/senin-sesin-hangisi-mini-delikli-kitaplar-ciltli\/","title":{"rendered":"Senin Sesin Hangisi ?- Mini Delikli Kitaplar (Ciltli)"},"content":{"rendered":"<p>Bu reng\u00e2renk kitapta, ku\u015ftan kaplana, c\u0131rc\u0131r b\u00f6ce\u011finden ine\u011fe pek \u00e7ok hayvan\u0131n sesiyle tan\u0131\u015f\u0131n ve kendiniz de ayn\u0131 sesleri \u00e7\u0131karmaya \u00e7al\u0131\u015farak e\u011flenin!   Mini Delikli Kitaplar, y\u0131llard\u0131r \u00e7ok sevilen Delikli Kitaplar serimizin minik okurlar\u0131n ellerine uygun boyuta getirilmi\u015f k\u00fc\u00e7\u00fck boyuttaki versiyonudur. <\/p>\n","protected":false},"excerpt":{"rendered":"<p>Bu reng\u00e2renk kitapta, ku\u015ftan kaplana, c\u0131rc\u0131r b\u00f6ce\u011finden ine\u011fe pek \u00e7ok hayvan\u0131n sesiyle tan\u0131\u015f\u0131n ve kendiniz de ayn\u0131 sesleri \u00e7\u0131karmaya \u00e7al\u0131\u015farak e\u011flenin! Mini Delikli Kitaplar, y\u0131llard\u0131r \u00e7ok<span class=\"excerpt-hellip\"> [\u2026]<\/span><\/p>\n","protected":false},"featured_media":0,"template":"","meta":{"_monsterinsights_skip_tracking":false,"_monsterinsights_sitenote_active":false,"_monsterinsights_sitenote_note":"","_monsterinsights_sitenote_category":0},"product_brand":[],"product_cat":[15192,12274],"product_tag":[],"class_list":{"0":"post-765756","1":"product","2":"type-product","3":"status-publish","5":"product_cat-1-3-yas-kitaplari","6":"product_cat-cocuk-ve-genclik-kitaplari","7":"pa_cilt-ciltli","8":"pa_tur-kitap","9":"pa_yayinevi-potikare-yayincilik","10":"pa_yazar-giovanna-mantegazza","12":"first","13":"instock","14":"sale","15":"shipping-taxable","16":"purchasable","17":"product-type-simple"},"_links":{"self":[{"href":"https:\/\/roveyayinevi.com.tr\/index.php\/wp-json\/wp\/v2\/product\/765756","targetHints":{"allow":["GET"]}}],"collection":[{"href":"https:\/\/roveyayinevi.com.tr\/index.php\/wp-json\/wp\/v2\/product"}],"about":[{"href":"https:\/\/roveyayinevi.com.tr\/index.php\/wp-json\/wp\/v2\/types\/product"}],"wp:attachment":[{"href":"https:\/\/roveyayinevi.com.tr\/index.php\/wp-json\/wp\/v2\/media?parent=765756"}],"wp:term":[{"taxonomy":"product_brand","embeddable":true,"href":"https:\/\/roveyayinevi.com.tr\/index.php\/wp-json\/wp\/v2\/product_brand?post=765756"},{"taxonomy":"product_cat","embeddable":true,"href":"https:\/\/roveyayinevi.com.tr\/index.php\/wp-json\/wp\/v2\/product_cat?post=765756"},{"taxonomy":"product_tag","embeddable":true,"href":"https:\/\/roveyayinevi.com.tr\/index.php\/wp-json\/wp\/v2\/product_tag?post=765756"}],"curies":[{"name":"wp","href":"https:\/\/api.w.org\/{rel}","templated":true}]}}