{"id":765755,"date":"2025-08-28T11:50:40","date_gmt":"2025-08-28T08:50:40","guid":{"rendered":"https:\/\/roveyayinevi.com.tr\/index.php\/urun\/yesil-tirtil-mini-delikli-kitaplar-ciltli\/"},"modified":"2026-04-15T03:31:35","modified_gmt":"2026-04-15T00:31:35","slug":"yesil-tirtil-mini-delikli-kitaplar-ciltli","status":"publish","type":"product","link":"https:\/\/roveyayinevi.com.tr\/index.php\/urun\/yesil-tirtil-mini-delikli-kitaplar-ciltli\/","title":{"rendered":"Ye\u015fil T\u0131rt\u0131l Mini Delikli Kitaplar (Ciltli)"},"content":{"rendered":"<p>Ye\u015fil a\u00e7 t\u0131rt\u0131l\u0131n karn\u0131n\u0131 doyurmak i\u00e7in \u00e7e\u015fitli meyve ve sebzeleri denemesi ve her seferinde ba\u015fka bir hayvan taraf\u0131ndan uyar\u0131lmas\u0131 bakal\u0131m nas\u0131l sonlan\u0131yor?   Mini Delikli Kitaplar, y\u0131llard\u0131r \u00e7ok sevilen Delikli Kitaplar serimizin minik okurlar\u0131n ellerine uygun boyuta getirilmi\u015f k\u00fc\u00e7\u00fck boyuttaki versiyonudur.                   <\/p>\n","protected":false},"excerpt":{"rendered":"<p>Ye\u015fil a\u00e7 t\u0131rt\u0131l\u0131n karn\u0131n\u0131 doyurmak i\u00e7in \u00e7e\u015fitli meyve ve sebzeleri denemesi ve her seferinde ba\u015fka bir hayvan taraf\u0131ndan uyar\u0131lmas\u0131 bakal\u0131m nas\u0131l sonlan\u0131yor? Mini Delikli Kitaplar, y\u0131llard\u0131r<span class=\"excerpt-hellip\"> [\u2026]<\/span><\/p>\n","protected":false},"featured_media":0,"template":"","meta":{"_monsterinsights_skip_tracking":false,"_monsterinsights_sitenote_active":false,"_monsterinsights_sitenote_note":"","_monsterinsights_sitenote_category":0},"product_brand":[],"product_cat":[15192,12274],"product_tag":[],"class_list":{"0":"post-765755","1":"product","2":"type-product","3":"status-publish","5":"product_cat-1-3-yas-kitaplari","6":"product_cat-cocuk-ve-genclik-kitaplari","7":"pa_cilt-ciltli","8":"pa_tur-kitap","9":"pa_yayinevi-potikare-yayincilik","10":"pa_yazar-giovanna-mantegazza","12":"first","13":"instock","14":"sale","15":"shipping-taxable","16":"purchasable","17":"product-type-simple"},"_links":{"self":[{"href":"https:\/\/roveyayinevi.com.tr\/index.php\/wp-json\/wp\/v2\/product\/765755","targetHints":{"allow":["GET"]}}],"collection":[{"href":"https:\/\/roveyayinevi.com.tr\/index.php\/wp-json\/wp\/v2\/product"}],"about":[{"href":"https:\/\/roveyayinevi.com.tr\/index.php\/wp-json\/wp\/v2\/types\/product"}],"wp:attachment":[{"href":"https:\/\/roveyayinevi.com.tr\/index.php\/wp-json\/wp\/v2\/media?parent=765755"}],"wp:term":[{"taxonomy":"product_brand","embeddable":true,"href":"https:\/\/roveyayinevi.com.tr\/index.php\/wp-json\/wp\/v2\/product_brand?post=765755"},{"taxonomy":"product_cat","embeddable":true,"href":"https:\/\/roveyayinevi.com.tr\/index.php\/wp-json\/wp\/v2\/product_cat?post=765755"},{"taxonomy":"product_tag","embeddable":true,"href":"https:\/\/roveyayinevi.com.tr\/index.php\/wp-json\/wp\/v2\/product_tag?post=765755"}],"curies":[{"name":"wp","href":"https:\/\/api.w.org\/{rel}","templated":true}]}}