{"id":765751,"date":"2025-08-28T11:50:33","date_gmt":"2025-08-28T08:50:33","guid":{"rendered":"https:\/\/roveyayinevi.com.tr\/index.php\/urun\/cikolatali-sut-x-isinli-gozluk-ve-ben\/"},"modified":"2026-04-15T03:31:34","modified_gmt":"2026-04-15T00:31:34","slug":"cikolatali-sut-x-isinli-gozluk-ve-ben","status":"publish","type":"product","link":"https:\/\/roveyayinevi.com.tr\/index.php\/urun\/cikolatali-sut-x-isinli-gozluk-ve-ben\/","title":{"rendered":"\u00c7ikolatali S\u00fct, X-I\u015f\u0131nl\u0131 G\u00f6zl\u00fck ve Ben"},"content":{"rendered":"<p>Ad\u0131m Spicer, Freddy Spicer! Kitab\u0131m\u0131 se\u00e7ti\u011fin i\u00e7in \u00e7ok te\u015fekk\u00fcrler. \u0130\u015fte bilmen gerekenler: 1.        Annemle babam Yukar\u0131 Kastonga diye bir yerde. (Yukar\u0131 Kastonga o kadar uzak ki haritada yerini bulam\u0131yorum). 2.        Beni dedeme b\u0131rakt\u0131lar. Dedem tam bir saklamba\u00e7 ustas\u0131 (galiba g\u00f6zl\u00fckleri sayesinde). Biliyor musunuz, bana HER G\u00dcN Br\u00fcksel lahanas\u0131 yediriyor! 3.        Yan\u0131m\u0131zdaki eve garip bir kad\u0131n ta\u015f\u0131nd\u0131, ben de kazayla bah\u00e7e kul\u00fcbesini u\u00e7urdum. Gerisini merak ediyorsan kitab\u0131 okumal\u0131s\u0131n! <\/p>\n","protected":false},"excerpt":{"rendered":"<p>Ad\u0131m Spicer, Freddy Spicer! Kitab\u0131m\u0131 se\u00e7ti\u011fin i\u00e7in \u00e7ok te\u015fekk\u00fcrler. \u0130\u015fte bilmen gerekenler: 1. Annemle babam Yukar\u0131 Kastonga diye bir yerde. (Yukar\u0131 Kastonga o kadar uzak ki<span class=\"excerpt-hellip\"> [\u2026]<\/span><\/p>\n","protected":false},"featured_media":0,"template":"","meta":{"_monsterinsights_skip_tracking":false,"_monsterinsights_sitenote_active":false,"_monsterinsights_sitenote_note":"","_monsterinsights_sitenote_category":0},"product_brand":[],"product_cat":[12274,12284],"product_tag":[],"class_list":{"0":"post-765751","1":"product","2":"type-product","3":"status-publish","5":"product_cat-cocuk-ve-genclik-kitaplari","6":"product_cat-hikayeler","7":"pa_cilt-ciltsiz","8":"pa_tur-kitap","9":"pa_yayinevi-is-bankasi-kultur-yayinlari","10":"pa_yazar-bethany-walker","12":"first","13":"instock","14":"sale","15":"shipping-taxable","16":"purchasable","17":"product-type-simple"},"_links":{"self":[{"href":"https:\/\/roveyayinevi.com.tr\/index.php\/wp-json\/wp\/v2\/product\/765751","targetHints":{"allow":["GET"]}}],"collection":[{"href":"https:\/\/roveyayinevi.com.tr\/index.php\/wp-json\/wp\/v2\/product"}],"about":[{"href":"https:\/\/roveyayinevi.com.tr\/index.php\/wp-json\/wp\/v2\/types\/product"}],"wp:attachment":[{"href":"https:\/\/roveyayinevi.com.tr\/index.php\/wp-json\/wp\/v2\/media?parent=765751"}],"wp:term":[{"taxonomy":"product_brand","embeddable":true,"href":"https:\/\/roveyayinevi.com.tr\/index.php\/wp-json\/wp\/v2\/product_brand?post=765751"},{"taxonomy":"product_cat","embeddable":true,"href":"https:\/\/roveyayinevi.com.tr\/index.php\/wp-json\/wp\/v2\/product_cat?post=765751"},{"taxonomy":"product_tag","embeddable":true,"href":"https:\/\/roveyayinevi.com.tr\/index.php\/wp-json\/wp\/v2\/product_tag?post=765751"}],"curies":[{"name":"wp","href":"https:\/\/api.w.org\/{rel}","templated":true}]}}