{"id":765749,"date":"2025-08-28T11:50:28","date_gmt":"2025-08-28T08:50:28","guid":{"rendered":"https:\/\/roveyayinevi.com.tr\/index.php\/urun\/paul-dirac\/"},"modified":"2026-04-15T03:31:34","modified_gmt":"2026-04-15T00:31:34","slug":"paul-dirac","status":"publish","type":"product","link":"https:\/\/roveyayinevi.com.tr\/index.php\/urun\/paul-dirac\/","title":{"rendered":"Paul D\u0131rac"},"content":{"rendered":"<p>\u201cAtom teorisinin yeni ve \u00fcretken bi\u00e7imlerinin ke\u015ffi\u201d nedeniyle 1933 y\u0131l\u0131nda Nobel Fizik \u00d6d\u00fcl\u00fc\u2019n\u00fc alan \u0130ngiliz fizik\u00e7i Paul Dirac (1902-1984), teorik fizik\u00e7i standartlar\u0131na g\u00f6re bile son derece acayip bir adamd\u0131. Son derece d\u00fcz mant\u0131kl\u0131 ve i\u00e7ine kapan\u0131k biriydi. Hatta meslekta\u015flar\u0131, konu\u015fma kabiliyeti olan bir insan\u0131n, konu\u015fabilece\u011fi en d\u00fc\u015f\u00fck kelime say\u0131s\u0131 i\u00e7in bir birim icat etmi\u015flerdi: 1 Dirac = Saatte ortalama bir kelime. Sorular\u0131 \u201cEvet\u201d ya \u201cHay\u0131r\u201d diye cevaplard\u0131. Ancak \u201cFark etmez\u201d diyerek kulland\u0131\u011f\u0131 kelime say\u0131s\u0131n\u0131 y\u00fczde y\u00fcz art\u0131rarak etraf\u0131n\u0131 \u015fa\u015f\u0131rtt\u0131\u011f\u0131 da olurdu. Albert Einstein\u2019\u0131n, \u201cDeha ile delilik aras\u0131ndaki ba\u015f d\u00f6nd\u00fcr\u00fcc\u00fc yolda tutturdu\u011fu denge felaket\u201d diye and\u0131\u011f\u0131 Dirac, \u00f6te yandan kafas\u0131 m\u00fcthi\u015f berrak \u00e7al\u0131\u015fan ve kimsenin kendisi hakk\u0131nda ne d\u00fc\u015f\u00fcnd\u00fc\u011f\u00fcne ald\u0131rmayan biriydi. 28 ya\u015f\u0131nda \u0130ngiliz Kraliyet Bilim Cemiyeti\u2019ne se\u00e7ilen kuantum mekani\u011finin kurucusu Dirac\u2019\u0131n ortaya att\u0131\u011f\u0131 ve \u00f6nceleri bilim camias\u0131nda itirazlara neden olan fikirler, sonradan kabul g\u00f6recekti. Saf teoriye duydu\u011fu inan\u00e7tan g\u00fc\u00e7 alarak \u00f6ng\u00f6rd\u00fc\u011f\u00fc antimadde, y\u0131llar sonra deneylerle kan\u0131tland\u0131. Sonradan pozitron ad\u0131 verilen pozitif elektronu, deneylerle ispatlanmadan \u00f6nce matematiksel olarak buldu. \u00d6nceleri kimsenin kabul etmedi\u011fi \u201cdelik teorisi\u201d de yine ileride kabul g\u00f6recekti. Bilimsel yakla\u015f\u0131m\u0131n\u0131n temelini en iyi \u00f6zetleyen, \u201cFizik kanunlar\u0131, matematiksel g\u00fczelli\u011fe sahip olmal\u0131d\u0131r\u201d s\u00f6z\u00fc uyar\u0131nca buldu\u011fu \u201cinsan\u0131n i\u00e7ini ac\u0131tacak kadar g\u00fczel\u201d elektron denklemi, \u00f6l\u00fcm\u00fcnden sonra \u00fcnl\u00fc Westminster Abbey\u2019e Dirac an\u0131s\u0131na dikilen ta\u015fa kaz\u0131nd\u0131: i\u03b3.\u03b4\u03c8=m\u03c8. D\u00fcnyaya sadece yaparak de\u011fil, yapmayarak da fayda sa\u011flam\u0131\u015f biridir Paul Dirac; II. D\u00fcnya Sava\u015f\u0131 s\u0131ras\u0131nda ileri gelen b\u00fct\u00fcn n\u00fckleer fizik\u00e7ileri Manhattan Projesi kapsam\u0131nda bir araya getiren ABD ve \u0130ngiltere\u2019nin \u0131srarlar\u0131na ra\u011fmen atom bombas\u0131 yap\u0131m\u0131na katk\u0131 sunmad\u0131. Kendisi de fizik\u00e7i olan Graham Farmelo\u2019nun, bilimsel terminolojiden taviz vermeden alan d\u0131\u015f\u0131ndakilerin bile takip edebilece\u011fi bi\u00e7imde kaleme ald\u0131\u011f\u0131 elinizdeki biyografi, d\u00fcnyan\u0131n bu en tuhaf fizik\u00e7isinin hayat\u0131ndan hareketle b\u00fct\u00fcn \u201ctuhaf insanlara\u201d, etrafa ald\u0131rmadan do\u011fru bildikleri yolda y\u00fcr\u00fcme cesareti veriyor. <\/p>\n","protected":false},"excerpt":{"rendered":"<p>\u201cAtom teorisinin yeni ve \u00fcretken bi\u00e7imlerinin ke\u015ffi\u201d nedeniyle 1933 y\u0131l\u0131nda Nobel Fizik \u00d6d\u00fcl\u00fc\u2019n\u00fc alan \u0130ngiliz fizik\u00e7i Paul Dirac (1902-1984), teorik fizik\u00e7i standartlar\u0131na g\u00f6re bile son derece<span class=\"excerpt-hellip\"> [\u2026]<\/span><\/p>\n","protected":false},"featured_media":0,"template":"","meta":{"_monsterinsights_skip_tracking":false,"_monsterinsights_sitenote_active":false,"_monsterinsights_sitenote_note":"","_monsterinsights_sitenote_category":0},"product_brand":[],"product_cat":[14009,12291],"product_tag":[],"class_list":{"0":"post-765749","1":"product","2":"type-product","3":"status-publish","5":"product_cat-biyografi-otobiyografi-edebiyat","6":"product_cat-edebiyat","7":"pa_cilt-ciltsiz","8":"pa_tur-kitap","9":"pa_yayinevi-is-bankasi-kultur-yayinlari","10":"pa_yazar-graham-farmelo","12":"first","13":"instock","14":"sale","15":"shipping-taxable","16":"purchasable","17":"product-type-simple"},"_links":{"self":[{"href":"https:\/\/roveyayinevi.com.tr\/index.php\/wp-json\/wp\/v2\/product\/765749","targetHints":{"allow":["GET"]}}],"collection":[{"href":"https:\/\/roveyayinevi.com.tr\/index.php\/wp-json\/wp\/v2\/product"}],"about":[{"href":"https:\/\/roveyayinevi.com.tr\/index.php\/wp-json\/wp\/v2\/types\/product"}],"wp:attachment":[{"href":"https:\/\/roveyayinevi.com.tr\/index.php\/wp-json\/wp\/v2\/media?parent=765749"}],"wp:term":[{"taxonomy":"product_brand","embeddable":true,"href":"https:\/\/roveyayinevi.com.tr\/index.php\/wp-json\/wp\/v2\/product_brand?post=765749"},{"taxonomy":"product_cat","embeddable":true,"href":"https:\/\/roveyayinevi.com.tr\/index.php\/wp-json\/wp\/v2\/product_cat?post=765749"},{"taxonomy":"product_tag","embeddable":true,"href":"https:\/\/roveyayinevi.com.tr\/index.php\/wp-json\/wp\/v2\/product_tag?post=765749"}],"curies":[{"name":"wp","href":"https:\/\/api.w.org\/{rel}","templated":true}]}}