{"id":765748,"date":"2025-08-28T11:50:27","date_gmt":"2025-08-28T08:50:27","guid":{"rendered":"https:\/\/roveyayinevi.com.tr\/index.php\/urun\/bilgi\/"},"modified":"2026-04-15T03:31:34","modified_gmt":"2026-04-15T00:31:34","slug":"bilgi","status":"publish","type":"product","link":"https:\/\/roveyayinevi.com.tr\/index.php\/urun\/bilgi\/","title":{"rendered":"Bilgi"},"content":{"rendered":"<p>Bilgi nedir? Bir \u015feyin do\u011fru oldu\u011funu d\u00fc\u015f\u00fcnmek ile ger\u00e7ekten do\u011fru oldu\u011funu bilmek aras\u0131ndaki fark nedir? Bilgi ve hakikat ili\u015fkisi nas\u0131l bir ili\u015fkidir? G\u00f6rme ve i\u015fitme gibi duyular\u0131m\u0131z\u0131n sa\u011flad\u0131\u011f\u0131 bilgi soyut ak\u0131l y\u00fcr\u00fctmenin sa\u011flad\u0131\u011f\u0131 bilgi gibi midir? \u0130ddia etti\u011fimiz \u015feyi biliyor say\u0131lmak i\u00e7in iddiam\u0131z\u0131 gerek\u00e7elendirebilmemiz gerekir mi? Bu ve benzeri kadim sorular \u00e7er\u00e7evesinde bilgi felsefesindeki temel sorunlar\u0131 ve paradokslar\u0131 ele alan Jennifer Nagel \u00e7a\u011fda\u015f filozoflar\u0131n mant\u0131k, dilbilim ve psikolojiden de yararlanarak a\u00e7t\u0131klar\u0131 yeni yollar\u0131 da tart\u0131\u015f\u0131yor.<\/p>\n","protected":false},"excerpt":{"rendered":"<p>Bilgi nedir? Bir \u015feyin do\u011fru oldu\u011funu d\u00fc\u015f\u00fcnmek ile ger\u00e7ekten do\u011fru oldu\u011funu bilmek aras\u0131ndaki fark nedir? Bilgi ve hakikat ili\u015fkisi nas\u0131l bir ili\u015fkidir? G\u00f6rme ve i\u015fitme gibi<span class=\"excerpt-hellip\"> [\u2026]<\/span><\/p>\n","protected":false},"featured_media":0,"template":"","meta":{"_monsterinsights_skip_tracking":false,"_monsterinsights_sitenote_active":false,"_monsterinsights_sitenote_note":"","_monsterinsights_sitenote_category":0},"product_brand":[],"product_cat":[12365,12364],"product_tag":[],"class_list":{"0":"post-765748","1":"product","2":"type-product","3":"status-publish","5":"product_cat-diger-genel-konular","6":"product_cat-genel-konular","7":"pa_cilt-ciltsiz","8":"pa_tur-kitap","9":"pa_yayinevi-is-bankasi-kultur-yayinlari","10":"pa_yazar-jennifer-nagel","12":"first","13":"instock","14":"sale","15":"shipping-taxable","16":"purchasable","17":"product-type-simple"},"_links":{"self":[{"href":"https:\/\/roveyayinevi.com.tr\/index.php\/wp-json\/wp\/v2\/product\/765748","targetHints":{"allow":["GET"]}}],"collection":[{"href":"https:\/\/roveyayinevi.com.tr\/index.php\/wp-json\/wp\/v2\/product"}],"about":[{"href":"https:\/\/roveyayinevi.com.tr\/index.php\/wp-json\/wp\/v2\/types\/product"}],"wp:attachment":[{"href":"https:\/\/roveyayinevi.com.tr\/index.php\/wp-json\/wp\/v2\/media?parent=765748"}],"wp:term":[{"taxonomy":"product_brand","embeddable":true,"href":"https:\/\/roveyayinevi.com.tr\/index.php\/wp-json\/wp\/v2\/product_brand?post=765748"},{"taxonomy":"product_cat","embeddable":true,"href":"https:\/\/roveyayinevi.com.tr\/index.php\/wp-json\/wp\/v2\/product_cat?post=765748"},{"taxonomy":"product_tag","embeddable":true,"href":"https:\/\/roveyayinevi.com.tr\/index.php\/wp-json\/wp\/v2\/product_tag?post=765748"}],"curies":[{"name":"wp","href":"https:\/\/api.w.org\/{rel}","templated":true}]}}