{"id":765747,"date":"2025-08-28T11:50:25","date_gmt":"2025-08-28T08:50:25","guid":{"rendered":"https:\/\/roveyayinevi.com.tr\/index.php\/urun\/beethoven-muzigin-donum-noktasi\/"},"modified":"2026-04-11T14:34:50","modified_gmt":"2026-04-11T11:34:50","slug":"beethoven-muzigin-donum-noktasi","status":"publish","type":"product","link":"https:\/\/roveyayinevi.com.tr\/index.php\/urun\/beethoven-muzigin-donum-noktasi\/","title":{"rendered":"Beethoven &#8211; M\u00fczi\u011fin D\u00f6n\u00fcm Noktas\u0131"},"content":{"rendered":"<p>O bir sanat\u00e7\u0131yd\u0131 ve sahip oldu\u011fu her \u015feye sanat\u0131yla ula\u015ft\u0131. Hayat\u0131n dikenleri onu yaralad\u0131\u011f\u0131 halde, nas\u0131l batan bir gemiden k\u0131y\u0131ya s\u0131\u011f\u0131n\u0131rsa insan, o da sanat\u0131n ola\u011fan\u00fcst\u00fc kollar\u0131na s\u0131\u011f\u0131nd\u0131. Ac\u0131n\u0131n merhemini, do\u011fruluk ve g\u00fczellik emsali sanatta buldu. Sanata s\u0131ms\u0131k\u0131 tutunmaya devam etti ve kap\u0131lar \u00fczerine kapand\u0131\u011f\u0131nda, ilham aradan s\u0131zarak onunla konu\u015ftu.Daha \u00f6nce yay\u0131mlad\u0131\u011f\u0131m\u0131z Mozart ve Chopin biyografileri b\u00fcy\u00fck ilgi g\u00f6ren Ayd\u0131n B\u00fcke, yine ola\u011fan\u00fcst\u00fc bir \u00e7al\u0131\u015fmayla okur kar\u015f\u0131s\u0131nda. Beethoven, M\u00fczi\u011fin D\u00f6n\u00fcm Noktas\u0131, \u00fcnl\u00fc besteciyi bir romanc\u0131 titizli\u011fiyle anlat\u0131yor. Kitapta yaln\u0131zca Beethoven\u2019\u0131n de\u011fil, ailesinin, d\u00f6nemin \u00fcnl\u00fc siyaset adamlar\u0131n\u0131n, prenseslerinin portreleri de ustal\u0131kla \u00e7iziliyor. D\u00fcnyay\u0131 yerinden oynatm\u0131\u015f, m\u00fczi\u011fin ak\u0131\u015f\u0131n\u0131 de\u011fi\u015ftirmi\u015f d\u00e2hinin ya\u015fam\u0131n\u0131, Ayd\u0131n B\u00fcke\u2019nin k\u0131l\u0131 k\u0131rk yaran kaleminden okuyacaks\u0131n\u0131z.<\/p>\n","protected":false},"excerpt":{"rendered":"<p>O bir sanat\u00e7\u0131yd\u0131 ve sahip oldu\u011fu her \u015feye sanat\u0131yla ula\u015ft\u0131. Hayat\u0131n dikenleri onu yaralad\u0131\u011f\u0131 halde, nas\u0131l batan bir gemiden k\u0131y\u0131ya s\u0131\u011f\u0131n\u0131rsa insan, o da sanat\u0131n ola\u011fan\u00fcst\u00fc<span class=\"excerpt-hellip\"> [\u2026]<\/span><\/p>\n","protected":false},"featured_media":0,"template":"","meta":{"_monsterinsights_skip_tracking":false,"_monsterinsights_sitenote_active":false,"_monsterinsights_sitenote_note":"","_monsterinsights_sitenote_category":0},"product_brand":[],"product_cat":[14009,12291],"product_tag":[],"class_list":{"0":"post-765747","1":"product","2":"type-product","3":"status-publish","5":"product_cat-biyografi-otobiyografi-edebiyat","6":"product_cat-edebiyat","7":"pa_cilt-ciltsiz","8":"pa_tur-kitap","9":"pa_yayinevi-mundi","10":"pa_yazar-aydin-buke","12":"first","13":"instock","14":"sale","15":"shipping-taxable","16":"purchasable","17":"product-type-simple"},"_links":{"self":[{"href":"https:\/\/roveyayinevi.com.tr\/index.php\/wp-json\/wp\/v2\/product\/765747","targetHints":{"allow":["GET"]}}],"collection":[{"href":"https:\/\/roveyayinevi.com.tr\/index.php\/wp-json\/wp\/v2\/product"}],"about":[{"href":"https:\/\/roveyayinevi.com.tr\/index.php\/wp-json\/wp\/v2\/types\/product"}],"wp:attachment":[{"href":"https:\/\/roveyayinevi.com.tr\/index.php\/wp-json\/wp\/v2\/media?parent=765747"}],"wp:term":[{"taxonomy":"product_brand","embeddable":true,"href":"https:\/\/roveyayinevi.com.tr\/index.php\/wp-json\/wp\/v2\/product_brand?post=765747"},{"taxonomy":"product_cat","embeddable":true,"href":"https:\/\/roveyayinevi.com.tr\/index.php\/wp-json\/wp\/v2\/product_cat?post=765747"},{"taxonomy":"product_tag","embeddable":true,"href":"https:\/\/roveyayinevi.com.tr\/index.php\/wp-json\/wp\/v2\/product_tag?post=765747"}],"curies":[{"name":"wp","href":"https:\/\/api.w.org\/{rel}","templated":true}]}}