{"id":765746,"date":"2025-08-28T11:50:23","date_gmt":"2025-08-28T08:50:23","guid":{"rendered":"https:\/\/roveyayinevi.com.tr\/index.php\/urun\/555-eglenceli-cikartma-kediler-ve-kopekler\/"},"modified":"2026-04-15T03:31:34","modified_gmt":"2026-04-15T00:31:34","slug":"555-eglenceli-cikartma-kediler-ve-kopekler","status":"publish","type":"product","link":"https:\/\/roveyayinevi.com.tr\/index.php\/urun\/555-eglenceli-cikartma-kediler-ve-kopekler\/","title":{"rendered":"555 E\u011flenceli \u00c7\u0131kartma &#8211; Kediler Ve K\u00f6pekler"},"content":{"rendered":"<p>S\u00fcper Siyamlardan kucaktan inmeyen Ragdoll kedilerine, sevgi dolu Labradorlardan sosis k\u00f6peklerine bir s\u00fcr\u00fc \u00e7\u0131kartma!555 E\u011flenceli \u00c7\u0131kartma \/ Kediler ve K\u00f6pekler kitab\u0131nda bir arada!Her sayfay\u0131 birbirinden renkli ve farkl\u0131 \u00e7\u0131kartmalarla s\u00fcsleyerek e\u011flenceli saatler ge\u00e7irebilirsiniz! <\/p>\n","protected":false},"excerpt":{"rendered":"<p>S\u00fcper Siyamlardan kucaktan inmeyen Ragdoll kedilerine, sevgi dolu Labradorlardan sosis k\u00f6peklerine bir s\u00fcr\u00fc \u00e7\u0131kartma!555 E\u011flenceli \u00c7\u0131kartma \/ Kediler ve K\u00f6pekler kitab\u0131nda bir arada!Her sayfay\u0131 birbirinden renkli<span class=\"excerpt-hellip\"> [\u2026]<\/span><\/p>\n","protected":false},"featured_media":0,"template":"","meta":{"_monsterinsights_skip_tracking":false,"_monsterinsights_sitenote_active":false,"_monsterinsights_sitenote_note":"","_monsterinsights_sitenote_category":0},"product_brand":[],"product_cat":[12274,12284],"product_tag":[],"class_list":{"0":"post-765746","1":"product","2":"type-product","3":"status-publish","5":"product_cat-cocuk-ve-genclik-kitaplari","6":"product_cat-hikayeler","7":"pa_cilt-ciltsiz","8":"pa_tur-kitap","9":"pa_yayinevi-altin-kitaplar","10":"pa_yazar-kolektif","12":"first","13":"instock","14":"sale","15":"shipping-taxable","16":"purchasable","17":"product-type-simple"},"_links":{"self":[{"href":"https:\/\/roveyayinevi.com.tr\/index.php\/wp-json\/wp\/v2\/product\/765746","targetHints":{"allow":["GET"]}}],"collection":[{"href":"https:\/\/roveyayinevi.com.tr\/index.php\/wp-json\/wp\/v2\/product"}],"about":[{"href":"https:\/\/roveyayinevi.com.tr\/index.php\/wp-json\/wp\/v2\/types\/product"}],"wp:attachment":[{"href":"https:\/\/roveyayinevi.com.tr\/index.php\/wp-json\/wp\/v2\/media?parent=765746"}],"wp:term":[{"taxonomy":"product_brand","embeddable":true,"href":"https:\/\/roveyayinevi.com.tr\/index.php\/wp-json\/wp\/v2\/product_brand?post=765746"},{"taxonomy":"product_cat","embeddable":true,"href":"https:\/\/roveyayinevi.com.tr\/index.php\/wp-json\/wp\/v2\/product_cat?post=765746"},{"taxonomy":"product_tag","embeddable":true,"href":"https:\/\/roveyayinevi.com.tr\/index.php\/wp-json\/wp\/v2\/product_tag?post=765746"}],"curies":[{"name":"wp","href":"https:\/\/api.w.org\/{rel}","templated":true}]}}