{"id":765745,"date":"2025-08-28T11:50:21","date_gmt":"2025-08-28T08:50:21","guid":{"rendered":"https:\/\/roveyayinevi.com.tr\/index.php\/urun\/555-eglenceli-cikartma-futbol\/"},"modified":"2026-04-15T03:31:34","modified_gmt":"2026-04-15T00:31:34","slug":"555-eglenceli-cikartma-futbol","status":"publish","type":"product","link":"https:\/\/roveyayinevi.com.tr\/index.php\/urun\/555-eglenceli-cikartma-futbol\/","title":{"rendered":"555 E\u011flenceli \u00c7\u0131kartma-  Futbol"},"content":{"rendered":"<p>\u0130Ik eleme ma\u00e7lar\u0131, turnuva seyahatleri, ma\u00e7 \u00f6ncesi haz\u0131rl\u0131klar ve heyecan verici b\u00fcy\u00fck final!555 E\u011flenceli \u00c7\u0131kartma \/ Futbol kitab\u0131nda bir arada!Her sayfay\u0131 birbirinden renkli ve farkl\u0131 \u00e7\u0131kartmalarla s\u00fcsleyerek e\u011flenceli saatler ge\u00e7irebilirsiniz! <\/p>\n","protected":false},"excerpt":{"rendered":"<p>\u0130Ik eleme ma\u00e7lar\u0131, turnuva seyahatleri, ma\u00e7 \u00f6ncesi haz\u0131rl\u0131klar ve heyecan verici b\u00fcy\u00fck final!555 E\u011flenceli \u00c7\u0131kartma \/ Futbol kitab\u0131nda bir arada!Her sayfay\u0131 birbirinden renkli ve farkl\u0131 \u00e7\u0131kartmalarla<span class=\"excerpt-hellip\"> [\u2026]<\/span><\/p>\n","protected":false},"featured_media":0,"template":"","meta":{"_monsterinsights_skip_tracking":false,"_monsterinsights_sitenote_active":false,"_monsterinsights_sitenote_note":"","_monsterinsights_sitenote_category":0},"product_brand":[],"product_cat":[12274,12284],"product_tag":[],"class_list":{"0":"post-765745","1":"product","2":"type-product","3":"status-publish","5":"product_cat-cocuk-ve-genclik-kitaplari","6":"product_cat-hikayeler","7":"pa_cilt-ciltsiz","8":"pa_tur-kitap","9":"pa_yayinevi-altin-kitaplar","10":"pa_yazar-kolektif","12":"first","13":"instock","14":"sale","15":"shipping-taxable","16":"purchasable","17":"product-type-simple"},"_links":{"self":[{"href":"https:\/\/roveyayinevi.com.tr\/index.php\/wp-json\/wp\/v2\/product\/765745","targetHints":{"allow":["GET"]}}],"collection":[{"href":"https:\/\/roveyayinevi.com.tr\/index.php\/wp-json\/wp\/v2\/product"}],"about":[{"href":"https:\/\/roveyayinevi.com.tr\/index.php\/wp-json\/wp\/v2\/types\/product"}],"wp:attachment":[{"href":"https:\/\/roveyayinevi.com.tr\/index.php\/wp-json\/wp\/v2\/media?parent=765745"}],"wp:term":[{"taxonomy":"product_brand","embeddable":true,"href":"https:\/\/roveyayinevi.com.tr\/index.php\/wp-json\/wp\/v2\/product_brand?post=765745"},{"taxonomy":"product_cat","embeddable":true,"href":"https:\/\/roveyayinevi.com.tr\/index.php\/wp-json\/wp\/v2\/product_cat?post=765745"},{"taxonomy":"product_tag","embeddable":true,"href":"https:\/\/roveyayinevi.com.tr\/index.php\/wp-json\/wp\/v2\/product_tag?post=765745"}],"curies":[{"name":"wp","href":"https:\/\/api.w.org\/{rel}","templated":true}]}}