{"id":765744,"date":"2025-08-28T11:50:19","date_gmt":"2025-08-28T08:50:19","guid":{"rendered":"https:\/\/roveyayinevi.com.tr\/index.php\/urun\/mucit\/"},"modified":"2026-04-15T03:31:34","modified_gmt":"2026-04-15T00:31:34","slug":"mucit","status":"publish","type":"product","link":"https:\/\/roveyayinevi.com.tr\/index.php\/urun\/mucit\/","title":{"rendered":"Mucit"},"content":{"rendered":"<p>19. y\u00fczy\u0131l\u0131n ba\u015flar\u0131nda, Avrupa\u2019da kimse g\u00fcne\u015fle ilgilenmez, \u015fehirler ayd\u0131nlat\u0131lmak, yataklar \u0131s\u0131t\u0131lmak, kazanlar kaynat\u0131lmak i\u00e7in topra\u011f\u0131n ba\u011fr\u0131ndan \u00e7\u0131kar\u0131lan y\u00fczlerce ton k\u00f6m\u00fcre bel ba\u011flarken hayat\u0131 boyunca g\u00f6lgelerde ya\u015fam\u0131\u015f bir adam, Augustin Mouchot ad\u0131nda bir mucit, y\u00fcz\u00fcn\u00fc g\u00fcne\u015fe d\u00f6nd\u00fc\u2026 1825 y\u0131l\u0131nda bir kilit ustas\u0131n\u0131n o\u011flu olarak d\u00fcnyaya gelen Mouchot, hayat\u0131n\u0131n ilk \u00fc\u00e7 y\u0131l\u0131n\u0131 yatakta ge\u00e7irdi. Hastal\u0131klar hayat\u0131 boyunca bedenini zapt etti\u011finden, ona kalan tek sermaye zihni ve hayal g\u00fcc\u00fcyd\u00fc. Y\u0131llar sonra, matematik \u00f6\u011fretmeni olarak atand\u0131\u011f\u0131 Alen\u00e7on\u2019daki yeni evinde buldu\u011fu g\u00fcne\u015f \u0131s\u0131s\u0131 \u00fczerine yaz\u0131lm\u0131\u015f kitap \u00f6mr\u00fcn\u00fc adayaca\u011f\u0131 fikrin ilk k\u0131v\u0131lc\u0131m\u0131 olacakt\u0131: G\u00fcne\u015f \u0131s\u0131s\u0131ndan faydalanmak, onu enerjiye d\u00f6n\u00fc\u015ft\u00fcrmek, bunu ba\u015faran bir makine icat etmek m\u00fcmk\u00fcn m\u00fcyd\u00fc? Miras ile tan\u0131\u015ft\u0131\u011f\u0131m\u0131z Miguel Bonnefoy bu kez tarih kitaplar\u0131nda hak etti\u011fi yeri alamam\u0131\u015f bir d\u00e2hinin macera dolu ya\u015fam\u00f6yk\u00fcs\u00fcne odaklan\u0131yor. Sanayi Devrimi\u2019nden Paris Kom\u00fcn\u00fc\u2019ne, zaman\u0131n son bulu\u015flar\u0131n\u0131n sergilendi\u011fi Paris Evrensel Sergisi\u2019nden Eiffel Kulesi\u2019nin y\u00fckseli\u015fine dek 19. y\u00fczy\u0131l Fransa\u2019s\u0131n\u0131n d\u00f6n\u00fcm noktalar\u0131na yer veren, titiz bir ara\u015ft\u0131rman\u0131n \u00fcr\u00fcn\u00fc bu roman\u0131nda Bonnefoy, yaln\u0131zl\u0131\u011f\u0131na ve hastal\u0131klar\u0131na ra\u011fmen ideali u\u011fruna \u00e7\u0131kt\u0131\u011f\u0131 yolda yorulmaz bir tutkuyla y\u00fcr\u00fcm\u00fc\u015f Augustin Mouchot\u2019ya k\u0131vrak kalemi ve sevilen \u00fcslubuyla yeniden hayat veriyor. <\/p>\n","protected":false},"excerpt":{"rendered":"<p>19. y\u00fczy\u0131l\u0131n ba\u015flar\u0131nda, Avrupa\u2019da kimse g\u00fcne\u015fle ilgilenmez, \u015fehirler ayd\u0131nlat\u0131lmak, yataklar \u0131s\u0131t\u0131lmak, kazanlar kaynat\u0131lmak i\u00e7in topra\u011f\u0131n ba\u011fr\u0131ndan \u00e7\u0131kar\u0131lan y\u00fczlerce ton k\u00f6m\u00fcre bel ba\u011flarken hayat\u0131 boyunca g\u00f6lgelerde ya\u015fam\u0131\u015f<span class=\"excerpt-hellip\"> [\u2026]<\/span><\/p>\n","protected":false},"featured_media":0,"template":"","meta":{"_monsterinsights_skip_tracking":false,"_monsterinsights_sitenote_active":false,"_monsterinsights_sitenote_note":"","_monsterinsights_sitenote_category":0},"product_brand":[],"product_cat":[12291,13376],"product_tag":[],"class_list":{"0":"post-765744","1":"product","2":"type-product","3":"status-publish","5":"product_cat-edebiyat","6":"product_cat-fransiz-edebiyati","7":"pa_cilt-ciltsiz","8":"pa_tur-kitap","9":"pa_yayinevi-is-bankasi-kultur-yayinlari","10":"pa_yazar-miguel-bonnefoy","12":"first","13":"instock","14":"sale","15":"shipping-taxable","16":"purchasable","17":"product-type-simple"},"_links":{"self":[{"href":"https:\/\/roveyayinevi.com.tr\/index.php\/wp-json\/wp\/v2\/product\/765744","targetHints":{"allow":["GET"]}}],"collection":[{"href":"https:\/\/roveyayinevi.com.tr\/index.php\/wp-json\/wp\/v2\/product"}],"about":[{"href":"https:\/\/roveyayinevi.com.tr\/index.php\/wp-json\/wp\/v2\/types\/product"}],"wp:attachment":[{"href":"https:\/\/roveyayinevi.com.tr\/index.php\/wp-json\/wp\/v2\/media?parent=765744"}],"wp:term":[{"taxonomy":"product_brand","embeddable":true,"href":"https:\/\/roveyayinevi.com.tr\/index.php\/wp-json\/wp\/v2\/product_brand?post=765744"},{"taxonomy":"product_cat","embeddable":true,"href":"https:\/\/roveyayinevi.com.tr\/index.php\/wp-json\/wp\/v2\/product_cat?post=765744"},{"taxonomy":"product_tag","embeddable":true,"href":"https:\/\/roveyayinevi.com.tr\/index.php\/wp-json\/wp\/v2\/product_tag?post=765744"}],"curies":[{"name":"wp","href":"https:\/\/api.w.org\/{rel}","templated":true}]}}