{"id":765740,"date":"2025-08-28T11:50:11","date_gmt":"2025-08-28T08:50:11","guid":{"rendered":"https:\/\/roveyayinevi.com.tr\/index.php\/urun\/noktasiz-virgulsuz\/"},"modified":"2026-04-15T03:31:34","modified_gmt":"2026-04-15T00:31:34","slug":"noktasiz-virgulsuz","status":"publish","type":"product","link":"https:\/\/roveyayinevi.com.tr\/index.php\/urun\/noktasiz-virgulsuz\/","title":{"rendered":"Noktas\u0131z Virg\u00fcls\u00fcz"},"content":{"rendered":"<p>SERDAR BEZD\u00dcZAnkara\u2019da do\u011fdum ve \u00f6\u011frenimimi Ankara&#8217;da tamamlad\u0131m.\u015eiirlerimin yan\u0131s\u0131ra beste ve g\u00fcfte \u00e7al\u0131\u015fmalar\u0131m var. \u015eiirlerim, bestelerim, \u015fark\u0131lar\u0131m, t\u00fcrk\u00fclerim ve sanata dair her \u015fey. \u0130\u015fte benim ya\u015fam \u00f6yk\u00fcm.Serbest ve hece vezniyle yazd\u0131\u011f\u0131m ilk \u015fiir kitab\u0131m\u0131 siz de\u011ferli okurlarla payla\u015fmaktan b\u00fcy\u00fck mutluluk duyuyorum.<\/p>\n","protected":false},"excerpt":{"rendered":"<p>SERDAR BEZD\u00dcZAnkara\u2019da do\u011fdum ve \u00f6\u011frenimimi Ankara&#8217;da tamamlad\u0131m.\u015eiirlerimin yan\u0131s\u0131ra beste ve g\u00fcfte \u00e7al\u0131\u015fmalar\u0131m var. \u015eiirlerim, bestelerim, \u015fark\u0131lar\u0131m, t\u00fcrk\u00fclerim ve sanata dair her \u015fey. \u0130\u015fte benim ya\u015fam \u00f6yk\u00fcm.Serbest<span class=\"excerpt-hellip\"> [\u2026]<\/span><\/p>\n","protected":false},"featured_media":0,"template":"","meta":{"_monsterinsights_skip_tracking":false,"_monsterinsights_sitenote_active":false,"_monsterinsights_sitenote_note":"","_monsterinsights_sitenote_category":0},"product_brand":[],"product_cat":[12291,12509],"product_tag":[],"class_list":{"0":"post-765740","1":"product","2":"type-product","3":"status-publish","5":"product_cat-edebiyat","6":"product_cat-siir","7":"pa_cilt-ciltsiz","8":"pa_tur-kitap","9":"pa_yayinevi-gulnar-yayinlari","10":"pa_yazar-serdar-bezduz","12":"first","13":"instock","14":"sale","15":"shipping-taxable","16":"purchasable","17":"product-type-simple"},"_links":{"self":[{"href":"https:\/\/roveyayinevi.com.tr\/index.php\/wp-json\/wp\/v2\/product\/765740","targetHints":{"allow":["GET"]}}],"collection":[{"href":"https:\/\/roveyayinevi.com.tr\/index.php\/wp-json\/wp\/v2\/product"}],"about":[{"href":"https:\/\/roveyayinevi.com.tr\/index.php\/wp-json\/wp\/v2\/types\/product"}],"wp:attachment":[{"href":"https:\/\/roveyayinevi.com.tr\/index.php\/wp-json\/wp\/v2\/media?parent=765740"}],"wp:term":[{"taxonomy":"product_brand","embeddable":true,"href":"https:\/\/roveyayinevi.com.tr\/index.php\/wp-json\/wp\/v2\/product_brand?post=765740"},{"taxonomy":"product_cat","embeddable":true,"href":"https:\/\/roveyayinevi.com.tr\/index.php\/wp-json\/wp\/v2\/product_cat?post=765740"},{"taxonomy":"product_tag","embeddable":true,"href":"https:\/\/roveyayinevi.com.tr\/index.php\/wp-json\/wp\/v2\/product_tag?post=765740"}],"curies":[{"name":"wp","href":"https:\/\/api.w.org\/{rel}","templated":true}]}}