{"id":765739,"date":"2025-08-28T11:50:09","date_gmt":"2025-08-28T08:50:09","guid":{"rendered":"https:\/\/roveyayinevi.com.tr\/index.php\/urun\/bilim-insani-gibi-dusun\/"},"modified":"2026-04-15T03:31:34","modified_gmt":"2026-04-15T00:31:34","slug":"bilim-insani-gibi-dusun","status":"publish","type":"product","link":"https:\/\/roveyayinevi.com.tr\/index.php\/urun\/bilim-insani-gibi-dusun\/","title":{"rendered":"Bilim \u0130nsan\u0131 Gibi D\u00fc\u015f\u00fcn!"},"content":{"rendered":"<p>Bilim her yerde! Temel bilim okuryazarl\u0131\u011f\u0131 becerileriyle \u00e7evrendeki bilime \u0131\u015f\u0131k tutmak i\u00e7in bize kat\u0131l. Bilimsel y\u00f6ntemi anlamak, sorunlar\u0131 \u00e7\u00f6zmek ve ortaya \u00e7\u0131kard\u0131\u011f\u0131n bilimsel ger\u00e7ekleri payla\u015fmak i\u00e7in bilim insan\u0131 gibi SORULAR SOR, OKU ve ANLA! <\/p>\n","protected":false},"excerpt":{"rendered":"<p>Bilim her yerde! Temel bilim okuryazarl\u0131\u011f\u0131 becerileriyle \u00e7evrendeki bilime \u0131\u015f\u0131k tutmak i\u00e7in bize kat\u0131l. Bilimsel y\u00f6ntemi anlamak, sorunlar\u0131 \u00e7\u00f6zmek ve ortaya \u00e7\u0131kard\u0131\u011f\u0131n bilimsel ger\u00e7ekleri payla\u015fmak i\u00e7in<span class=\"excerpt-hellip\"> [\u2026]<\/span><\/p>\n","protected":false},"featured_media":0,"template":"","meta":{"_monsterinsights_skip_tracking":false,"_monsterinsights_sitenote_active":false,"_monsterinsights_sitenote_note":"","_monsterinsights_sitenote_category":0},"product_brand":[],"product_cat":[12274,15842],"product_tag":[],"class_list":{"0":"post-765739","1":"product","2":"type-product","3":"status-publish","5":"product_cat-cocuk-ve-genclik-kitaplari","6":"product_cat-egitici-kitaplar","7":"pa_cilt-ciltsiz","8":"pa_tur-kitap","9":"pa_yayinevi-is-bankasi-kultur-yayinlari","10":"pa_yazar-susan-martineau","12":"first","13":"instock","14":"sale","15":"shipping-taxable","16":"purchasable","17":"product-type-simple"},"_links":{"self":[{"href":"https:\/\/roveyayinevi.com.tr\/index.php\/wp-json\/wp\/v2\/product\/765739","targetHints":{"allow":["GET"]}}],"collection":[{"href":"https:\/\/roveyayinevi.com.tr\/index.php\/wp-json\/wp\/v2\/product"}],"about":[{"href":"https:\/\/roveyayinevi.com.tr\/index.php\/wp-json\/wp\/v2\/types\/product"}],"wp:attachment":[{"href":"https:\/\/roveyayinevi.com.tr\/index.php\/wp-json\/wp\/v2\/media?parent=765739"}],"wp:term":[{"taxonomy":"product_brand","embeddable":true,"href":"https:\/\/roveyayinevi.com.tr\/index.php\/wp-json\/wp\/v2\/product_brand?post=765739"},{"taxonomy":"product_cat","embeddable":true,"href":"https:\/\/roveyayinevi.com.tr\/index.php\/wp-json\/wp\/v2\/product_cat?post=765739"},{"taxonomy":"product_tag","embeddable":true,"href":"https:\/\/roveyayinevi.com.tr\/index.php\/wp-json\/wp\/v2\/product_tag?post=765739"}],"curies":[{"name":"wp","href":"https:\/\/api.w.org\/{rel}","templated":true}]}}