{"id":765738,"date":"2025-08-28T11:50:07","date_gmt":"2025-08-28T08:50:07","guid":{"rendered":"https:\/\/roveyayinevi.com.tr\/index.php\/urun\/icimdeki-kalabalik\/"},"modified":"2026-04-15T03:31:34","modified_gmt":"2026-04-15T00:31:34","slug":"icimdeki-kalabalik","status":"publish","type":"product","link":"https:\/\/roveyayinevi.com.tr\/index.php\/urun\/icimdeki-kalabalik\/","title":{"rendered":"\u0130\u00e7imdeki Kalabal\u0131k"},"content":{"rendered":"<p>\u0130\u00e7imdeki Kalabal\u0131k, Osman ise Yal\u0131n\u0131z, Duygular\u0131m dile geldi kocaman deniz, \u00d6zden Gelen S\u00f6zlerimle bir, sizinleyiz \u015eiirsiz hayat \u00e7ok ama \u00e7ok samimiyetsiz. \u015eiir ile kal\u0131n..<\/p>\n","protected":false},"excerpt":{"rendered":"<p>\u0130\u00e7imdeki Kalabal\u0131k, Osman ise Yal\u0131n\u0131z, Duygular\u0131m dile geldi kocaman deniz, \u00d6zden Gelen S\u00f6zlerimle bir, sizinleyiz \u015eiirsiz hayat \u00e7ok ama \u00e7ok samimiyetsiz. \u015eiir ile kal\u0131n..<\/p>\n","protected":false},"featured_media":0,"template":"","meta":{"_monsterinsights_skip_tracking":false,"_monsterinsights_sitenote_active":false,"_monsterinsights_sitenote_note":"","_monsterinsights_sitenote_category":0},"product_brand":[],"product_cat":[12291,12509],"product_tag":[],"class_list":{"0":"post-765738","1":"product","2":"type-product","3":"status-publish","5":"product_cat-edebiyat","6":"product_cat-siir","7":"pa_cilt-ciltsiz","8":"pa_tur-kitap","9":"pa_yayinevi-kitap-saati-yayinevi","10":"pa_yazar-osman-yaliniz","12":"first","13":"instock","14":"sale","15":"shipping-taxable","16":"purchasable","17":"product-type-simple"},"_links":{"self":[{"href":"https:\/\/roveyayinevi.com.tr\/index.php\/wp-json\/wp\/v2\/product\/765738","targetHints":{"allow":["GET"]}}],"collection":[{"href":"https:\/\/roveyayinevi.com.tr\/index.php\/wp-json\/wp\/v2\/product"}],"about":[{"href":"https:\/\/roveyayinevi.com.tr\/index.php\/wp-json\/wp\/v2\/types\/product"}],"wp:attachment":[{"href":"https:\/\/roveyayinevi.com.tr\/index.php\/wp-json\/wp\/v2\/media?parent=765738"}],"wp:term":[{"taxonomy":"product_brand","embeddable":true,"href":"https:\/\/roveyayinevi.com.tr\/index.php\/wp-json\/wp\/v2\/product_brand?post=765738"},{"taxonomy":"product_cat","embeddable":true,"href":"https:\/\/roveyayinevi.com.tr\/index.php\/wp-json\/wp\/v2\/product_cat?post=765738"},{"taxonomy":"product_tag","embeddable":true,"href":"https:\/\/roveyayinevi.com.tr\/index.php\/wp-json\/wp\/v2\/product_tag?post=765738"}],"curies":[{"name":"wp","href":"https:\/\/api.w.org\/{rel}","templated":true}]}}