{"id":765729,"date":"2025-08-28T11:49:52","date_gmt":"2025-08-28T08:49:52","guid":{"rendered":"https:\/\/roveyayinevi.com.tr\/index.php\/urun\/hukuk-kavrami-ve-hukukun-gecerliligi\/"},"modified":"2026-04-15T03:31:34","modified_gmt":"2026-04-15T00:31:34","slug":"hukuk-kavrami-ve-hukukun-gecerliligi","status":"publish","type":"product","link":"https:\/\/roveyayinevi.com.tr\/index.php\/urun\/hukuk-kavrami-ve-hukukun-gecerliligi\/","title":{"rendered":"Hukuk Kavram\u0131 ve Hukukun Ge\u00e7erlili\u011fi"},"content":{"rendered":"<p>Robert Alexy \u00e7a\u011fda\u015f hukuk kuram\u0131n\u0131n ve hukuk felsefesinin ya\u015fayan en \u00f6nemli isimlerinden biridir. Bu kitap 13 dile \u00e7evrilmi\u015f, bu alanlar\u0131n art\u0131k klasikle\u015fmi\u015f eserleri aras\u0131nda yer almaktad\u0131r. Bu kitab\u0131n merkezinde hukuk ve ahlak aras\u0131ndaki ili\u015fki bulunmaktad\u0131r. Hukuki pozitivizm bu ikisinin ayr\u0131lmas\u0131 gerekti\u011fini iddia eder.  Hukuki pozitivizme g\u00f6re hem hukuk kavram\u0131 ve hem de hukukun ge\u00e7erlili\u011fi ahlak d\u0131\u015f\u0131nda tan\u0131mlanmal\u0131d\u0131r.  Robert Alexy bu tezin yanl\u0131\u015f oldu\u011funu g\u00f6stermeye \u00e7al\u0131\u015fmaktad\u0131r. \u0130lk olarak hukuk ve ahlak aras\u0131nda zorunlu kavramsal bir ba\u011f bulunmaktad\u0131r, ikinci olarak, hukuk kavram\u0131n\u0131 ve hukukun ge\u00e7erlili\u011fi kavram\u0131n\u0131, ahlaki unsurlar\u0131 i\u00e7erecek \u015fekilde tan\u0131mlaman\u0131n lehinde normatif nedenler vard\u0131r. Bu nedenlerle hukuki pozitivizm hukukun kapsay\u0131c\u0131 bir tezi olarak ba\u015far\u0131s\u0131zl\u0131\u011fa u\u011framaktad\u0131r. Bu tezler kitaba eklenen \u201cHukukun \u0130kili Do\u011fas\u0131\u201d makalesiyle pratik akl\u0131n kurumsalla\u015ft\u0131r\u0131lmas\u0131n\u0131n bir sistemi olarak geli\u015ftirilmi\u015ftir. Bu sistem demokratik anayasa devletinin temel unsurlar\u0131n\u0131  i\u00e7ermektedir.<\/p>\n","protected":false},"excerpt":{"rendered":"<p>Robert Alexy \u00e7a\u011fda\u015f hukuk kuram\u0131n\u0131n ve hukuk felsefesinin ya\u015fayan en \u00f6nemli isimlerinden biridir. Bu kitap 13 dile \u00e7evrilmi\u015f, bu alanlar\u0131n art\u0131k klasikle\u015fmi\u015f eserleri aras\u0131nda yer almaktad\u0131r.<span class=\"excerpt-hellip\"> [\u2026]<\/span><\/p>\n","protected":false},"featured_media":0,"template":"","meta":{"_monsterinsights_skip_tracking":false,"_monsterinsights_sitenote_active":false,"_monsterinsights_sitenote_note":"","_monsterinsights_sitenote_category":0},"product_brand":[],"product_cat":[15350,17602],"product_tag":[],"class_list":{"0":"post-765729","1":"product","2":"type-product","3":"status-publish","5":"product_cat-hukuk","6":"product_cat-hukuk-uzerine","7":"pa_cilt-ciltsiz","8":"pa_tur-kitap","9":"pa_yayinevi-fol-kitap","10":"pa_yazar-robert-alexy","12":"first","13":"instock","14":"sale","15":"shipping-taxable","16":"purchasable","17":"product-type-simple"},"_links":{"self":[{"href":"https:\/\/roveyayinevi.com.tr\/index.php\/wp-json\/wp\/v2\/product\/765729","targetHints":{"allow":["GET"]}}],"collection":[{"href":"https:\/\/roveyayinevi.com.tr\/index.php\/wp-json\/wp\/v2\/product"}],"about":[{"href":"https:\/\/roveyayinevi.com.tr\/index.php\/wp-json\/wp\/v2\/types\/product"}],"wp:attachment":[{"href":"https:\/\/roveyayinevi.com.tr\/index.php\/wp-json\/wp\/v2\/media?parent=765729"}],"wp:term":[{"taxonomy":"product_brand","embeddable":true,"href":"https:\/\/roveyayinevi.com.tr\/index.php\/wp-json\/wp\/v2\/product_brand?post=765729"},{"taxonomy":"product_cat","embeddable":true,"href":"https:\/\/roveyayinevi.com.tr\/index.php\/wp-json\/wp\/v2\/product_cat?post=765729"},{"taxonomy":"product_tag","embeddable":true,"href":"https:\/\/roveyayinevi.com.tr\/index.php\/wp-json\/wp\/v2\/product_tag?post=765729"}],"curies":[{"name":"wp","href":"https:\/\/api.w.org\/{rel}","templated":true}]}}