{"id":765728,"date":"2025-08-28T11:49:51","date_gmt":"2025-08-28T08:49:51","guid":{"rendered":"https:\/\/roveyayinevi.com.tr\/index.php\/urun\/neden-olmasin-3\/"},"modified":"2026-04-13T03:27:08","modified_gmt":"2026-04-13T00:27:08","slug":"neden-olmasin-3","status":"publish","type":"product","link":"https:\/\/roveyayinevi.com.tr\/index.php\/urun\/neden-olmasin-3\/","title":{"rendered":"Neden Olmas\u0131n"},"content":{"rendered":"<p>A\u015fka a\u015f\u0131k bir kalem ile \u00f6nce \u015fiirlerle g\u00f6n\u00fclden g\u00f6n\u00fcle k\u00f6pr\u00fcler kurmaya \u00e7al\u0131\u015f\u0131rken, bug\u00fcne kadar iki \u015fiir kitab\u0131 Bir Delinin G\u00f6n\u00fcl Kaleminden ve Emanetim, sonras\u0131nda d\u00fczenlemesi kendisine ait Kanatlanan Kalemler \u015fiir antoloji kitaplar\u0131 yay\u0131nland\u0131. \u015eimd farkl\u0131 bir kulvarda yolu NEDEN OLMASIN&#8217;la kesi\u015fen yazar\u0131m\u0131z kalemi ile sevgi tohumlar\u0131 ekmeye devam ediyor. Herkesin kendinden bir par\u00e7a bulaca\u011f\u0131 bu kitapta sevgi dili en anla\u015f\u0131l\u0131r lisan olsa gerek\u2026 Neden Olmas\u0131n. <\/p>\n","protected":false},"excerpt":{"rendered":"<p>A\u015fka a\u015f\u0131k bir kalem ile \u00f6nce \u015fiirlerle g\u00f6n\u00fclden g\u00f6n\u00fcle k\u00f6pr\u00fcler kurmaya \u00e7al\u0131\u015f\u0131rken, bug\u00fcne kadar iki \u015fiir kitab\u0131 Bir Delinin G\u00f6n\u00fcl Kaleminden ve Emanetim, sonras\u0131nda d\u00fczenlemesi kendisine<span class=\"excerpt-hellip\"> [\u2026]<\/span><\/p>\n","protected":false},"featured_media":0,"template":"","meta":{"_monsterinsights_skip_tracking":false,"_monsterinsights_sitenote_active":false,"_monsterinsights_sitenote_note":"","_monsterinsights_sitenote_category":0},"product_brand":[],"product_cat":[12364,12376],"product_tag":[],"class_list":{"0":"post-765728","1":"product","2":"type-product","3":"status-publish","5":"product_cat-genel-konular","6":"product_cat-kisisel-gelisim","7":"pa_cilt-ciltsiz","8":"pa_tur-kitap","9":"pa_yayinevi-kitap-muptelasi-yayinlari","10":"pa_yazar-ilknur-topaloglu","12":"first","13":"instock","14":"sale","15":"shipping-taxable","16":"purchasable","17":"product-type-simple"},"_links":{"self":[{"href":"https:\/\/roveyayinevi.com.tr\/index.php\/wp-json\/wp\/v2\/product\/765728","targetHints":{"allow":["GET"]}}],"collection":[{"href":"https:\/\/roveyayinevi.com.tr\/index.php\/wp-json\/wp\/v2\/product"}],"about":[{"href":"https:\/\/roveyayinevi.com.tr\/index.php\/wp-json\/wp\/v2\/types\/product"}],"wp:attachment":[{"href":"https:\/\/roveyayinevi.com.tr\/index.php\/wp-json\/wp\/v2\/media?parent=765728"}],"wp:term":[{"taxonomy":"product_brand","embeddable":true,"href":"https:\/\/roveyayinevi.com.tr\/index.php\/wp-json\/wp\/v2\/product_brand?post=765728"},{"taxonomy":"product_cat","embeddable":true,"href":"https:\/\/roveyayinevi.com.tr\/index.php\/wp-json\/wp\/v2\/product_cat?post=765728"},{"taxonomy":"product_tag","embeddable":true,"href":"https:\/\/roveyayinevi.com.tr\/index.php\/wp-json\/wp\/v2\/product_tag?post=765728"}],"curies":[{"name":"wp","href":"https:\/\/api.w.org\/{rel}","templated":true}]}}