{"id":765727,"date":"2025-08-28T11:49:49","date_gmt":"2025-08-28T08:49:49","guid":{"rendered":"https:\/\/roveyayinevi.com.tr\/index.php\/urun\/cinayet-koy\/"},"modified":"2026-04-15T03:31:34","modified_gmt":"2026-04-15T00:31:34","slug":"cinayet-koy","status":"publish","type":"product","link":"https:\/\/roveyayinevi.com.tr\/index.php\/urun\/cinayet-koy\/","title":{"rendered":"Cinayet K\u00f6y"},"content":{"rendered":"<p>Gece yar\u0131s\u0131 mezbelelikte bir ceset&#8230; Cesedin ba\u015fucunda y\u0131llard\u0131r konu\u015fmayan suskun bir \u00e7ocuk&#8230; Ge\u00e7mi\u015fin sis bulutunun ard\u0131nda bir yang\u0131n ve k\u00fcle d\u00f6nm\u00fc\u015f bedenler&#8230; Karanl\u0131k s\u0131rlar saklayan gizemli bir k\u00f6y&#8230;  Mafyan\u0131n, uyu\u015fturucu baronlar\u0131n\u0131n, \u00fcf\u00fcr\u00fck\u00e7\u00fc hocalar\u0131n kar\u0131\u015ft\u0131\u011f\u0131 olay \u00f6rg\u00fcs\u00fcnde, cinayeti ve \u00e7ocu\u011fun s\u0131r dolu ge\u00e7mi\u015fini ara\u015ft\u0131ran azimli bir gazeteci&#8230; Kan donduran s\u0131rlar birer birer ortaya d\u00f6k\u00fcl\u00fcrken, katilin yeni hedefi kim olacak? <\/p>\n","protected":false},"excerpt":{"rendered":"<p>Gece yar\u0131s\u0131 mezbelelikte bir ceset&#8230; Cesedin ba\u015fucunda y\u0131llard\u0131r konu\u015fmayan suskun bir \u00e7ocuk&#8230; Ge\u00e7mi\u015fin sis bulutunun ard\u0131nda bir yang\u0131n ve k\u00fcle d\u00f6nm\u00fc\u015f bedenler&#8230; Karanl\u0131k s\u0131rlar saklayan gizemli<span class=\"excerpt-hellip\"> [\u2026]<\/span><\/p>\n","protected":false},"featured_media":0,"template":"","meta":{"_monsterinsights_skip_tracking":false,"_monsterinsights_sitenote_active":false,"_monsterinsights_sitenote_note":"","_monsterinsights_sitenote_category":0},"product_brand":[],"product_cat":[12291,15445],"product_tag":[],"class_list":{"0":"post-765727","1":"product","2":"type-product","3":"status-publish","5":"product_cat-edebiyat","6":"product_cat-polisiye","7":"pa_cilt-ciltsiz","8":"pa_tur-kitap","9":"pa_yayinevi-kitap-muptelasi-yayinlari","10":"pa_yazar-halis-koc","12":"first","13":"instock","14":"sale","15":"shipping-taxable","16":"purchasable","17":"product-type-simple"},"_links":{"self":[{"href":"https:\/\/roveyayinevi.com.tr\/index.php\/wp-json\/wp\/v2\/product\/765727","targetHints":{"allow":["GET"]}}],"collection":[{"href":"https:\/\/roveyayinevi.com.tr\/index.php\/wp-json\/wp\/v2\/product"}],"about":[{"href":"https:\/\/roveyayinevi.com.tr\/index.php\/wp-json\/wp\/v2\/types\/product"}],"wp:attachment":[{"href":"https:\/\/roveyayinevi.com.tr\/index.php\/wp-json\/wp\/v2\/media?parent=765727"}],"wp:term":[{"taxonomy":"product_brand","embeddable":true,"href":"https:\/\/roveyayinevi.com.tr\/index.php\/wp-json\/wp\/v2\/product_brand?post=765727"},{"taxonomy":"product_cat","embeddable":true,"href":"https:\/\/roveyayinevi.com.tr\/index.php\/wp-json\/wp\/v2\/product_cat?post=765727"},{"taxonomy":"product_tag","embeddable":true,"href":"https:\/\/roveyayinevi.com.tr\/index.php\/wp-json\/wp\/v2\/product_tag?post=765727"}],"curies":[{"name":"wp","href":"https:\/\/api.w.org\/{rel}","templated":true}]}}