{"id":765724,"date":"2025-08-28T11:49:43","date_gmt":"2025-08-28T08:49:43","guid":{"rendered":"https:\/\/roveyayinevi.com.tr\/index.php\/urun\/bana-bak-bana-bak\/"},"modified":"2026-04-15T03:31:34","modified_gmt":"2026-04-15T00:31:34","slug":"bana-bak-bana-bak","status":"publish","type":"product","link":"https:\/\/roveyayinevi.com.tr\/index.php\/urun\/bana-bak-bana-bak\/","title":{"rendered":"Bana Bak! Bana Bak!"},"content":{"rendered":"<p>Bukalemun Buki bir a\u011fa\u00e7ta ya\u015fard\u0131, gizlenmekte \u00e7ok iyiydi. Kahverengi bir dal\u0131n \u00fcst\u00fcnde kahverengiye, ye\u015fil bir yapra\u011f\u0131n \u00fcst\u00fcnde ise ye\u015file d\u00f6nerdi. Fakat kimsenin onu fark etmemesi Buki\u2019nin can\u0131n\u0131 s\u0131kmaya ba\u015flad\u0131. Ortama uyum sa\u011flamadan, istedi\u011fi \u015feyi yapsa ne olurdu acaba? <\/p>\n","protected":false},"excerpt":{"rendered":"<p>Bukalemun Buki bir a\u011fa\u00e7ta ya\u015fard\u0131, gizlenmekte \u00e7ok iyiydi. Kahverengi bir dal\u0131n \u00fcst\u00fcnde kahverengiye, ye\u015fil bir yapra\u011f\u0131n \u00fcst\u00fcnde ise ye\u015file d\u00f6nerdi. Fakat kimsenin onu fark etmemesi Buki\u2019nin<span class=\"excerpt-hellip\"> [\u2026]<\/span><\/p>\n","protected":false},"featured_media":0,"template":"","meta":{"_monsterinsights_skip_tracking":false,"_monsterinsights_sitenote_active":false,"_monsterinsights_sitenote_note":"","_monsterinsights_sitenote_category":0},"product_brand":[],"product_cat":[12274,12518],"product_tag":[],"class_list":{"0":"post-765724","1":"product","2":"type-product","3":"status-publish","5":"product_cat-cocuk-ve-genclik-kitaplari","6":"product_cat-okul-oncesi-kitaplar","7":"pa_cilt-ciltsiz","8":"pa_tur-kitap","9":"pa_yayinevi-is-bankasi-kultur-yayinlari","10":"pa_yazar-rose-williamson","12":"first","13":"instock","14":"sale","15":"shipping-taxable","16":"purchasable","17":"product-type-simple"},"_links":{"self":[{"href":"https:\/\/roveyayinevi.com.tr\/index.php\/wp-json\/wp\/v2\/product\/765724","targetHints":{"allow":["GET"]}}],"collection":[{"href":"https:\/\/roveyayinevi.com.tr\/index.php\/wp-json\/wp\/v2\/product"}],"about":[{"href":"https:\/\/roveyayinevi.com.tr\/index.php\/wp-json\/wp\/v2\/types\/product"}],"wp:attachment":[{"href":"https:\/\/roveyayinevi.com.tr\/index.php\/wp-json\/wp\/v2\/media?parent=765724"}],"wp:term":[{"taxonomy":"product_brand","embeddable":true,"href":"https:\/\/roveyayinevi.com.tr\/index.php\/wp-json\/wp\/v2\/product_brand?post=765724"},{"taxonomy":"product_cat","embeddable":true,"href":"https:\/\/roveyayinevi.com.tr\/index.php\/wp-json\/wp\/v2\/product_cat?post=765724"},{"taxonomy":"product_tag","embeddable":true,"href":"https:\/\/roveyayinevi.com.tr\/index.php\/wp-json\/wp\/v2\/product_tag?post=765724"}],"curies":[{"name":"wp","href":"https:\/\/api.w.org\/{rel}","templated":true}]}}