{"id":765723,"date":"2025-08-28T11:49:42","date_gmt":"2025-08-28T08:49:42","guid":{"rendered":"https:\/\/roveyayinevi.com.tr\/index.php\/urun\/insan-toplumlarinda-simgesel-eylem\/"},"modified":"2026-04-15T03:31:34","modified_gmt":"2026-04-15T00:31:34","slug":"insan-toplumlarinda-simgesel-eylem","status":"publish","type":"product","link":"https:\/\/roveyayinevi.com.tr\/index.php\/urun\/insan-toplumlarinda-simgesel-eylem\/","title":{"rendered":"\u0130nsan Toplumlar\u0131nda Simgesel Eylem"},"content":{"rendered":"<p>Toplumsal \u00e7at\u0131\u015fmalar\u0131n, kayna\u015fmalar\u0131n ve d\u00f6n\u00fc\u015f\u00fcmlerin ard\u0131nda hangi g\u00fc\u00e7ler bulunuyor? \u0130nsan toplumlar\u0131n\u0131n krize girdi\u011fi, \u00e7\u00f6z\u00fcld\u00fc\u011f\u00fc ve yeniden \u015fekillendi\u011fi dramatik anlar, toplumlar\u0131n evriminin itici g\u00fcc\u00fc olabilir mi? Victor Turner, simgesel antropolojinin kurucu eserlerinden biri h\u00e2line gelmi\u015f bu kitab\u0131nda, simgesel eylemlerin, rit\u00fcellerin ve metaforlar\u0131n toplumsal ya\u015fam\u0131n merkezinde nas\u0131l durdu\u011funu ke\u015ffe \u00e7\u0131k\u0131yor. Toplumsal \u00e7at\u0131\u015fmalar\u0131n yinelenen kal\u0131plar\u0131n\u0131 ve bunlar\u0131 \u00e7\u00f6zmek i\u00e7in simgesel eylemleri ve \u201calanlar\u0131\u201d nas\u0131l kulland\u0131\u011f\u0131m\u0131z\u0131 inceliyor. Afrika kabilelerinden eski Amerikan uygarl\u0131klar\u0131na; Meksika\u2019n\u0131n ba\u011f\u0131ms\u0131zl\u0131k m\u00fccadelesinden \u0130ngiltere\u2019de bir d\u00f6neme damgas\u0131n\u0131 vurmu\u015f II. Henry ile Becket aras\u0131ndaki emsal \u00e7at\u0131\u015fmaya; Hindistan\u2019daki kast m\u00fccadelelerinden 1960\u2019lar\u0131n kar\u015f\u0131k\u00fclt\u00fcr hareketlerine; paganlarda, H\u0131ristiyanlarda ve \u0130slam\u2019da hac yolculuklar\u0131n\u0131n anlam\u0131na ve \u00f6nemine kadar uzanan bir \u00e7izgide \u00f6rnekler \u00fczerinden, toplumsal dramalar\u0131n kolektif deneyimlerimizi nas\u0131l \u015fekillendirdi\u011fini ortaya koyarak yepyeni bir bak\u0131\u015f a\u00e7\u0131s\u0131 sunuyor. Art\u0131k klasikle\u015fmi\u015f bu eser, insan ya\u015fam\u0131n\u0131 ve toplumlar\u0131n\u0131 \u015fekillendiren, g\u00f6r\u00fcnmez ama son derece g\u00fc\u00e7l\u00fc s\u00fcre\u00e7leri anlamak isteyen herkes i\u00e7in bir k\u0131lavuz g\u00f6revi g\u00f6rmeye devam ediyor.<\/p>\n","protected":false},"excerpt":{"rendered":"<p>Toplumsal \u00e7at\u0131\u015fmalar\u0131n, kayna\u015fmalar\u0131n ve d\u00f6n\u00fc\u015f\u00fcmlerin ard\u0131nda hangi g\u00fc\u00e7ler bulunuyor? \u0130nsan toplumlar\u0131n\u0131n krize girdi\u011fi, \u00e7\u00f6z\u00fcld\u00fc\u011f\u00fc ve yeniden \u015fekillendi\u011fi dramatik anlar, toplumlar\u0131n evriminin itici g\u00fcc\u00fc olabilir mi? Victor<span class=\"excerpt-hellip\"> [\u2026]<\/span><\/p>\n","protected":false},"featured_media":0,"template":"","meta":{"_monsterinsights_skip_tracking":false,"_monsterinsights_sitenote_active":false,"_monsterinsights_sitenote_note":"","_monsterinsights_sitenote_category":0},"product_brand":[],"product_cat":[15499,13488],"product_tag":[],"class_list":{"0":"post-765723","1":"product","2":"type-product","3":"status-publish","5":"product_cat-antropoloji","6":"product_cat-toplum-ve-insan","7":"pa_cilt-ciltsiz","8":"pa_tur-kitap","9":"pa_yayinevi-fol-kitap","10":"pa_yazar-victor-turner","12":"first","13":"instock","14":"sale","15":"shipping-taxable","16":"purchasable","17":"product-type-simple"},"_links":{"self":[{"href":"https:\/\/roveyayinevi.com.tr\/index.php\/wp-json\/wp\/v2\/product\/765723","targetHints":{"allow":["GET"]}}],"collection":[{"href":"https:\/\/roveyayinevi.com.tr\/index.php\/wp-json\/wp\/v2\/product"}],"about":[{"href":"https:\/\/roveyayinevi.com.tr\/index.php\/wp-json\/wp\/v2\/types\/product"}],"wp:attachment":[{"href":"https:\/\/roveyayinevi.com.tr\/index.php\/wp-json\/wp\/v2\/media?parent=765723"}],"wp:term":[{"taxonomy":"product_brand","embeddable":true,"href":"https:\/\/roveyayinevi.com.tr\/index.php\/wp-json\/wp\/v2\/product_brand?post=765723"},{"taxonomy":"product_cat","embeddable":true,"href":"https:\/\/roveyayinevi.com.tr\/index.php\/wp-json\/wp\/v2\/product_cat?post=765723"},{"taxonomy":"product_tag","embeddable":true,"href":"https:\/\/roveyayinevi.com.tr\/index.php\/wp-json\/wp\/v2\/product_tag?post=765723"}],"curies":[{"name":"wp","href":"https:\/\/api.w.org\/{rel}","templated":true}]}}