{"id":765722,"date":"2025-08-28T11:49:40","date_gmt":"2025-08-28T08:49:40","guid":{"rendered":"https:\/\/roveyayinevi.com.tr\/index.php\/urun\/carpma-ve-bolme-alistirma-kitabi\/"},"modified":"2026-04-15T03:31:34","modified_gmt":"2026-04-15T00:31:34","slug":"carpma-ve-bolme-alistirma-kitabi","status":"publish","type":"product","link":"https:\/\/roveyayinevi.com.tr\/index.php\/urun\/carpma-ve-bolme-alistirma-kitabi\/","title":{"rendered":"\u00c7arpma ve B\u00f6lme &#8211; Al\u0131\u015ft\u0131rma Kitab\u0131"},"content":{"rendered":"<p>Bu e\u011flenceli kitap, \u00e7ocu\u011funuzun matematik becerilerinin geli\u015fmesine yard\u0131mc\u0131 olma amac\u0131yla haz\u0131rlanm\u0131\u015ft\u0131r. Kitaptaki al\u0131\u015ft\u0131rmalar, \u00e7ocuklar\u0131n \u00e7arpma ve b\u00f6lme i\u015flemlerini \u00f6\u011frenmelerini ve peki\u015ftirmelerini desteklerken farkl\u0131 problemleri rahatl\u0131kla \u00e7\u00f6zmelerini de sa\u011flayacak. Bu kitap \u00e7arpma ve b\u00f6lme i\u015flem bilgisini geli\u015ftirirken \u00e7ocuklar\u0131 e\u011flendirmeyi ama\u00e7l\u0131yor. <\/p>\n","protected":false},"excerpt":{"rendered":"<p>Bu e\u011flenceli kitap, \u00e7ocu\u011funuzun matematik becerilerinin geli\u015fmesine yard\u0131mc\u0131 olma amac\u0131yla haz\u0131rlanm\u0131\u015ft\u0131r. Kitaptaki al\u0131\u015ft\u0131rmalar, \u00e7ocuklar\u0131n \u00e7arpma ve b\u00f6lme i\u015flemlerini \u00f6\u011frenmelerini ve peki\u015ftirmelerini desteklerken farkl\u0131 problemleri rahatl\u0131kla \u00e7\u00f6zmelerini<span class=\"excerpt-hellip\"> [\u2026]<\/span><\/p>\n","protected":false},"featured_media":0,"template":"","meta":{"_monsterinsights_skip_tracking":false,"_monsterinsights_sitenote_active":false,"_monsterinsights_sitenote_note":"","_monsterinsights_sitenote_category":0},"product_brand":[],"product_cat":[12274,15842],"product_tag":[],"class_list":{"0":"post-765722","1":"product","2":"type-product","3":"status-publish","5":"product_cat-cocuk-ve-genclik-kitaplari","6":"product_cat-egitici-kitaplar","7":"pa_cilt-ciltsiz","8":"pa_tur-kitap","9":"pa_yayinevi-is-bankasi-kultur-yayinlari","10":"pa_yazar-penny-worms","12":"first","13":"instock","14":"sale","15":"shipping-taxable","16":"purchasable","17":"product-type-simple"},"_links":{"self":[{"href":"https:\/\/roveyayinevi.com.tr\/index.php\/wp-json\/wp\/v2\/product\/765722","targetHints":{"allow":["GET"]}}],"collection":[{"href":"https:\/\/roveyayinevi.com.tr\/index.php\/wp-json\/wp\/v2\/product"}],"about":[{"href":"https:\/\/roveyayinevi.com.tr\/index.php\/wp-json\/wp\/v2\/types\/product"}],"wp:attachment":[{"href":"https:\/\/roveyayinevi.com.tr\/index.php\/wp-json\/wp\/v2\/media?parent=765722"}],"wp:term":[{"taxonomy":"product_brand","embeddable":true,"href":"https:\/\/roveyayinevi.com.tr\/index.php\/wp-json\/wp\/v2\/product_brand?post=765722"},{"taxonomy":"product_cat","embeddable":true,"href":"https:\/\/roveyayinevi.com.tr\/index.php\/wp-json\/wp\/v2\/product_cat?post=765722"},{"taxonomy":"product_tag","embeddable":true,"href":"https:\/\/roveyayinevi.com.tr\/index.php\/wp-json\/wp\/v2\/product_tag?post=765722"}],"curies":[{"name":"wp","href":"https:\/\/api.w.org\/{rel}","templated":true}]}}