{"id":765721,"date":"2025-08-28T11:49:37","date_gmt":"2025-08-28T08:49:37","guid":{"rendered":"https:\/\/roveyayinevi.com.tr\/index.php\/urun\/hepimiz-gokyuzu-olmak-istedik-4-efsaneler-ve-lanetler-sc\/"},"modified":"2026-04-15T03:31:34","modified_gmt":"2026-04-15T00:31:34","slug":"hepimiz-gokyuzu-olmak-istedik-4-efsaneler-ve-lanetler-sc","status":"publish","type":"product","link":"https:\/\/roveyayinevi.com.tr\/index.php\/urun\/hepimiz-gokyuzu-olmak-istedik-4-efsaneler-ve-lanetler-sc\/","title":{"rendered":"Hepimiz G\u00f6ky\u00fcz\u00fc Olmak \u0130stedik  4:  Efsaneler Ve Lanetler &#8211; SC"},"content":{"rendered":"<p>Hazinesi ol okyanusun!   Tanr\u0131\u00e7alar, d\u00fcellolar\u0131 hepsinin sonunu getirecek bir oyuna \u00e7evirdi\u011finde, k\u0131l\u0131\u00e7lar\u0131n yan\u0131 s\u0131ra akl\u0131n ve iradenin \u00e7arp\u0131\u015ft\u0131\u011f\u0131 bir \u00f6l\u00fcm dans\u0131 ba\u015flar.   S\u0131n\u0131rlar\u0131n \u00f6tesinden gelenler, lordlar\u0131 ve v\u00e2risleri yerinden etmek i\u00e7in kan d\u00f6kmeye haz\u0131r.   Su Krall\u0131\u011f\u0131 kay\u0131p uygarl\u0131\u011f\u0131 ve taht\u0131n\u0131 geri istiyor. Nova kap\u0131y\u0131 a\u00e7mak istiyorsa zor bir se\u00e7im yapmal\u0131. Ate\u015f Krall\u0131\u011f\u0131 harlan\u0131rken Hava Krall\u0131\u011f\u0131\u2019ndan gelen beklenmedik haber m\u00fccadelenin seyrini de\u011fi\u015ftirir. \u0130syan etmek i\u00e7in an kollayan Toprak Krall\u0131\u011f\u0131 boyun e\u011fmemekte kararl\u0131.   Arenada, sular\u0131n alt\u0131nda, akl\u0131nda ve kalbinde herkesi kurtarmaya \u00e7al\u0131\u015fan Nova, ilk ve son sava\u015f\u0131 i\u00e7in t\u00fcm g\u00fcc\u00fcn\u00fc kullanmak ve kim oldu\u011funu kabul etmek zorunda. <\/p>\n","protected":false},"excerpt":{"rendered":"<p>Hazinesi ol okyanusun! Tanr\u0131\u00e7alar, d\u00fcellolar\u0131 hepsinin sonunu getirecek bir oyuna \u00e7evirdi\u011finde, k\u0131l\u0131\u00e7lar\u0131n yan\u0131 s\u0131ra akl\u0131n ve iradenin \u00e7arp\u0131\u015ft\u0131\u011f\u0131 bir \u00f6l\u00fcm dans\u0131 ba\u015flar. S\u0131n\u0131rlar\u0131n \u00f6tesinden gelenler, lordlar\u0131<span class=\"excerpt-hellip\"> [\u2026]<\/span><\/p>\n","protected":false},"featured_media":0,"template":"","meta":{"_monsterinsights_skip_tracking":false,"_monsterinsights_sitenote_active":false,"_monsterinsights_sitenote_note":"","_monsterinsights_sitenote_category":0},"product_brand":[],"product_cat":[12291,14777],"product_tag":[],"class_list":{"0":"post-765721","1":"product","2":"type-product","3":"status-publish","5":"product_cat-edebiyat","6":"product_cat-fantastik","7":"pa_cilt-ciltsiz","8":"pa_tur-kitap","9":"pa_yayinevi-dex-yayinevi","10":"pa_yazar-n-g-kabal","12":"first","13":"instock","14":"sale","15":"shipping-taxable","16":"purchasable","17":"product-type-simple"},"_links":{"self":[{"href":"https:\/\/roveyayinevi.com.tr\/index.php\/wp-json\/wp\/v2\/product\/765721","targetHints":{"allow":["GET"]}}],"collection":[{"href":"https:\/\/roveyayinevi.com.tr\/index.php\/wp-json\/wp\/v2\/product"}],"about":[{"href":"https:\/\/roveyayinevi.com.tr\/index.php\/wp-json\/wp\/v2\/types\/product"}],"wp:attachment":[{"href":"https:\/\/roveyayinevi.com.tr\/index.php\/wp-json\/wp\/v2\/media?parent=765721"}],"wp:term":[{"taxonomy":"product_brand","embeddable":true,"href":"https:\/\/roveyayinevi.com.tr\/index.php\/wp-json\/wp\/v2\/product_brand?post=765721"},{"taxonomy":"product_cat","embeddable":true,"href":"https:\/\/roveyayinevi.com.tr\/index.php\/wp-json\/wp\/v2\/product_cat?post=765721"},{"taxonomy":"product_tag","embeddable":true,"href":"https:\/\/roveyayinevi.com.tr\/index.php\/wp-json\/wp\/v2\/product_tag?post=765721"}],"curies":[{"name":"wp","href":"https:\/\/api.w.org\/{rel}","templated":true}]}}