{"id":765720,"date":"2025-08-28T11:49:35","date_gmt":"2025-08-28T08:49:35","guid":{"rendered":"https:\/\/roveyayinevi.com.tr\/index.php\/urun\/d-kogusu\/"},"modified":"2025-08-31T20:56:23","modified_gmt":"2025-08-31T17:56:23","slug":"d-kogusu","status":"publish","type":"product","link":"https:\/\/roveyayinevi.com.tr\/index.php\/urun\/d-kogusu\/","title":{"rendered":"D Ko\u011fu\u015fu"},"content":{"rendered":"<p>Tek yapmas\u0131 gereken geceyi atlatmakt\u0131\u2026   T\u0131p \u00f6\u011frencisi Amy, kilitli psikiyatri u\u0308nitesi D Ko\u011fu\u015fu\u2019nda gece n\u00f6beti tutmak zorundayd\u0131. Fakat bu izole ko\u011fu\u015fta ge\u00e7irece\u011fi gecenin, hayat\u0131n\u0131 k\u00e2busa \u00e7evirece\u011finden habersizdi. Henu\u0308z bilmese de unutmak i\u00e7in \u00e7ok mu\u0308cadele etti\u011fi ge\u00e7mi\u015fiyle yu\u0308zle\u015fmek zorunda kalacakt\u0131. Gece ba\u015flad\u0131. Geri say\u0131m da \u00f6yle. Saatler ilerledik\u00e7e Amy, bu s\u0131k\u0131 gu\u0308venlikli kap\u0131larla korunan ko\u011fu\u015fta korkun\u00e7 \u015feyler oldu\u011funu fark edecekti. Hastalar ve personel geride hi\u00e7 iz b\u0131rakmadan s\u0131rra kadem basmaya ba\u015flad\u0131\u011f\u0131ndaysa u\u0308nitedeki herkesin korkun\u00e7 bir tehlike alt\u0131nda oldu\u011funa \u015fu\u0308phesi kalmayacakt\u0131. Ba\u015f\u0131ndan beri geceyi D Ko\u011fu\u015fu\u2019nda ge\u00e7irmek istemeyen Amy, art\u0131k oradan sa\u011f \u00e7\u0131kamayaca\u011f\u0131na emindi. New York Times\u2019\u0131n 1 numaral\u0131 \u00e7oksatan yazar\u0131 Freida McFadden, gece \u0131\u015f\u0131klar\u0131 a\u00e7\u0131k b\u0131rakmak isteyece\u011finiz tu\u0308rde su\u0308ru\u0308kleyici bir kilitli oda gerilimi olan D Ko\u011fu\u015fu\u2019yla okurlar\u0131n\u0131n kar\u015f\u0131s\u0131na \u00e7\u0131k\u0131yor. <\/p>\n","protected":false},"excerpt":{"rendered":"<p>Tek yapmas\u0131 gereken geceyi atlatmakt\u0131\u2026 T\u0131p \u00f6\u011frencisi Amy, kilitli psikiyatri u\u0308nitesi D Ko\u011fu\u015fu\u2019nda gece n\u00f6beti tutmak zorundayd\u0131. Fakat bu izole ko\u011fu\u015fta ge\u00e7irece\u011fi gecenin, hayat\u0131n\u0131 k\u00e2busa \u00e7evirece\u011finden<span class=\"excerpt-hellip\"> [\u2026]<\/span><\/p>\n","protected":false},"featured_media":0,"template":"","meta":{"_monsterinsights_skip_tracking":false,"_monsterinsights_sitenote_active":false,"_monsterinsights_sitenote_note":"","_monsterinsights_sitenote_category":0},"product_brand":[],"product_cat":[12291,17033],"product_tag":[],"class_list":{"0":"post-765720","1":"product","2":"type-product","3":"status-publish","5":"product_cat-edebiyat","6":"product_cat-korku-gerilim","7":"pa_cilt-ciltsiz","8":"pa_tur-kitap","9":"pa_yayinevi-olimpos-yayinlari","10":"pa_yazar-freida-mcfadden","12":"first","13":"instock","14":"sale","15":"shipping-taxable","16":"purchasable","17":"product-type-simple"},"_links":{"self":[{"href":"https:\/\/roveyayinevi.com.tr\/index.php\/wp-json\/wp\/v2\/product\/765720","targetHints":{"allow":["GET"]}}],"collection":[{"href":"https:\/\/roveyayinevi.com.tr\/index.php\/wp-json\/wp\/v2\/product"}],"about":[{"href":"https:\/\/roveyayinevi.com.tr\/index.php\/wp-json\/wp\/v2\/types\/product"}],"wp:attachment":[{"href":"https:\/\/roveyayinevi.com.tr\/index.php\/wp-json\/wp\/v2\/media?parent=765720"}],"wp:term":[{"taxonomy":"product_brand","embeddable":true,"href":"https:\/\/roveyayinevi.com.tr\/index.php\/wp-json\/wp\/v2\/product_brand?post=765720"},{"taxonomy":"product_cat","embeddable":true,"href":"https:\/\/roveyayinevi.com.tr\/index.php\/wp-json\/wp\/v2\/product_cat?post=765720"},{"taxonomy":"product_tag","embeddable":true,"href":"https:\/\/roveyayinevi.com.tr\/index.php\/wp-json\/wp\/v2\/product_tag?post=765720"}],"curies":[{"name":"wp","href":"https:\/\/api.w.org\/{rel}","templated":true}]}}