{"id":765718,"date":"2025-08-28T11:49:30","date_gmt":"2025-08-28T08:49:30","guid":{"rendered":"https:\/\/roveyayinevi.com.tr\/index.php\/urun\/intihar-uzerine-notlar-2\/"},"modified":"2026-04-15T03:31:34","modified_gmt":"2026-04-15T00:31:34","slug":"intihar-uzerine-notlar-2","status":"publish","type":"product","link":"https:\/\/roveyayinevi.com.tr\/index.php\/urun\/intihar-uzerine-notlar-2\/","title":{"rendered":"\u0130ntihar \u00dczerine Notlar"},"content":{"rendered":"<p>Simon Critchley, genellikle \u00fczerine konu\u015fmaktan ka\u00e7\u0131nd\u0131\u011f\u0131m\u0131z, duydu\u011fumuzda bizi derin bir kedere ya da sessiz bir k\u0131namaya sevk eden intihar olgusuna felsefi bir y\u00f6nden bak\u0131yor. Onu hukuki ve ahlaki a\u00e7\u0131dan su\u00e7 olarak de\u011ferlendirmek yerine, \u00f6ncesi ve sonras\u0131yla intihar eyleminin bizzat ne oldu\u011funu anlamland\u0131rmaya \u00e7al\u0131\u015f\u0131rken, kendimizi bo\u015flu\u011fun kuca\u011f\u0131na b\u0131rakabilme potansiyeli ta\u015f\u0131yor olmam\u0131z\u0131n, bizi insan k\u0131lan \u015feylerden biri oldu\u011fu d\u00fc\u015f\u00fcncesinden yola \u00e7\u0131k\u0131yor.Bedenimiz \u00fczerinde tahakk\u00fcm kurma hakk\u0131n\u0131 kendinde g\u00f6ren teolojik dayatman\u0131n alt\u0131nda yatan ger\u00e7ek anlam\u0131 irdeleyerek ve onu g\u00fcnah derekesinden \u00e7\u0131karan ancak tedavi edilmeye mecbur bir hastal\u0131\u011fa indirgeyen psikiyatriyle de aras\u0131na mesafe koyarak, \u00f6zg\u00fcr bir edim olarak d\u00fc\u015f\u00fcnmeye m\u00fcsaade eden bir alan a\u00e7maya giri\u015fiyor.\u0130ntihar\u0131 g\u00fczellemek ya da yermek yerine b\u00fct\u00fcn y\u00f6nleriyle sorgulamay\u0131 kam\u00e7\u0131layan, ya\u015fanmaya de\u011fer hayatlara selam duran bir tart\u0131\u015fma.&#8221;\u0130ntihar\u0131n y\u00fcz\u00fcne g\u00f6z\u00fcm\u00fcz\u00fc dikip uzun uzad\u0131ya bakmak zorunday\u0131z; onu \u00f6l\u00e7\u00fcp bi\u00e7ip etrafl\u0131ca d\u00fc\u015f\u00fcnmek zorunday\u0131z; niteliklerinin, hasletlerinin, kal\u0131t\u0131msal karakter \u00f6zelliklerinin, marifet ve kurnazl\u0131klar\u0131n\u0131n neler oldu\u011funu yoklamal\u0131, y\u00fcz\u00fcnde olu\u015fan k\u0131r\u0131\u015f\u0131kl\u0131klar\u0131 tek tek incelemeliyiz. Belki de yak\u0131ndan bakt\u0131\u011f\u0131m\u0131zda g\u00f6rd\u00fc\u011f\u00fcm\u00fcz \u015fey, bize d\u00f6n\u00fcp ters ters bakan kendi \u00e7arp\u0131k yans\u0131mam\u0131zd\u0131r.&#8221;<\/p>\n","protected":false},"excerpt":{"rendered":"<p>Simon Critchley, genellikle \u00fczerine konu\u015fmaktan ka\u00e7\u0131nd\u0131\u011f\u0131m\u0131z, duydu\u011fumuzda bizi derin bir kedere ya da sessiz bir k\u0131namaya sevk eden intihar olgusuna felsefi bir y\u00f6nden bak\u0131yor. Onu hukuki<span class=\"excerpt-hellip\"> [\u2026]<\/span><\/p>\n","protected":false},"featured_media":0,"template":"","meta":{"_monsterinsights_skip_tracking":false,"_monsterinsights_sitenote_active":false,"_monsterinsights_sitenote_note":"","_monsterinsights_sitenote_category":0},"product_brand":[],"product_cat":[13072,12291],"product_tag":[],"class_list":{"0":"post-765718","1":"product","2":"type-product","3":"status-publish","5":"product_cat-arastirma-inceleme-referans","6":"product_cat-edebiyat","7":"pa_cilt-ciltsiz","8":"pa_tur-kitap","9":"pa_yayinevi-sel-yayincilik","10":"pa_yazar-simon-critchley","12":"first","13":"instock","14":"sale","15":"shipping-taxable","16":"purchasable","17":"product-type-simple"},"_links":{"self":[{"href":"https:\/\/roveyayinevi.com.tr\/index.php\/wp-json\/wp\/v2\/product\/765718","targetHints":{"allow":["GET"]}}],"collection":[{"href":"https:\/\/roveyayinevi.com.tr\/index.php\/wp-json\/wp\/v2\/product"}],"about":[{"href":"https:\/\/roveyayinevi.com.tr\/index.php\/wp-json\/wp\/v2\/types\/product"}],"wp:attachment":[{"href":"https:\/\/roveyayinevi.com.tr\/index.php\/wp-json\/wp\/v2\/media?parent=765718"}],"wp:term":[{"taxonomy":"product_brand","embeddable":true,"href":"https:\/\/roveyayinevi.com.tr\/index.php\/wp-json\/wp\/v2\/product_brand?post=765718"},{"taxonomy":"product_cat","embeddable":true,"href":"https:\/\/roveyayinevi.com.tr\/index.php\/wp-json\/wp\/v2\/product_cat?post=765718"},{"taxonomy":"product_tag","embeddable":true,"href":"https:\/\/roveyayinevi.com.tr\/index.php\/wp-json\/wp\/v2\/product_tag?post=765718"}],"curies":[{"name":"wp","href":"https:\/\/api.w.org\/{rel}","templated":true}]}}